{"id":551,"date":"2022-08-31T10:15:05","date_gmt":"2022-08-31T10:15:05","guid":{"rendered":"http:\/\/51.68.177.34\/?page_id=551"},"modified":"2023-07-21T14:23:47","modified_gmt":"2023-07-21T14:23:47","slug":"sekretari-i-pergjithshem","status":"publish","type":"page","link":"http:\/\/51.68.177.34\/jashtme\/sekretari-i-pergjithshem\/","title":{"rendered":"Sekretari i P\u00ebrgjithsh\u00ebm"},"content":{"rendered":"<h3>Gazmend Turdiu &#8211; Sekretar i P\u00ebrgjithsh\u00ebm<\/h3>\n<p data-wahfont=\"13\"><strong>Z. Gazmend Turdiu <\/strong>ka marr\u00eb detyr\u00ebn e Sekretarit t\u00eb P\u00ebrgjithsh\u00ebm n\u00eb Ministrin\u00eb p\u00ebr Evrop\u00ebn dhe Pun\u00ebt e Jashtme n\u00eb dat\u00ebn 22 korrik 2022.<\/p>\n<p data-wahfont=\"13\">Zoti Turdiu \u00ebsht\u00eb pranuar n\u00eb Sh\u00ebrbimin e Jasht\u00ebm t\u00eb Republik\u00ebs s\u00eb Shqip\u00ebris\u00eb n\u00eb qershor 1992 dhe q\u00eb nga ajo periudh\u00eb ka sh\u00ebrbyer n\u00eb detyra t\u00eb r\u00ebnd\u00ebsishme brenda dhe jasht\u00eb vendit.<br \/>\nN\u00eb Ministrin\u00eb e Pun\u00ebve t\u00eb Jashtme n\u00eb Tiran\u00eb zoti Turdiu ka sh\u00ebrbyer si Drejtor i Drejtoris\u00eb s\u00eb Bashk\u00ebpunimit Euroatlantik (1998-2000), Drejtor i Drejtoris\u00eb s\u00eb Evrop\u00ebs (2003), Drejtor i P\u00ebrgjithsh\u00ebm i \u00c7\u00ebshtjeve Juridike dhe Konsullore (2008-2009), Sekretar i P\u00ebrgjithsh\u00ebm i Ministris\u00eb s\u00eb Pun\u00ebve t\u00eb Jashtme (2009-2013).<\/p>\n<p data-wahfont=\"13\">N\u00eb periudh\u00ebn qershor 2001 deri shtator 2002 zoti Turdiu ka sh\u00ebrbyer si Drejtor i P\u00ebrgjithsh\u00ebm p\u00ebr Koordinimin e Ndihm\u00ebs s\u00eb Huaj n\u00eb Ministrin\u00eb e Bashk\u00ebpunimit Ekonomik dhe Tregtis\u00eb.<br \/>\nJasht\u00eb vendit zoti Turdiu ka sh\u00ebrbyer si ambasador i Republik\u00ebs s\u00eb Shqip\u00ebris\u00eb n\u00eb Bern\u00eb, Zvic\u00ebr (1992-1997), si dhe Ambasador i Republik\u00ebs s\u00eb Shqip\u00ebris\u00eb n\u00eb Berlin, Republika Federale e<br \/>\nGjermanis\u00eb (2003-2008).<\/p>\n<p data-wahfont=\"13\">Gjat\u00eb karrier\u00ebs s\u00eb tij zoti Turdiu ka qen\u00eb an\u00ebtar i Bordit t\u00eb Guvernator\u00ebve t\u00eb Agjencis\u00eb Nd\u00ebrkomb\u00ebtare t\u00eb Energjis\u00eb Atomike (IAEA) (2009), President i Mbledhjes s\u00eb 10-t\u00eb t\u00eb Shteteve<br \/>\nPal\u00eb t\u00eb Konvent\u00ebs s\u00eb Otava (2010-2011) dhe an\u00ebtar i K\u00ebshillit t\u00eb Fondacionit t\u00eb Qendr\u00ebs s\u00eb Gjenev\u00ebs p\u00ebr \u00c7minim Humanitar (GICHD) (2010 deri 2013).<\/p>\n<p data-wahfont=\"13\">N\u00eb periudh\u00ebn shtator 2013 deri gusht 2019 zoti Turdiu ka sh\u00ebrbyer si Z\u00ebvend\u00ebs Sekretar i P\u00ebrgjithsh\u00ebm i K\u00ebshillit t\u00eb Bashk\u00ebpunimit Rajonal (RCC) n\u00eb Sarajev\u00eb.<\/p>\n<p data-wahfont=\"13\">Pas kthimit nga detyra si Z\u00ebvend\u00ebs Sekretar i P\u00ebrgjithsh\u00ebm n\u00eb RCC, Gazmend Turdiu ka punuar si drejtor i Drejtoris\u00eb Rajonale dhe Vendeve Fqinje (janar 2020 \u2013 mars 2021), nd\u00ebrsa nga marsi<br \/>\n2021 deri korrik 2022 ka punuar si drejtor i Drejtoris\u00eb s\u00eb K\u00ebshillit t\u00eb Sigurimit n\u00eb MEPJ.<\/p>\n<p data-wahfont=\"13\">Zoti Turdiu ka lindur n\u00eb 6 prill 1959. \u00cbsht\u00eb njoh\u00ebs i gjuh\u00ebve angleze dhe italiane dhe \u00ebsht\u00eb diplomuar Inxhinier Nd\u00ebrtimi n\u00eb Universitetin e Tiran\u00ebs n\u00eb vitin 1990.<\/p>\n<p data-wahfont=\"13\"><strong>Zoti Turdiu<\/strong> \u00ebsht\u00eb i martuar dhe ka dy f\u00ebmij\u00eb.<\/p>\n","protected":false},"excerpt":{"rendered":"<p>Gazmend Turdiu &#8211; Sekretar i P\u00ebrgjithsh\u00ebm Z. Gazmend Turdiu ka marr\u00eb detyr\u00ebn e Sekretarit t\u00eb P\u00ebrgjithsh\u00ebm n\u00eb Ministrin\u00eb p\u00ebr Evrop\u00ebn dhe Pun\u00ebt e Jashtme n\u00eb dat\u00ebn 22 korrik 2022. Zoti Turdiu \u00ebsht\u00eb pranuar n\u00eb Sh\u00ebrbimin e Jasht\u00ebm t\u00eb Republik\u00ebs s\u00eb Shqip\u00ebris\u00eb n\u00eb qershor 1992 dhe q\u00eb nga ajo periudh\u00eb ka sh\u00ebrbyer n\u00eb detyra t\u00eb r\u00ebnd\u00ebsishme [&hellip;]<\/p>\n","protected":false},"author":1,"featured_media":4040,"parent":0,"menu_order":0,"comment_status":"closed","ping_status":"closed","template":"","meta":{"_acf_changed":false,"footnotes":""},"class_list":["post-551","page","type-page","status-publish","has-post-thumbnail","hentry"],"translation":{"provider":"WPGlobus","version":"2.12.2","language":"al","enabled_languages":["al","en"],"languages":{"al":{"title":true,"content":true,"excerpt":false},"en":{"title":true,"content":true,"excerpt":false}}},"acf":[],"_links":{"self":[{"href":"http:\/\/51.68.177.34\/jashtme\/wp-json\/wp\/v2\/pages\/551"}],"collection":[{"href":"http:\/\/51.68.177.34\/jashtme\/wp-json\/wp\/v2\/pages"}],"about":[{"href":"http:\/\/51.68.177.34\/jashtme\/wp-json\/wp\/v2\/types\/page"}],"author":[{"embeddable":true,"href":"http:\/\/51.68.177.34\/jashtme\/wp-json\/wp\/v2\/users\/1"}],"replies":[{"embeddable":true,"href":"http:\/\/51.68.177.34\/jashtme\/wp-json\/wp\/v2\/comments?post=551"}],"version-history":[{"count":14,"href":"http:\/\/51.68.177.34\/jashtme\/wp-json\/wp\/v2\/pages\/551\/revisions"}],"predecessor-version":[{"id":4041,"href":"http:\/\/51.68.177.34\/jashtme\/wp-json\/wp\/v2\/pages\/551\/revisions\/4041"}],"wp:featuredmedia":[{"embeddable":true,"href":"http:\/\/51.68.177.34\/jashtme\/wp-json\/wp\/v2\/media\/4040"}],"wp:attachment":[{"href":"http:\/\/51.68.177.34\/jashtme\/wp-json\/wp\/v2\/media?parent=551"}],"curies":[{"name":"wp","href":"https:\/\/api.w.org\/{rel}","templated":true}]}}