{"id":4490,"date":"2023-08-11T12:39:41","date_gmt":"2023-08-11T12:39:41","guid":{"rendered":"http:\/\/51.68.177.34\/jashtme\/?page_id=4490"},"modified":"2024-08-05T15:22:12","modified_gmt":"2024-08-05T13:22:12","slug":"konsultim-publik","status":"publish","type":"page","link":"http:\/\/51.68.177.34\/jashtme\/konsultim-publik\/","title":{"rendered":"Konsultim Publik"},"content":{"rendered":"<p><a href=\"http:\/\/51.68.177.34\/jashtme\/wp-content\/uploads\/2023\/08\/vendim-2015-10-07-828.pdf\" target=\"_blank\" rel=\"noopener\">VENDIM Nr. 828, dat\u00eb 7.10.2015 P\u00cbR MIRATIMIN E RREGULLAVE T\u00cb KRIJIMIT DHE ADMINISTRIMIT T\u00cb REGJISTRIT ELEKTRONIK P\u00cbR NJOFTIMET DHE KONSULTIMET PUBLIKE<\/a><\/p>\n<p><a href=\"http:\/\/51.68.177.34\/jashtme\/wp-content\/uploads\/2023\/08\/PER-MIRATIMIN-E-RREGULLORES-SE-KESHILLIT-TE-MINISTRAVE.pdf\" target=\"_blank\" rel=\"noopener\">VENDIM Nr.584, dat\u00eb 28.8.2003 P\u00cbR MIRATIMIN E RREGULLORES S\u00cb K\u00cbSHILLIT T\u00cb MINISTRAVE<\/a><\/p>\n<p><a href=\"http:\/\/51.68.177.34\/jashtme\/wp-content\/uploads\/2023\/08\/Ligji-Per-Njoftimin-dhe-Konsultimin-Publik.pdf\" target=\"_blank\" rel=\"noopener\">Ligji P\u00ebr Njoftimin dhe Konsultimin Publik<\/a><\/p>\n","protected":false},"excerpt":{"rendered":"<p>VENDIM Nr. 828, dat\u00eb 7.10.2015 P\u00cbR MIRATIMIN E RREGULLAVE T\u00cb KRIJIMIT DHE ADMINISTRIMIT T\u00cb REGJISTRIT ELEKTRONIK P\u00cbR NJOFTIMET DHE KONSULTIMET PUBLIKE VENDIM Nr.584, dat\u00eb 28.8.2003 P\u00cbR MIRATIMIN E RREGULLORES S\u00cb K\u00cbSHILLIT T\u00cb MINISTRAVE Ligji P\u00ebr Njoftimin dhe Konsultimin Publik<\/p>\n","protected":false},"author":1,"featured_media":0,"parent":0,"menu_order":0,"comment_status":"closed","ping_status":"closed","template":"Template_konsultimi.php","meta":{"_acf_changed":false,"footnotes":""},"class_list":["post-4490","page","type-page","status-publish","hentry"],"translation":{"provider":"WPGlobus","version":"2.12.2","language":"al","enabled_languages":["al","en"],"languages":{"al":{"title":true,"content":true,"excerpt":false},"en":{"title":false,"content":false,"excerpt":false}}},"acf":[],"_links":{"self":[{"href":"http:\/\/51.68.177.34\/jashtme\/wp-json\/wp\/v2\/pages\/4490"}],"collection":[{"href":"http:\/\/51.68.177.34\/jashtme\/wp-json\/wp\/v2\/pages"}],"about":[{"href":"http:\/\/51.68.177.34\/jashtme\/wp-json\/wp\/v2\/types\/page"}],"author":[{"embeddable":true,"href":"http:\/\/51.68.177.34\/jashtme\/wp-json\/wp\/v2\/users\/1"}],"replies":[{"embeddable":true,"href":"http:\/\/51.68.177.34\/jashtme\/wp-json\/wp\/v2\/comments?post=4490"}],"version-history":[{"count":4,"href":"http:\/\/51.68.177.34\/jashtme\/wp-json\/wp\/v2\/pages\/4490\/revisions"}],"predecessor-version":[{"id":46158,"href":"http:\/\/51.68.177.34\/jashtme\/wp-json\/wp\/v2\/pages\/4490\/revisions\/46158"}],"wp:attachment":[{"href":"http:\/\/51.68.177.34\/jashtme\/wp-json\/wp\/v2\/media?parent=4490"}],"curies":[{"name":"wp","href":"https:\/\/api.w.org\/{rel}","templated":true}]}}