{"id":3727,"date":"2023-07-20T12:39:31","date_gmt":"2023-07-20T12:39:31","guid":{"rendered":"http:\/\/51.68.177.34\/jashtme\/?page_id=3727"},"modified":"2023-07-20T12:44:17","modified_gmt":"2023-07-20T12:44:17","slug":"akreditim-i-gazetareve-te-huaj-ne-rsh","status":"publish","type":"page","link":"http:\/\/51.68.177.34\/jashtme\/akreditim-i-gazetareve-te-huaj-ne-rsh\/","title":{"rendered":"Akreditim i gazetar\u00ebve t\u00eb huaj n\u00eb RSH"},"content":{"rendered":"<p>Ky sh\u00ebrbim iu ofrohet gazetar\u00ebve dhe korrespondent\u00ebve t\u00eb agjencive dhe mjeteve t\u00eb huaja t\u00eb informimit, t\u00eb cil\u00ebt kryejn\u00eb veprimtarin\u00eb e tyre, t\u00eb p\u00ebrhershme apo t\u00eb p\u00ebrkohshme, n\u00eb territorin e Republik\u00ebs s\u00eb Shqip\u00ebris\u00eb.<\/p>\n<p><strong>Dokumentacioni i nevojsh\u00ebm<\/strong><\/p>\n<p>\u2022 K\u00ebrkesa e organit q\u00eb d\u00ebshiron t\u00eb akreditoj\u00eb gazetarin apo korrespondentin e vet n\u00eb Shqip\u00ebri, drejtuar Ministris\u00eb s\u00eb Pun\u00ebve t\u00eb Jashtme;<br \/>\n\u2022 Pasaporta e vlefshme e gazetarit ose korrespondentit;<br \/>\n\u2022 Jet\u00ebshkrim i gazetarit apo korrespondentit q\u00eb do t\u00eb akreditohet;<br \/>\n\u2022 Dy fotografi t\u00eb gazetarit apo korrespondentit.<\/p>\n<p><strong>Hapat e procedur\u00ebs<\/strong><br \/>\nAplikuesi b\u00ebn k\u00ebrkes\u00ebn, duke paraqitur dokumentet e specifikuara n\u00eb rubrik\u00ebn \u201cDokumentacioni i nevojsh\u00ebm\u201d pran\u00eb Ministris\u00eb p\u00ebr Evrop\u00ebn dhe Pun\u00ebt e Jashtme.<\/p>\n<p><strong>Koha e nevojshme e marrjes s\u00eb sh\u00ebrbimit:<\/strong> Brenda 30 dit\u00ebve<\/p>\n<p><strong>Periudha e vlefshm\u00ebris\u00eb:<\/strong> Deri n\u00eb fund t\u00eb vitit kalendarik.<\/p>\n<p><strong>Kostot:<\/strong> 1 500 lek\u00eb<\/p>\n<p><strong>Kontakti:<\/strong> info@mfa.gov.al<\/p>\n<p>&nbsp;<\/p>\n","protected":false},"excerpt":{"rendered":"<p>Ky sh\u00ebrbim iu ofrohet gazetar\u00ebve dhe korrespondent\u00ebve t\u00eb agjencive dhe mjeteve t\u00eb huaja t\u00eb informimit, t\u00eb cil\u00ebt kryejn\u00eb veprimtarin\u00eb e tyre, t\u00eb p\u00ebrhershme apo t\u00eb p\u00ebrkohshme, n\u00eb territorin e Republik\u00ebs s\u00eb Shqip\u00ebris\u00eb. Dokumentacioni i nevojsh\u00ebm \u2022 K\u00ebrkesa e organit q\u00eb d\u00ebshiron t\u00eb akreditoj\u00eb gazetarin apo korrespondentin e vet n\u00eb Shqip\u00ebri, drejtuar Ministris\u00eb s\u00eb Pun\u00ebve t\u00eb [&hellip;]<\/p>\n","protected":false},"author":1,"featured_media":0,"parent":0,"menu_order":0,"comment_status":"closed","ping_status":"closed","template":"","meta":{"_acf_changed":false,"footnotes":""},"class_list":["post-3727","page","type-page","status-publish","hentry"],"translation":{"provider":"WPGlobus","version":"2.12.2","language":"al","enabled_languages":["al","en"],"languages":{"al":{"title":true,"content":true,"excerpt":false},"en":{"title":true,"content":true,"excerpt":false}}},"acf":[],"_links":{"self":[{"href":"http:\/\/51.68.177.34\/jashtme\/wp-json\/wp\/v2\/pages\/3727"}],"collection":[{"href":"http:\/\/51.68.177.34\/jashtme\/wp-json\/wp\/v2\/pages"}],"about":[{"href":"http:\/\/51.68.177.34\/jashtme\/wp-json\/wp\/v2\/types\/page"}],"author":[{"embeddable":true,"href":"http:\/\/51.68.177.34\/jashtme\/wp-json\/wp\/v2\/users\/1"}],"replies":[{"embeddable":true,"href":"http:\/\/51.68.177.34\/jashtme\/wp-json\/wp\/v2\/comments?post=3727"}],"version-history":[{"count":4,"href":"http:\/\/51.68.177.34\/jashtme\/wp-json\/wp\/v2\/pages\/3727\/revisions"}],"predecessor-version":[{"id":3734,"href":"http:\/\/51.68.177.34\/jashtme\/wp-json\/wp\/v2\/pages\/3727\/revisions\/3734"}],"wp:attachment":[{"href":"http:\/\/51.68.177.34\/jashtme\/wp-json\/wp\/v2\/media?parent=3727"}],"curies":[{"name":"wp","href":"https:\/\/api.w.org\/{rel}","templated":true}]}}