{"id":3656,"date":"2023-07-20T09:44:18","date_gmt":"2023-07-20T09:44:18","guid":{"rendered":"http:\/\/51.68.177.34\/jashtme\/?page_id=3656"},"modified":"2023-07-20T10:29:28","modified_gmt":"2023-07-20T10:29:28","slug":"mbeshtetja-teknike","status":"publish","type":"page","link":"http:\/\/51.68.177.34\/jashtme\/integrimi-ne-be\/anetaresimi-ne-be\/mbeshtetja-teknike\/","title":{"rendered":"Mb\u00ebshtetja Teknike"},"content":{"rendered":"<p><strong><i>Mb\u00ebshtetja e huaj p\u00ebr integrim n\u00eb BE- SMEI II, SMEI III, SMEI IV, GIZ, PPF e t\u00eb tjer\u00eb<\/i><\/strong><\/p>\n<p><strong>Programet e m\u00ebparshme dhe ato aktuale si dhe aktivitetet e donator\u00ebve<\/strong><br \/>\nP\u00ebrpjekjet e Shqip\u00ebris\u00eb p\u00ebr zhvillimin dhe integrimin n\u00eb BE jan\u00eb mb\u00ebshtetur nga BE dhe donator\u00ebt e tjer\u00eb dypal\u00ebsh dhe shum\u00ebpal\u00ebsh.<\/p>\n<p><strong>Mb\u00ebshtetja p\u00ebr Ministrin\u00eb e Integrimit Evropian I (SMEI I),<\/strong> CARDS 2005 &#8211; &#8220;SMEI I&#8221; sipas CARDS 2005 ishte nj\u00eb projekt me vler\u00eb 2 milion euro, duke ofruar mb\u00ebshtetje teknike p\u00ebr nj\u00eb periudh\u00eb mbi 28 muaj. Projekti synonte forcimin e\u00a0 kapaciteteve p\u00ebr zbatimin e MSA-s\u00eb dhe ve\u00e7an\u00ebrisht p\u00ebrmir\u00ebsimin e mekanizmave t\u00eb koordinimit nd\u00ebrmjet ministrive t\u00eb linj\u00ebs dhe ish Ministris\u00eb s\u00eb Integrimit Evropian. P\u00ebr m\u00eb tep\u00ebr, ka synuar t\u00eb riorganizoj\u00eb dhe forcoj\u00eb sistemin e administrimit, planifikimit, koordinimit dhe zbatimit si dhe monitorimin e ndihm\u00ebs s\u00eb Komunitetit. Mb\u00ebshtetja shtes\u00eb p\u00ebr ish Ministrin\u00eb e Integrimit Evropian sipas t\u00eb nj\u00ebjtit program CARDS 2005 p\u00ebrfshinte sigurimin me pajisje dhe programe kompjuterike, pajisje zyre, si dhe dy automjete me kat\u00ebr rrota p\u00ebr monitorimin e programeve nd\u00ebrkufitare t\u00eb financuara nga BE. Projekti p\u00ebrfundoi n\u00eb korrik t\u00eb vitit 2009.<\/p>\n<p><strong>Mb\u00ebshtetje p\u00ebr Ministrin\u00eb e Integrimit Evropian II (SMEI II),<\/strong> IPA 2008 &#8211; Duke u bazuar n\u00eb rezultatet e \u201cSMEI I&#8221;, q\u00ebllimi i projektit ishte t\u00eb mb\u00ebshteste dhe forconte aft\u00ebsin\u00eb administrative t\u00eb Shqip\u00ebris\u00eb p\u00ebr t\u00eb zbatuar MSA-n\u00eb si dhe p\u00ebrgatitjen p\u00ebr integrimin e m\u00ebtejsh\u00ebm\u00a0 t\u00eb vendit n\u00eb BE. SMEI II u zbatua n\u00eb baz\u00eb t\u00eb Marr\u00ebveshjes t\u00eb Delegacionit nga GIZ. SMEI II mb\u00ebshteti ish Ministrin\u00eb e Integrimit Evropian si ministria me p\u00ebrgjegj\u00ebsin\u00eb kryesore p\u00ebr procesin e integrimit, dhe koordinatorin e ndihm\u00ebs financiare t\u00eb BE-s\u00eb. Nj\u00eb ndihm\u00eb e vlefshme u dha n\u00eb lidhje me p\u00ebrgatitjen e p\u00ebrgjigjeve t\u00eb Shqip\u00ebris\u00eb p\u00ebr Pyet\u00ebsorin e KE-s\u00eb p\u00ebr dh\u00ebnien e vendit t\u00eb statusit kandidat. Gjithashtu nj\u00eb kontribut \u00ebsht\u00eb dh\u00ebn\u00eb n\u00eb procesin e planifikimit dhe monitorimit t\u00eb harmonizimit ligjor, duke synuar nj\u00eb sigurim t\u00eb q\u00ebndrueshm\u00ebris\u00eb s\u00eb reformave t\u00eb BE-s\u00eb. SMEI II u zbatua gjat\u00eb periudh\u00ebs gusht 2009 &#8211; shtator 2011.<\/p>\n<p><strong>Mb\u00ebshtetja p\u00ebr Procesin e Integrimit n\u00eb Bashkimin Evropian-Faza III (SMEI III),<\/strong> IPA 2010 &#8211; SMEI III ishte nj\u00eb projekt i mb\u00ebshtetjes teknike q\u00eb \u00ebsht\u00eb marr\u00eb me \u00e7\u00ebshtjet horizontale t\u00eb menaxhimit t\u00eb integrimit evropian n\u00eb Shqip\u00ebri. Q\u00ebllimi i p\u00ebrgjithsh\u00ebm i projektit ishte arritja e nj\u00eb p\u00ebrparimi t\u00eb duhur n\u00eb procesin e integrimit n\u00eb BE p\u00ebr Qeverin\u00eb Shqiptare, bazuar n\u00eb nj\u00eb strategji afatgjat\u00eb t\u00eb para an\u00ebtar\u00ebsimit. SMEI III mb\u00ebshteti ve\u00e7an\u00ebrisht forcimin e p\u00ebrafrimit ligjor, ngritjen e kapaciteteve n\u00ebp\u00ebrmjet trajnimeve dhe p\u00ebrmir\u00ebsimin e menaxhimit institucional dhe nd\u00ebrinstitucional t\u00eb k\u00ebrkesave p\u00ebr integrimin evropian si dhe n\u00eb fund por jo m\u00eb pak t\u00eb r\u00ebnd\u00ebsish\u00ebm, informimin publik p\u00ebr integrimin evropian. SMEI III filloi n\u00eb janar t\u00eb vitit 2012 dhe u finalizua n\u00eb shkurt t\u00eb vitit 2016. Buxheti i projektit ishte af\u00ebrsisht 1.5 milion euro.<\/p>\n<p><strong>Mb\u00ebshtetje p\u00ebr Procesin e Integrimit n\u00eb Bashkimin Evropian-Faza IV (SMEI IV),<\/strong> IPA 2014 &#8211; SMEI IV ishte nj\u00eb projekt i mb\u00ebshtetjes teknike q\u00eb p\u00ebrqendrohej n\u00eb: mb\u00ebshtetjen p\u00ebr zbatimin e detyrimeve q\u00eb rrjedhin nga MSA; mb\u00ebshtetje p\u00ebr p\u00ebrafrimin dhe zbatimin e acquis n\u00eb legjislacionin shqiptar; forcimi i ngritjes s\u00eb kapaciteteve t\u00eb n\u00ebpun\u00ebsve civil\u00eb p\u00ebrgjegj\u00ebs p\u00ebr p\u00ebrmir\u00ebsimin e rolit t\u00eb tyre n\u00eb proceset e harmonizimit, screening dhe negociatave; si dhe mb\u00ebshtetje p\u00ebr zbatimin nga Qeveria Shqiptare t\u00eb Strategjis\u00eb s\u00eb Komunikimit. Buxheti i projektit ishte af\u00ebrsisht 2 milion euro. Projekti filloi n\u00eb shkurt t\u00eb vitit 2017, u pezullua n\u00eb qershor 2018 dhe u mbyll p\u00ebrfundimisht n\u00eb shtator t\u00eb vitit 2018 p\u00ebr shkak t\u00eb \u00e7\u00ebshtjeve q\u00eb lidhen me procesin e tenderimit t\u00eb projektit n\u00eb vitin 2016. Si fillim, bashkimi i Ministris\u00eb s\u00eb Integrimit Evropian me Ministrin\u00eb e Pun\u00ebve t\u00eb Jashtme dhe m\u00eb von\u00eb pezullimi i projektit, penguan projektin p\u00ebr t\u00eb arritur q\u00ebllimet e tij. N\u00eb ve\u00e7anti, pezullimi i projektit nd\u00ebrpreu programin e trajnimit q\u00eb ishte nd\u00ebrmarr\u00eb p\u00ebr stafin e Ministris\u00eb p\u00ebr Evrop\u00ebn dhe Pun\u00ebt e Jashtme p\u00ebr negociatat e an\u00ebtar\u00ebsimit.<\/p>\n<p><strong>Mb\u00ebshtetja e negociatave t\u00eb an\u00ebtar\u00ebsimit n\u00eb kapitujt ekonomik\u00eb t\u00eb acquis p\u00ebr Shqip\u00ebrin\u00eb (SANECA)<\/strong> &#8211; Q\u00ebllimi i p\u00ebrgjithsh\u00ebm i projektit \u00ebsht\u00eb t\u00eb p\u00ebrmir\u00ebsoj\u00eb kushtet e struktur\u00ebs p\u00ebr zhvillimin e negociatave t\u00eb an\u00ebtar\u00ebsimit n\u00eb BE p\u00ebr kapitujt e zgjedhur t\u00eb sektorit ekonomik, si vijon: L\u00ebvizja e lir\u00eb e mallrave (Kapitulli 1), E drejta e liris\u00eb p\u00ebr t\u00eb vendosur ofrimin e sh\u00ebrbimeve (Kapitulli 3), Nd\u00ebrmarrja dhe politika industriale (Kapitulli 20) si dhe Mbrojtja e Konsumatorit dhe Sh\u00ebndetit (Kapitulli 28). Projekti \u00ebsht\u00eb financuar nga Ministria Gjermane e Bashk\u00ebpunimit dhe Zhvillimit Ekonomik (BMZ) dhe zbatohet nga Projekti gjerman p\u00ebr bashk\u00ebpunim nd\u00ebrkomb\u00ebtar (Deutsche Gesellschaft f\u00fcr Internationale Zusammenarbeit \/ GIZ ose GmbH). Projekti do t\u00eb jap\u00eb mb\u00ebshtetje p\u00ebr procesin screening, do t\u00eb ndihmoj\u00eb n\u00eb p\u00ebrmbushjen e standardeve t\u00eb mundshme dhe do t\u00eb k\u00ebrkoj\u00eb p\u00ebrfshirjen e shoq\u00ebris\u00eb civile n\u00eb procesin e negociatave t\u00eb an\u00ebtar\u00ebsimit. Vlera totale e projektit \u00ebsht\u00eb 2 milion euro dhe periudha e zbatimit \u00ebsht\u00eb qershor 2019 deri n\u00eb maj t\u00eb vitit 2022.<\/p>\n<p><strong>EURALIUS V<\/strong> &#8211; Euralius \u00ebsht\u00eb nj\u00eb projekt i mb\u00ebshtetjes teknike t\u00eb BE-s\u00eb i cili mb\u00ebshtet dhe ndihmon institucionet kryesore t\u00eb drejt\u00ebsis\u00eb shqiptare q\u00eb t\u00eb afrojn\u00eb performanc\u00ebn e tyre me standardet e BE-s\u00eb. Q\u00ebllimi i p\u00ebrgjithsh\u00ebm i EURALIUS V \u00ebsht\u00eb t\u00eb forcoj\u00eb pavar\u00ebsin\u00eb, transparenc\u00ebn, efikasitetin, p\u00ebrgjegjshm\u00ebrin\u00eb dhe besimin e publikut n\u00eb sistemin e drejt\u00ebsis\u00eb shqiptare n\u00eb p\u00ebrputhje me legjislacionin e BE-s\u00eb dhe praktikat m\u00eb t\u00eb mira. M\u00eb konkretisht, q\u00ebllimi i projektit \u00ebsht\u00eb t\u00eb p\u00ebrmir\u00ebsoj\u00eb pavar\u00ebsin\u00eb, transparenc\u00ebn, efikasitetin dhe efektivitetin e sistemit shqiptar t\u00eb drejt\u00ebsis\u00eb, n\u00eb p\u00ebrputhje me nj\u00eb strategji gjith\u00ebp\u00ebrfshir\u00ebse t\u00eb reformave t\u00eb hartuara nga Ministria e Drejt\u00ebsis\u00eb dhe aktor\u00eb t\u00eb tjer\u00eb n\u00eb sistemin e drejt\u00ebsis\u00eb; p\u00ebr t\u00eb p\u00ebrmir\u00ebsuar kapacitetet organizative, administrative, dhe teknike t\u00eb administrimit t\u00eb burimeve, si dhe aft\u00ebsit\u00eb e menaxhimit t\u00eb \u00e7\u00ebshtjeve t\u00eb gjyq\u00ebsorit me q\u00ebllim p\u00ebrmir\u00ebsimin e efikasitetit dhe transparenc\u00ebs s\u00eb gjykatave, p\u00ebrafrimit t\u00eb sistemit t\u00eb drejt\u00ebsis\u00eb penale, civile dhe administrative shqiptare me standardet e BE-s\u00eb. EURALIUS V filloi n\u00eb Prill\u00a0 t\u00eb vitit 2018 dhe parashikohet t\u00eb zgjas\u00eb 3 vjet.<\/p>\n<p><strong>Mb\u00ebshtetja p\u00ebr procesin e takimeve shpjeguese dhe bilaterale p\u00ebr negociatat e an\u00ebtar\u00ebsimit<\/strong> <strong>n\u00eb BE t\u00eb Shqip\u00ebris\u00eb<\/strong> \u00ebsht\u00eb nj\u00eb projekt i financuar nga Ministria Gjermane e Bashk\u00ebpunimit dhe Zhvillimit Ekonomik (BMZ) dhe zbatohet nga Projekti gjerman p\u00ebr bashk\u00ebpunim nd\u00ebrkomb\u00ebtar (Deutsche Gesellschaft f\u00fcr Internationale Zusammenarbeit \/ GIZ ose GmbH), p\u00ebr periudh\u00ebn Janar &#8211; Shtator 2019 me objektiv kryesor\u00a0 forcimin e Ministris\u00eb p\u00ebr Evrop\u00ebn dhe Pun\u00ebt e Jashtme p\u00ebr t\u00eb kryer rolin e saj koordinues n\u00eb procesin e takimeve shpjeguese dhe bilaterale. Projekti hartoi standarde dhe udh\u00ebzime p\u00ebr krijimin dhe funksionimin e grupeve t\u00eb pun\u00ebs p\u00ebr procesin e negociatave; zhvilloi dhe p\u00ebrcolli takimet shpjeguese dhe bilaterale deri n\u00eb pes\u00eb kapituj t\u00eb p\u00ebrzgjedhur dhe kontribuoi n\u00eb dukshm\u00ebrin\u00eb e procesit t\u00eb takimeve bilaterale. Vlera e projektit ishte 250,000 euro.<\/p>\n<p><strong>Mb\u00ebshtetja p\u00ebr procesin e takimeve shpjeguese dhe bilaterale p\u00ebr negociatat e an\u00ebtar\u00ebsimit<\/strong> <strong>n\u00eb BE t\u00eb Shqip\u00ebris\u00eb<\/strong> \u00ebsht\u00eb nj\u00eb projekt i financuar nga Ministria Gjermane e Bashk\u00ebpunimit dhe Zhvillimit Ekonomik (BMZ) dhe zbatohet nga Projekti gjerman p\u00ebr bashk\u00ebpunim nd\u00ebrkomb\u00ebtar (Deutsche Gesellschaft f\u00fcr Internationale Zusammenarbeit \/ GIZ ose GmbH), p\u00ebr periudh\u00ebn Janar &#8211; Shtator 2019 me objektiv kryesor\u00a0 forcimin e Ministris\u00eb p\u00ebr Evrop\u00ebn dhe Pun\u00ebt e Jashtme p\u00ebr t\u00eb kryer rolin e saj koordinues n\u00eb procesin e takimeve shpjeguese dhe bilaterale. Projekti hartoi standarde dhe udh\u00ebzime p\u00ebr krijimin dhe funksionimin e grupeve t\u00eb pun\u00ebs p\u00ebr procesin e negociatave; zhvilloi dhe p\u00ebrcolli takimet shpjeguese dhe bilaterale deri n\u00eb pes\u00eb kapituj t\u00eb p\u00ebrzgjedhur dhe kontribuoi n\u00eb dukshm\u00ebrin\u00eb e procesit t\u00eb takimeve bilaterale. Vlera e projektit ishte 250,000 euro.<\/p>\n<p><strong>Mb\u00ebshtetje p\u00ebr menaxhimin e IPA<\/strong> &#8211; \u00ebsht\u00eb kontrat\u00eb kuad\u00ebr q\u00eb ka filluar filluar n\u00eb shkurt t\u00eb vitit 2019 me nj\u00eb koh\u00ebzgjatje t\u00eb parashikuar p\u00ebr 18 muaj. Q\u00ebllimi i p\u00ebrgjithsh\u00ebm i projektit \u00ebsht\u00eb t\u00eb mb\u00ebshtes\u00eb p\u00ebrdorimin efikas t\u00eb ndihm\u00ebs s\u00eb BE-s\u00eb, si m\u00ebnyr\u00eb p\u00ebr p\u00ebrgatitje m\u00eb t\u00eb mir\u00eb p\u00ebr an\u00ebtar\u00ebsimin n\u00eb BE. Projekti do t\u00eb zbatohet me nj\u00eb q\u00ebllim specifik p\u00ebr t\u00eb forcuar kapacitetet e Koordinatorit Komb\u00ebtar t\u00eb Instrumentit t\u00eb Asistenc\u00ebs s\u00eb vendeve para-Aderimit\u00a0 (NIPAC), Zyr\u00ebs Mb\u00ebshtet\u00ebse t\u00eb NIPAC dhe pal\u00ebve t\u00eb tjera t\u00eb interesit dhe institucioneve n\u00eb planifikimin, programimin, zbatimin, monitorimin dhe vler\u00ebsimin e ndihm\u00ebs s\u00eb BE-s\u00eb.<\/p>\n<p><strong>Mb\u00ebshtetja p\u00ebr sigurin\u00eb e ushqimit, veterinarin\u00eb dhe standardet fitosanitare <\/strong>\u00ebsht\u00eb nj\u00eb projekt IPA 2016 i zbatuar me q\u00ebllimin kryesor p\u00ebr t\u00eb vendosur kapacitetet institucionale dhe administrative n\u00eb p\u00ebrputhje me agjend\u00ebn e p\u00ebrgjithshme t\u00eb reform\u00ebs n\u00eb administrat\u00ebn publike p\u00ebr t\u00eb siguruar dhe rritur mbrojtjen e sh\u00ebndetit t\u00eb njeriut, kafsh\u00ebve dhe bim\u00ebve n\u00eb \u00e7do faz\u00eb t\u00eb procesit t\u00eb prodhimit t\u00eb ushqimit (Kapitulli 12). Nj\u00eb nga objektivat specifike \u00ebsht\u00eb t\u00eb ndihmoj\u00eb n\u00eb ristrukturimin e strukturave administrative, t\u00eb siguroj\u00eb ngritjen e kapaciteteve p\u00ebr zbatimin e masave t\u00eb politikave dhe arritjen e objektivave strategjik\u00eb, n\u00eb p\u00ebrputhje me reform\u00ebn n\u00eb administrat\u00ebn publike dhe k\u00ebrkesat e an\u00ebtar\u00ebsimit n\u00eb BE. Projekti ka filluar n\u00eb Janar 2019 dhe parashikohet t\u00eb zgjas\u00eb 4 vjet.<\/p>\n<p><strong>Mb\u00ebshtetja e negociatave shqiptare p\u00ebr Mjedisin, Kapitulli 27, SANE 27<\/strong> \u00ebsht\u00eb projekt i financuar nga Qeveria Suedeze me q\u00ebllim kryesor ofrimin e ndihm\u00ebs t\u00eb negociatave p\u00ebr Kapitullin 27. Projekti parashikon vler\u00ebsim juridik dhe administrativ n\u00eb kapitullin 27 dhe ngritjen e p\u00ebrgjithshme t\u00eb kapaciteteve p\u00ebr Ministrin\u00eb e Turizmit dhe Mjedisit si dhe institucionet n\u00eb var\u00ebsi t\u00eb saj. Projekti filloi n\u00eb maj t\u00eb vitit 2018 \u00ebsht\u00eb planifikuar t\u00eb zgjas\u00eb deri n\u00eb maj t\u00eb vitit 2021.<\/p>\n<p>P\u00ebrmes <strong>ndihm\u00ebs dypal\u00ebshe Mali i Zi<\/strong> po planifikon t\u00eb siguroj\u00eb nj\u00eb ndihm\u00eb prej 30,000 euro. Mb\u00ebshtetja do t\u00eb konsistoj\u00eb n\u00eb shk\u00ebmbimin e p\u00ebrvojave nga procesi i negociatave t\u00eb an\u00ebtar\u00ebsimit n\u00eb BE si dhe mund\u00ebsisht do t\u00eb ndihmoj\u00eb p\u00ebr zhvillimet e Kapitullit 30. Ndihma planifikohet t\u00eb zbatohet deri n\u00eb fund t\u00eb vitit 2019.<\/p>\n<p><strong>Projekti i BE-s\u00eb &#8220;K\u00ebshillues t\u00eb Nivelit t\u00eb Lart\u00eb&#8221;<\/strong> &#8211; \u00ebsht\u00eb nj\u00eb projekt pilot afatshkurt\u00ebr n\u00eb shum\u00ebn prej 370,000 euro. Projekti \u00ebsht\u00eb zbatuar p\u00ebr periudh\u00ebn Janar &#8211; Shtator 2019. Q\u00ebllimi i projektit ishte mb\u00ebshtetja ad-hoc p\u00ebr kapitujt 15, 23 dhe 24 si dhe nj\u00eb projekt pilot p\u00ebrgjegj\u00ebs p\u00ebr p\u00ebrgatitjen e Termave t\u00eb Referenc\u00ebs p\u00ebr nj\u00eb projekt m\u00eb t\u00eb gjer\u00eb vijues ( SMEI V) t\u00eb IPA 2016. Ky projekt bashk\u00ebpunoi me projektin GIZ (shpjeguar m\u00eb posht\u00eb) p\u00ebr t\u00eb ndihmuar Ministrin\u00eb e Drejt\u00ebsis\u00eb dhe Ministrin\u00eb e Brendshme p\u00ebr p\u00ebrgatitjen e\u00a0 analiz\u00ebs t\u00eb shqyrtimit t\u00eb kapitujve 23 dhe 24. N\u00eb tetor t\u00eb vitit 2019 Delegacioni i Bashkimit Evropian n\u00eb Shqip\u00ebri miratoi zgjatjen e projektit deri n\u00eb shkurt t\u00eb vitit 2020. Projekti do t\u00eb vazhdoj\u00eb t\u00eb ofroj\u00eb mb\u00ebshtetje p\u00ebr MEPJ n\u00eb forcimin e kapaciteteve t\u00eb saj t\u00eb brendshme p\u00ebr t\u00eb kordinuar dhe planifikuar procesin e integrimit evropian, t\u00eb mb\u00ebshtes\u00eb dhe k\u00ebshilloj\u00eb strukturat negociuese p\u00ebr procesin e shqyrtimit bilateral.<\/p>\n<p><strong>\u00a0<\/strong><strong>Projekti GIZ \u201cFondi p\u00ebr Studim dhe Ekspert\u201d<\/strong> &#8211; ishte nj\u00eb projekt afatshkurt\u00ebr me vler\u00eb 250,000 Euro. Projekti u zbatua n\u00eb periudh\u00ebn Janar &#8211; Shtator 2019. Q\u00ebllimi i p\u00ebrgjithsh\u00ebm ishte sigurimi i mb\u00ebshtetjes paraprake horizontale p\u00ebr MEPJ. Projekti GIZ p\u00ebrgatiti disa modele p\u00ebr procesin e an\u00ebtar\u00ebsimit dhe nj\u00eb udh\u00ebzim p\u00ebr negociatat. GIZ ndihmoi n\u00eb hartimin e nj\u00eb sistemi t\u00eb menaxhimit t\u00eb dokumenteve p\u00ebr negociatat e an\u00ebtar\u00ebsimit.<\/p>\n","protected":false},"excerpt":{"rendered":"<p>Mb\u00ebshtetja e huaj p\u00ebr integrim n\u00eb BE- SMEI II, SMEI III, SMEI IV, GIZ, PPF e t\u00eb tjer\u00eb Programet e m\u00ebparshme dhe ato aktuale si dhe aktivitetet e donator\u00ebve P\u00ebrpjekjet e Shqip\u00ebris\u00eb p\u00ebr zhvillimin dhe integrimin n\u00eb BE jan\u00eb mb\u00ebshtetur nga BE dhe donator\u00ebt e tjer\u00eb dypal\u00ebsh dhe shum\u00ebpal\u00ebsh. Mb\u00ebshtetja p\u00ebr Ministrin\u00eb e Integrimit Evropian [&hellip;]<\/p>\n","protected":false},"author":1,"featured_media":0,"parent":3599,"menu_order":0,"comment_status":"closed","ping_status":"closed","template":"","meta":{"_acf_changed":false,"footnotes":""},"class_list":["post-3656","page","type-page","status-publish","hentry"],"translation":{"provider":"WPGlobus","version":"2.12.2","language":"al","enabled_languages":["al","en"],"languages":{"al":{"title":true,"content":true,"excerpt":false},"en":{"title":true,"content":true,"excerpt":false}}},"acf":[],"_links":{"self":[{"href":"http:\/\/51.68.177.34\/jashtme\/wp-json\/wp\/v2\/pages\/3656"}],"collection":[{"href":"http:\/\/51.68.177.34\/jashtme\/wp-json\/wp\/v2\/pages"}],"about":[{"href":"http:\/\/51.68.177.34\/jashtme\/wp-json\/wp\/v2\/types\/page"}],"author":[{"embeddable":true,"href":"http:\/\/51.68.177.34\/jashtme\/wp-json\/wp\/v2\/users\/1"}],"replies":[{"embeddable":true,"href":"http:\/\/51.68.177.34\/jashtme\/wp-json\/wp\/v2\/comments?post=3656"}],"version-history":[{"count":4,"href":"http:\/\/51.68.177.34\/jashtme\/wp-json\/wp\/v2\/pages\/3656\/revisions"}],"predecessor-version":[{"id":3696,"href":"http:\/\/51.68.177.34\/jashtme\/wp-json\/wp\/v2\/pages\/3656\/revisions\/3696"}],"up":[{"embeddable":true,"href":"http:\/\/51.68.177.34\/jashtme\/wp-json\/wp\/v2\/pages\/3599"}],"wp:attachment":[{"href":"http:\/\/51.68.177.34\/jashtme\/wp-json\/wp\/v2\/media?parent=3656"}],"curies":[{"name":"wp","href":"https:\/\/api.w.org\/{rel}","templated":true}]}}