{"id":3650,"date":"2023-07-20T09:42:58","date_gmt":"2023-07-20T09:42:58","guid":{"rendered":"http:\/\/51.68.177.34\/jashtme\/?page_id=3650"},"modified":"2023-07-20T10:26:26","modified_gmt":"2023-07-20T10:26:26","slug":"perkthimi-i-acquis","status":"publish","type":"page","link":"http:\/\/51.68.177.34\/jashtme\/integrimi-ne-be\/anetaresimi-ne-be\/perkthimi-i-acquis\/","title":{"rendered":"P\u00ebrkthimi i\u00a0Acquis"},"content":{"rendered":"<p>Aktet ligjore q\u00eb jan\u00eb p\u00ebrkthyer nd\u00ebr vite nga shqipja n\u00eb anglisht jan\u00eb <strong>940.93<\/strong> faqe kompjuterike \u00a0Nga anglisht n\u00eb shqip jan\u00eb p\u00ebrkthyer <strong>12.497,15<\/strong> faqe kompjuterike.<\/p>\n<p>N\u00eb 2019 po p\u00ebrkthehen nga anglisht n\u00eb shqip <strong>5449,29<\/strong> faqe kalendarike si dhe nga shqip n\u00eb anglisht <strong>1004,45<\/strong>.<\/p>\n<p>N\u00eb kuad\u00ebr t\u00eb bashk\u00ebpunimit midis Kosov\u00ebs dhe Shqip\u00ebris\u00eb \u00ebsht\u00eb finalizuar Manuali i P\u00ebrkthimit t\u00eb Legjislacionit t\u00eb BE-s\u00eb n\u00eb gjuh\u00ebn shqipe\u2019. (<i><a href=\"http:\/\/albterm.net\/index.php\/manual-perkthimi\/item\/4-manual-per-perkthimin-e-legjislacionit-te-be-se-ne-gjuhen-shqipe\" target=\"_blank\" rel=\"noopener\">Kliko k\u00ebtu<\/a><\/i>)<\/p>\n<p>P\u00ebr publikimin e\u00a0 akteve t\u00eb p\u00ebrkthyera dhe t\u00eb certifikuara nga an\u00ebtaret e dy institucioneve n\u00eb funksion t\u00eb p\u00ebrkthimit t\u00eb legjislacionit evropian n\u00eb gjuh\u00ebn shqipe dhe anasjelltas egziston faqja <a href=\"http:\/\/www.albterm.net\/\" target=\"_blank\" rel=\"noopener\">www.albterm.net<\/a><\/p>\n<p>Komisioni Teknik Shqip\u00ebri-Kosove do vazhdoj\u00eb bashk\u00ebpunimin n\u00eb krijimin e nj\u00eb manuali te p\u00ebrbashk\u00ebt midis Kosov\u00ebs dhe Shqip\u00ebris\u00eb p\u00ebr pjes\u00ebn e rishikimit t\u00eb p\u00ebrkthimit.<\/p>\n","protected":false},"excerpt":{"rendered":"<p>Aktet ligjore q\u00eb jan\u00eb p\u00ebrkthyer nd\u00ebr vite nga shqipja n\u00eb anglisht jan\u00eb 940.93 faqe kompjuterike \u00a0Nga anglisht n\u00eb shqip jan\u00eb p\u00ebrkthyer 12.497,15 faqe kompjuterike. N\u00eb 2019 po p\u00ebrkthehen nga anglisht n\u00eb shqip 5449,29 faqe kalendarike si dhe nga shqip n\u00eb anglisht 1004,45. N\u00eb kuad\u00ebr t\u00eb bashk\u00ebpunimit midis Kosov\u00ebs dhe Shqip\u00ebris\u00eb \u00ebsht\u00eb finalizuar Manuali i P\u00ebrkthimit [&hellip;]<\/p>\n","protected":false},"author":1,"featured_media":0,"parent":3599,"menu_order":0,"comment_status":"closed","ping_status":"closed","template":"","meta":{"_acf_changed":false,"footnotes":""},"class_list":["post-3650","page","type-page","status-publish","hentry"],"translation":{"provider":"WPGlobus","version":"2.12.2","language":"al","enabled_languages":["al","en"],"languages":{"al":{"title":true,"content":true,"excerpt":false},"en":{"title":true,"content":true,"excerpt":false}}},"acf":[],"_links":{"self":[{"href":"http:\/\/51.68.177.34\/jashtme\/wp-json\/wp\/v2\/pages\/3650"}],"collection":[{"href":"http:\/\/51.68.177.34\/jashtme\/wp-json\/wp\/v2\/pages"}],"about":[{"href":"http:\/\/51.68.177.34\/jashtme\/wp-json\/wp\/v2\/types\/page"}],"author":[{"embeddable":true,"href":"http:\/\/51.68.177.34\/jashtme\/wp-json\/wp\/v2\/users\/1"}],"replies":[{"embeddable":true,"href":"http:\/\/51.68.177.34\/jashtme\/wp-json\/wp\/v2\/comments?post=3650"}],"version-history":[{"count":5,"href":"http:\/\/51.68.177.34\/jashtme\/wp-json\/wp\/v2\/pages\/3650\/revisions"}],"predecessor-version":[{"id":3695,"href":"http:\/\/51.68.177.34\/jashtme\/wp-json\/wp\/v2\/pages\/3650\/revisions\/3695"}],"up":[{"embeddable":true,"href":"http:\/\/51.68.177.34\/jashtme\/wp-json\/wp\/v2\/pages\/3599"}],"wp:attachment":[{"href":"http:\/\/51.68.177.34\/jashtme\/wp-json\/wp\/v2\/media?parent=3650"}],"curies":[{"name":"wp","href":"https:\/\/api.w.org\/{rel}","templated":true}]}}