{"id":3637,"date":"2023-07-20T09:39:13","date_gmt":"2023-07-20T09:39:13","guid":{"rendered":"http:\/\/51.68.177.34\/jashtme\/?page_id=3637"},"modified":"2023-07-20T10:20:14","modified_gmt":"2023-07-20T10:20:14","slug":"takime-te-perbashketa","status":"publish","type":"page","link":"http:\/\/51.68.177.34\/jashtme\/integrimi-ne-be\/anetaresimi-ne-be\/takime-te-perbashketa\/","title":{"rendered":"Takime t\u00eb P\u00ebrbashk\u00ebta"},"content":{"rendered":"<p><strong>Takimi i 9-t\u00eb i Komitetit t\u00eb Stabilizim Asocimit BE- Shqip\u00ebri<\/strong><\/p>\n<p>Komiteti i Stabilizim Asociimit BE- Shqip\u00ebri mbajti takimin e tij t\u00eb 9-t\u00eb me 25 tetor 2018, n\u00eb Tiran\u00eb. (<i><a href=\"https:\/\/punetejashtme.gov.al\/mbahet-takimi-i-komitetit-te-9-te-i-stabilizim-asociimit-be-shqiperi\/\" target=\"_blank\" rel=\"noopener\">Kliko k\u00ebtu<\/a><\/i>)<\/p>\n","protected":false},"excerpt":{"rendered":"<p>Takimi i 9-t\u00eb i Komitetit t\u00eb Stabilizim Asocimit BE- Shqip\u00ebri Komiteti i Stabilizim Asociimit BE- Shqip\u00ebri mbajti takimin e tij t\u00eb 9-t\u00eb me 25 tetor 2018, n\u00eb Tiran\u00eb. (Kliko k\u00ebtu)<\/p>\n","protected":false},"author":1,"featured_media":0,"parent":3599,"menu_order":0,"comment_status":"closed","ping_status":"closed","template":"","meta":{"_acf_changed":false,"footnotes":""},"class_list":["post-3637","page","type-page","status-publish","hentry"],"translation":{"provider":"WPGlobus","version":"2.12.2","language":"al","enabled_languages":["al","en"],"languages":{"al":{"title":true,"content":true,"excerpt":false},"en":{"title":true,"content":true,"excerpt":false}}},"acf":[],"_links":{"self":[{"href":"http:\/\/51.68.177.34\/jashtme\/wp-json\/wp\/v2\/pages\/3637"}],"collection":[{"href":"http:\/\/51.68.177.34\/jashtme\/wp-json\/wp\/v2\/pages"}],"about":[{"href":"http:\/\/51.68.177.34\/jashtme\/wp-json\/wp\/v2\/types\/page"}],"author":[{"embeddable":true,"href":"http:\/\/51.68.177.34\/jashtme\/wp-json\/wp\/v2\/users\/1"}],"replies":[{"embeddable":true,"href":"http:\/\/51.68.177.34\/jashtme\/wp-json\/wp\/v2\/comments?post=3637"}],"version-history":[{"count":6,"href":"http:\/\/51.68.177.34\/jashtme\/wp-json\/wp\/v2\/pages\/3637\/revisions"}],"predecessor-version":[{"id":3691,"href":"http:\/\/51.68.177.34\/jashtme\/wp-json\/wp\/v2\/pages\/3637\/revisions\/3691"}],"up":[{"embeddable":true,"href":"http:\/\/51.68.177.34\/jashtme\/wp-json\/wp\/v2\/pages\/3599"}],"wp:attachment":[{"href":"http:\/\/51.68.177.34\/jashtme\/wp-json\/wp\/v2\/media?parent=3637"}],"curies":[{"name":"wp","href":"https:\/\/api.w.org\/{rel}","templated":true}]}}