{"id":3631,"date":"2023-07-20T09:37:04","date_gmt":"2023-07-20T09:37:04","guid":{"rendered":"http:\/\/51.68.177.34\/jashtme\/?page_id=3631"},"modified":"2023-07-20T09:38:09","modified_gmt":"2023-07-20T09:38:09","slug":"negociatat-e-anetaresimit","status":"publish","type":"page","link":"http:\/\/51.68.177.34\/jashtme\/integrimi-ne-be\/anetaresimi-ne-be\/negociatat-e-anetaresimit\/","title":{"rendered":"Negociatat e An\u00ebtar\u00ebsimit"},"content":{"rendered":"<p>K\u00ebshilli i qershorit 2018 vendosi rrug\u00ebn p\u00ebr hapjen e negociatave t\u00eb pranimit me Shqip\u00ebrin\u00eb n\u00eb qershor 2019 dhe mori sh\u00ebnimin synimin e Komisionit Evropian p\u00ebr t\u00eb filluar pun\u00ebn e nevojshme p\u00ebrgatitore me Shqip\u00ebrin\u00eb.<\/p>\n<p>Prej shtatorit 2018 Shqip\u00ebria \u00ebsht\u00eb e angazhuar n\u00eb faz\u00ebn e par\u00eb t\u00eb negociatave t\u00eb pranimit, procesin e shqyrtimit analitik t\u00eb legjislacionit t\u00eb BE-s\u00eb, p\u00ebrmes pjes\u00ebmarrjes n\u00eb takimet shpjeguese t\u00eb legjislacionit t\u00eb BE-s\u00eb, sipas kapitujve t\u00eb legjislacionit t\u00eb BE-s\u00eb.<\/p>\n<p>Pasi K\u00ebshilli t\u00eb vendos\u00eb zyrtarisht p\u00ebr hapjen e negociatave t\u00eb pranimit me Shqip\u00ebrin\u00eb, do t\u00eb filloj\u00eb faza e dyt\u00eb e procesit t\u00eb shqyrtimit, takimet bilaterale p\u00ebr secilin kapitull, duke filluar me Kapitujt 23 dhe 24.<\/p>\n<p>Puna p\u00ebrgatitore p\u00ebr hapjen e negociatave t\u00eb pranimit n\u00eb Shqip\u00ebri ka vazhduar n\u00eb dy drejtime: nj\u00eb analiz\u00eb e plot\u00eb e legjislacionit ton\u00eb duke vler\u00ebsuar shkall\u00ebn e pajtueshm\u00ebris\u00eb me legjislacionin e BE-s\u00eb dhe duke planifikuar p\u00ebrafrimin e ardhsh\u00ebm dhe krijimi i struktur\u00ebs institucionale p\u00ebr zhvillimin e negociatave.<\/p>\n<p>Vendimi i K\u00ebshillit t\u00eb Ministrave nr.749, dat\u00eb 19.12.2018 &#8220;P\u00ebr krijimin, organizimin dhe funksionimin e struktur\u00ebs shtet\u00ebrore p\u00ebrgjegj\u00ebse p\u00ebr zhvillimin e negociatave dhe p\u00ebrfundimin e Traktatit t\u00eb Aderimit t\u00eb Republik\u00ebs s\u00eb Shqip\u00ebris\u00eb n\u00eb Bashkimin Evropian&#8221; vendosni struktur\u00ebn negociuese p\u00ebr negociatat e ardhshme t\u00eb pranimit. Kjo struktur\u00eb do t\u00eb merret edhe me zbatimin e Marr\u00ebveshjes s\u00eb Stabilizim Asocimit; miratimi i ligjit t\u00eb BE-s\u00eb n\u00eb korpusin ton\u00eb juridik, si dhe menaxhimin e ndihm\u00ebs financiare t\u00eb BE-s\u00eb.<\/p>\n<p>Organi m\u00eb i lart\u00eb i k\u00ebsaj strukture \u00ebsht\u00eb Komiteti Shtet\u00ebror p\u00ebr Integrimin Evropian, i kryesuar nga Kryeministri. Gjat\u00eb procesit t\u00eb negociatave, ky organ do t\u00eb siguroj\u00eb koordinimin e pozicioneve p\u00ebr secilin kapitull, si\u00e7 b\u00ebn aktualisht n\u00eb mbik\u00ebqyrjen e \u00e7\u00ebshtjeve kryesore t\u00eb procesit t\u00eb integrimit evropian, duke p\u00ebrfshir\u00eb edhe zbatimin korrekt t\u00eb Marr\u00ebveshjes s\u00eb Stabilizim &#8211; Asocimit BE-Shqip\u00ebri.<\/p>\n<p>M\u00eb 20 maj 2019, me urdh\u00ebr t\u00eb Kryeministrit nr. 94 &#8220;P\u00ebr krijimin, p\u00ebrb\u00ebrjen dhe funksionimin e grupeve t\u00eb pun\u00ebs nd\u00ebrinstitucionale&#8221;, Grupet nd\u00ebr-institucionale t\u00eb pun\u00ebs jan\u00eb riorganizuar p\u00ebr secil\u00ebn fush\u00eb t\u00eb politik\u00ebb\u00ebrjes s\u00eb BE-s\u00eb.<\/p>\n<p>Me Urdhrin e Kryeministrit nr. 93, dat\u00eb 23 maj 2019 &#8220;P\u00ebr Organizimin dhe Funksionimin e Komitetit Teknik t\u00eb Grupeve Nd\u00ebrinstitucionale t\u00eb Pun\u00ebs&#8221; \u00ebsht\u00eb ngritur Komiteti Teknik i Grupeve Nd\u00ebrinstitucionale t\u00eb Pun\u00ebs, i p\u00ebrb\u00ebr\u00eb nga t\u00eb gjith\u00eb kryetar\u00ebt e grupeve t\u00eb pun\u00ebs nd\u00ebrinstitucionale , n\u00ebn drejtimin e Z\u00ebvend\u00ebs Ministrit p\u00ebr Evrop\u00ebn dhe Pun\u00ebt e Jashtme p\u00ebrgjegj\u00ebs p\u00ebr integrimin evropian.<\/p>\n<p>Puna p\u00ebrgatitore p\u00ebr hapjen e negociatave do t\u00eb jet\u00eb nj\u00eb proces k\u00ebrkues p\u00ebr administrat\u00ebn publike, e cila do t\u00eb p\u00ebrballet me sfidat e planifikimit t\u00eb nj\u00eb procesi intensiv t\u00eb transpozimit t\u00eb legjislacionit t\u00eb BE-s\u00eb, zbatimit t\u00eb legjislacionit t\u00eb transpozuar dhe formulimit t\u00eb pozicioneve negociuese.<\/p>\n<p>Nga ana tjet\u00ebr, negociatat e pranimit do t\u00eb k\u00ebrkojn\u00eb jo vet\u00ebm p\u00ebrpjekjet e administrat\u00ebs publike, por edhe p\u00ebrfshirjen e nj\u00eb pjese t\u00eb madhe t\u00eb akademis\u00eb, shoq\u00ebris\u00eb civile, grupeve t\u00eb interesit dhe biznesit.<\/p>\n<p>Me urdhrin e Kryeministrit Nr.113, dat\u00eb 30.08.2019 &#8220;P\u00ebr format e pjes\u00ebmarrjes, funksionimit dhe struktur\u00ebs institucionale t\u00eb Platform\u00ebs s\u00eb Partneritetit t\u00eb Integrimit Evropian&#8221; \u00ebsht\u00eb krijuar nj\u00eb Platforma e Partneritetit.<\/p>\n<p>Platforma do t\u00eb p\u00ebrb\u00ebhet nga nj\u00eb num\u00ebr tryezash. Do t\u00eb ket\u00eb nj\u00eb tryez\u00eb t\u00eb rrumbullak\u00ebt p\u00ebr secilin kapitull, ku grupi nd\u00ebrinstitucional i pun\u00ebs do t\u00eb zhvilloj\u00eb dialog me pal\u00ebt e interesuara dhe p\u00ebrfaq\u00ebsuesit e shoq\u00ebris\u00eb civile. Nj\u00eb thirrje interesi p\u00ebr secilin kapitull \u00ebsht\u00eb publikuar nga institucioni lider i secilit kapitull t\u00eb acquis.<\/p>\n","protected":false},"excerpt":{"rendered":"<p>K\u00ebshilli i qershorit 2018 vendosi rrug\u00ebn p\u00ebr hapjen e negociatave t\u00eb pranimit me Shqip\u00ebrin\u00eb n\u00eb qershor 2019 dhe mori sh\u00ebnimin synimin e Komisionit Evropian p\u00ebr t\u00eb filluar pun\u00ebn e nevojshme p\u00ebrgatitore me Shqip\u00ebrin\u00eb. Prej shtatorit 2018 Shqip\u00ebria \u00ebsht\u00eb e angazhuar n\u00eb faz\u00ebn e par\u00eb t\u00eb negociatave t\u00eb pranimit, procesin e shqyrtimit analitik t\u00eb legjislacionit t\u00eb [&hellip;]<\/p>\n","protected":false},"author":1,"featured_media":0,"parent":3599,"menu_order":0,"comment_status":"closed","ping_status":"closed","template":"","meta":{"_acf_changed":false,"footnotes":""},"class_list":["post-3631","page","type-page","status-publish","hentry"],"translation":{"provider":"WPGlobus","version":"2.12.2","language":"al","enabled_languages":["al","en"],"languages":{"al":{"title":true,"content":true,"excerpt":false},"en":{"title":true,"content":true,"excerpt":false}}},"acf":[],"_links":{"self":[{"href":"http:\/\/51.68.177.34\/jashtme\/wp-json\/wp\/v2\/pages\/3631"}],"collection":[{"href":"http:\/\/51.68.177.34\/jashtme\/wp-json\/wp\/v2\/pages"}],"about":[{"href":"http:\/\/51.68.177.34\/jashtme\/wp-json\/wp\/v2\/types\/page"}],"author":[{"embeddable":true,"href":"http:\/\/51.68.177.34\/jashtme\/wp-json\/wp\/v2\/users\/1"}],"replies":[{"embeddable":true,"href":"http:\/\/51.68.177.34\/jashtme\/wp-json\/wp\/v2\/comments?post=3631"}],"version-history":[{"count":3,"href":"http:\/\/51.68.177.34\/jashtme\/wp-json\/wp\/v2\/pages\/3631\/revisions"}],"predecessor-version":[{"id":3634,"href":"http:\/\/51.68.177.34\/jashtme\/wp-json\/wp\/v2\/pages\/3631\/revisions\/3634"}],"up":[{"embeddable":true,"href":"http:\/\/51.68.177.34\/jashtme\/wp-json\/wp\/v2\/pages\/3599"}],"wp:attachment":[{"href":"http:\/\/51.68.177.34\/jashtme\/wp-json\/wp\/v2\/media?parent=3631"}],"curies":[{"name":"wp","href":"https:\/\/api.w.org\/{rel}","templated":true}]}}