{"id":3625,"date":"2023-07-20T09:34:59","date_gmt":"2023-07-20T09:34:59","guid":{"rendered":"http:\/\/51.68.177.34\/jashtme\/?page_id=3625"},"modified":"2023-07-20T10:16:15","modified_gmt":"2023-07-20T10:16:15","slug":"dokumente","status":"publish","type":"page","link":"http:\/\/51.68.177.34\/jashtme\/integrimi-ne-be\/anetaresimi-ne-be\/dokumente\/","title":{"rendered":"Dokumente"},"content":{"rendered":"<p><strong><i>Programet dhe strategjit\u00eb p\u00ebr integrim, raportet e Komisionit t\u00eb BE, marr\u00ebveshjet Shqip\u00ebri-BE etj.<\/i><\/strong><\/p>\n<p><strong>&#8211; Dokumente Komb\u00ebtare<\/strong><\/p>\n<p><a href=\"https:\/\/qbz.gov.al\/eli\/fz\/2019\/54\/17df01b4-27b8-4e4f-b785-5bcf9dd128f3\" target=\"_blank\" rel=\"noopener\">PKIE 2019-2021<\/a><br \/>\n<a href=\"http:\/\/51.68.177.34\/jashtme\/wp-content\/uploads\/2023\/07\/Plani-Kombetar-per-Integrimin-Evropian.pdf\" target=\"_blank\" rel=\"noopener\">PKIE 2018-2020<\/a><br \/>\n<a href=\"http:\/\/51.68.177.34\/jashtme\/wp-content\/uploads\/2023\/07\/PLANI-KOMBETAR-PER-INTEGRIMIN-EVROPIAN-2017-2020.pdf\" target=\"_blank\" rel=\"noopener\">PKIE 2017-2020<\/a><br \/>\n<a href=\"http:\/\/51.68.177.34\/jashtme\/wp-content\/uploads\/2023\/07\/PKIE-2016-2020.pdf\" target=\"_blank\" rel=\"noopener\">PKIE 2016-2020<\/a><br \/>\n<a href=\"http:\/\/51.68.177.34\/jashtme\/wp-content\/uploads\/2023\/07\/Albania-2019-Report.pdf\" target=\"_blank\" rel=\"noopener\">Raporti i Komisionit Evropian p\u00ebr Shqip\u00ebrin\u00eb 2019<\/a><br \/>\n<a href=\"http:\/\/51.68.177.34\/jashtme\/wp-content\/uploads\/2023\/07\/Albania-2018-Report.pdf\" target=\"_blank\" rel=\"noopener\">Raporti i Komisionit Evropian p\u00ebr Shqip\u00ebrin\u00eb 2018<\/a><br \/>\n<a href=\"http:\/\/51.68.177.34\/jashtme\/wp-content\/uploads\/2023\/07\/Albania-2016-Report.pdf\" target=\"_blank\" rel=\"noopener\">Raporti i Komisionit Evropian p\u00ebr Shqip\u00ebrin\u00eb 2016<\/a><br \/>\n<a href=\"http:\/\/51.68.177.34\/jashtme\/wp-content\/uploads\/2023\/07\/Albania-2015-Report.pdf\" target=\"_blank\" rel=\"noopener\">Raporti i Komisionit Evropian p\u00ebr Shqip\u00ebrin\u00eb 2015<\/a><\/p>\n<p><strong>&#8211; Dokumente t\u00eb BE-s\u00eb<\/strong><br \/>\nStrategjia p\u00ebr Ballkanin Per\u00ebndimor p\u00ebr nj\u00eb \u2018Perspektiv\u00eb t\u00eb besueshme t\u00eb zgjerimit dhe p\u00ebr angazhim t\u00eb shtuar t\u00eb BE-s\u00eb me Ballkanin Per\u00ebndimor\u2019. (<i><a href=\"https:\/\/ec.europa.eu\/commission\/sites\/beta-political\/files\/communication-credible-enlargement-perspective-western-balkans_en.pdf\" target=\"_blank\" rel=\"noopener\">Kliko k\u00ebtu<\/a><\/i>)<\/p>\n<p><strong>Annex:<\/strong> (<i><a href=\"https:\/\/ec.europa.eu\/commission\/sites\/beta-political\/files\/annex-communication-credible-enlargement-perspective-western-balkans_en.pdf\" target=\"_blank\" rel=\"noopener\">Kliko k\u00ebtu<\/a><\/i>)<br \/>\n<a href=\"http:\/\/51.68.177.34\/jashtme\/wp-content\/uploads\/2023\/07\/Sofia-Declaration-17-May-2018.pdf\" target=\"_blank\" rel=\"noopener\">Deklarata e Sofies dhe Agjenda Prioritare e Sofjes, 17 maj 2018<\/a><br \/>\n<a href=\"https:\/\/neighbourhood-enlargement.ec.europa.eu\/sites\/default\/files\/20190529-communication-on-eu-enlargement-policy.pdf\" target=\"_blank\" rel=\"noopener\">Komunikata 2019 e Komisionit p\u00ebr Politik\u00ebn e Zgjerimit<\/a><br \/>\n<a href=\"https:\/\/ec.europa.eu\/neighbourhood-enlargement\/sites\/near\/files\/20180417_strategy_paper_en.pdf\" target=\"_blank\" rel=\"noopener\">Komunikata 2018 e Komisionit p\u00ebr Politik\u00ebn e Zgjerimit<\/a><br \/>\n<a href=\"https:\/\/ec.europa.eu\/neighbourhood-enlargement\/sites\/near\/files\/20161109_strategy_paper_en.pdf\" target=\"_blank\" rel=\"noopener\">Komunikata 2016 e Komisionit p\u00ebr Politik\u00ebn e Zgjerimit<\/a><\/p>\n<p><strong>&#8211; Marr\u00ebveshjet Shqip\u00ebri-BE<\/strong><br \/>\nMarr\u00ebveshja e Stabilizim Asocimit nd\u00ebrmjet Republik\u00ebs s\u00eb Shqip\u00ebris\u00eb dhe Komuniteteve Evropiane dhe Shteteve te tyre an\u00ebtare. (<i><a href=\"https:\/\/www.parlament.al\/Files\/Integrimi\/marreveshja_e_stabilizim_asociimit_be_shqiperi_23381_1.pdf\" target=\"_blank\" rel=\"noopener\">Kliko k\u00ebtu<\/a><\/i>)<\/p>\n","protected":false},"excerpt":{"rendered":"<p>Programet dhe strategjit\u00eb p\u00ebr integrim, raportet e Komisionit t\u00eb BE, marr\u00ebveshjet Shqip\u00ebri-BE etj. &#8211; Dokumente Komb\u00ebtare PKIE 2019-2021 PKIE 2018-2020 PKIE 2017-2020 PKIE 2016-2020 Raporti i Komisionit Evropian p\u00ebr Shqip\u00ebrin\u00eb 2019 Raporti i Komisionit Evropian p\u00ebr Shqip\u00ebrin\u00eb 2018 Raporti i Komisionit Evropian p\u00ebr Shqip\u00ebrin\u00eb 2016 Raporti i Komisionit Evropian p\u00ebr Shqip\u00ebrin\u00eb 2015 &#8211; Dokumente t\u00eb [&hellip;]<\/p>\n","protected":false},"author":1,"featured_media":0,"parent":3599,"menu_order":0,"comment_status":"closed","ping_status":"closed","template":"","meta":{"_acf_changed":false,"footnotes":""},"class_list":["post-3625","page","type-page","status-publish","hentry"],"translation":{"provider":"WPGlobus","version":"2.12.2","language":"al","enabled_languages":["al","en"],"languages":{"al":{"title":true,"content":true,"excerpt":false},"en":{"title":true,"content":true,"excerpt":false}}},"acf":[],"_links":{"self":[{"href":"http:\/\/51.68.177.34\/jashtme\/wp-json\/wp\/v2\/pages\/3625"}],"collection":[{"href":"http:\/\/51.68.177.34\/jashtme\/wp-json\/wp\/v2\/pages"}],"about":[{"href":"http:\/\/51.68.177.34\/jashtme\/wp-json\/wp\/v2\/types\/page"}],"author":[{"embeddable":true,"href":"http:\/\/51.68.177.34\/jashtme\/wp-json\/wp\/v2\/users\/1"}],"replies":[{"embeddable":true,"href":"http:\/\/51.68.177.34\/jashtme\/wp-json\/wp\/v2\/comments?post=3625"}],"version-history":[{"count":8,"href":"http:\/\/51.68.177.34\/jashtme\/wp-json\/wp\/v2\/pages\/3625\/revisions"}],"predecessor-version":[{"id":3688,"href":"http:\/\/51.68.177.34\/jashtme\/wp-json\/wp\/v2\/pages\/3625\/revisions\/3688"}],"up":[{"embeddable":true,"href":"http:\/\/51.68.177.34\/jashtme\/wp-json\/wp\/v2\/pages\/3599"}],"wp:attachment":[{"href":"http:\/\/51.68.177.34\/jashtme\/wp-json\/wp\/v2\/media?parent=3625"}],"curies":[{"name":"wp","href":"https:\/\/api.w.org\/{rel}","templated":true}]}}