{"id":3617,"date":"2023-07-20T09:31:00","date_gmt":"2023-07-20T09:31:00","guid":{"rendered":"http:\/\/51.68.177.34\/jashtme\/?page_id=3617"},"modified":"2023-07-20T09:31:31","modified_gmt":"2023-07-20T09:31:31","slug":"programi-i-reformave-ekonomike-2019-2021","status":"publish","type":"page","link":"http:\/\/51.68.177.34\/jashtme\/integrimi-ne-be\/anetaresimi-ne-be\/programi-i-reformave-ekonomike-2019-2021\/","title":{"rendered":"Programi i Reformave Ekonomike 2019-2021"},"content":{"rendered":"<p>Rruga drejt q\u00ebndrueshm\u00ebris\u00eb ekonomike dhe konsolidimit fiskal, n\u00eb p\u00ebrputhje me objektivat e integrimit t\u00eb Bashkimit Evropian dhe me k\u00ebrkesat p\u00ebr rritje t\u00eb q\u00ebndrueshme, i kane dh\u00ebn\u00eb form\u00eb modelit ekonomik dhe reformave t\u00eb marra p\u00ebrsip\u00ebr nga Qeveria e Shqip\u00ebris\u00eb. Shqip\u00ebria ka b\u00ebr\u00eb p\u00ebrpjekje drejt krijimit t\u00eb nj\u00eb ekonomie tregu t\u00eb mir\u00eb strukturuar e aft\u00eb p\u00ebr t\u00eb p\u00ebrballuar presionet konkurruese dhe forcat e tregut pas an\u00ebtar\u00ebsimit n\u00eb BE.<\/p>\n<p>Programi i Reformave Ekonomike 2019 &#8211; 2021 n\u00ebnvizon politikat kryesore makroekonomike dhe fiskale duke synuar t\u00eb vendos\u00eb nj\u00eb balanc\u00eb t\u00eb qart\u00eb midis forcave t\u00eb brendshme dhe k\u00ebrc\u00ebnimeve nga jasht\u00eb, p\u00ebr t\u00eb mund\u00ebsuar rritje t\u00eb q\u00ebndrueshme, rritje t\u00eb pun\u00ebsimit dhe ulje t\u00eb borxhit publik. P\u00ebr m\u00eb tep\u00ebr, ERP paraqet dhe reformat strukturore prioritare t\u00eb parashikuara nga Qeveria e Shqip\u00ebris\u00eb p\u00ebr periudh\u00ebn afatmesme p\u00ebr t\u00eb rritur prodhimin e brendsh\u00ebm, p\u00ebr t\u00eb nxitur investime t\u00eb reja dhe p\u00ebr t\u00eb siguruar rritje t\u00eb q\u00ebndrueshme dhe konkurrueshm\u00ebri.<\/p>\n<p><a href=\"https:\/\/qbz.gov.al\/eli\/fz\/2019\/14\/0a27faeb-674d-4906-a956-6d6921043696\" target=\"_blank\" rel=\"noopener\"><strong>Programi i Reformave Ekonomike 2019-2021<\/strong><\/a><\/p>\n","protected":false},"excerpt":{"rendered":"<p>Rruga drejt q\u00ebndrueshm\u00ebris\u00eb ekonomike dhe konsolidimit fiskal, n\u00eb p\u00ebrputhje me objektivat e integrimit t\u00eb Bashkimit Evropian dhe me k\u00ebrkesat p\u00ebr rritje t\u00eb q\u00ebndrueshme, i kane dh\u00ebn\u00eb form\u00eb modelit ekonomik dhe reformave t\u00eb marra p\u00ebrsip\u00ebr nga Qeveria e Shqip\u00ebris\u00eb. Shqip\u00ebria ka b\u00ebr\u00eb p\u00ebrpjekje drejt krijimit t\u00eb nj\u00eb ekonomie tregu t\u00eb mir\u00eb strukturuar e aft\u00eb p\u00ebr t\u00eb [&hellip;]<\/p>\n","protected":false},"author":1,"featured_media":0,"parent":3599,"menu_order":0,"comment_status":"closed","ping_status":"closed","template":"","meta":{"_acf_changed":false,"footnotes":""},"class_list":["post-3617","page","type-page","status-publish","hentry"],"translation":{"provider":"WPGlobus","version":"2.12.2","language":"al","enabled_languages":["al","en"],"languages":{"al":{"title":true,"content":true,"excerpt":false},"en":{"title":true,"content":true,"excerpt":false}}},"acf":[],"_links":{"self":[{"href":"http:\/\/51.68.177.34\/jashtme\/wp-json\/wp\/v2\/pages\/3617"}],"collection":[{"href":"http:\/\/51.68.177.34\/jashtme\/wp-json\/wp\/v2\/pages"}],"about":[{"href":"http:\/\/51.68.177.34\/jashtme\/wp-json\/wp\/v2\/types\/page"}],"author":[{"embeddable":true,"href":"http:\/\/51.68.177.34\/jashtme\/wp-json\/wp\/v2\/users\/1"}],"replies":[{"embeddable":true,"href":"http:\/\/51.68.177.34\/jashtme\/wp-json\/wp\/v2\/comments?post=3617"}],"version-history":[{"count":2,"href":"http:\/\/51.68.177.34\/jashtme\/wp-json\/wp\/v2\/pages\/3617\/revisions"}],"predecessor-version":[{"id":3619,"href":"http:\/\/51.68.177.34\/jashtme\/wp-json\/wp\/v2\/pages\/3617\/revisions\/3619"}],"up":[{"embeddable":true,"href":"http:\/\/51.68.177.34\/jashtme\/wp-json\/wp\/v2\/pages\/3599"}],"wp:attachment":[{"href":"http:\/\/51.68.177.34\/jashtme\/wp-json\/wp\/v2\/media?parent=3617"}],"curies":[{"name":"wp","href":"https:\/\/api.w.org\/{rel}","templated":true}]}}