{"id":3608,"date":"2023-07-20T09:25:22","date_gmt":"2023-07-20T09:25:22","guid":{"rendered":"http:\/\/51.68.177.34\/jashtme\/?page_id=3608"},"modified":"2023-07-20T09:26:26","modified_gmt":"2023-07-20T09:26:26","slug":"plani-kombetar-i-integrimit","status":"publish","type":"page","link":"http:\/\/51.68.177.34\/jashtme\/integrimi-ne-be\/anetaresimi-ne-be\/plani-kombetar-i-integrimit\/","title":{"rendered":"Plani Komb\u00ebtar i Integrimit"},"content":{"rendered":"<p>Plani Komb\u00ebtar i Integrimit Europian (PKIE) \u00ebsht\u00eb nj\u00eb dokument i qeveris\u00eb shqiptare i cili p\u00ebrgatitet n\u00eb kuad\u00ebr t\u00eb pro\u00e7esit t\u00eb integrimit t\u00eb Shqip\u00ebris\u00eb n\u00eb Bashkimin Europian. Ai p\u00ebrfshin aktet ligjore t\u00eb parashikuara p\u00ebr t\u2019u miratuar nga institucionet shqiptare p\u00ebr nj\u00eb periudh\u00eb 3-vjecare. K\u00ebto akte p\u00ebrafrojn\u00eb direktiva dhe rregullore t\u00eb BE-s\u00eb si dhe standarded m\u00eb t\u00eb mira europiane dhe nd\u00ebrkomb\u00ebtare. Aktet ligjore t\u00eb parashikuara p\u00ebr p\u00ebrafrim jan\u00eb t\u00eb ndara n\u00eb 33 kapituj t\u00eb acquis, ku secili kapitull trajton nj\u00eb fush\u00eb t\u00eb caktuar t\u00eb politik\u00ebs s\u00eb BE-s\u00eb.<\/p>\n<p>Hartimi i nje Plani per p\u00ebrafrimin e acquis ka nisur ne shtator 2007, me miratimin e\u00a0Planit Kombetar per Zbatimin e MSA-se (PKZMSA) 2007\u20132012.<\/p>\n<p>Plani komb\u00ebtar n\u00eb form\u00ebn q\u00eb ka sot ka qen\u00eb p\u00ebr periudh\u00ebn 2014-2020. Ky plan u shfuqizua me miratimin e PKIE 2015-2020.<\/p>\n<p><a href=\"https:\/\/qbz.gov.al\/eli\/vendim\/2015\/05\/13\/404\" target=\"_blank\" rel=\"noopener\"><strong>Plani Komb\u00ebtar i Integrimit &#8211; PKIE<\/strong> <strong>2015-2020<\/strong><\/a>\u00a0 \u00a0 \u00a0<u><\/u><\/p>\n","protected":false},"excerpt":{"rendered":"<p>Plani Komb\u00ebtar i Integrimit Europian (PKIE) \u00ebsht\u00eb nj\u00eb dokument i qeveris\u00eb shqiptare i cili p\u00ebrgatitet n\u00eb kuad\u00ebr t\u00eb pro\u00e7esit t\u00eb integrimit t\u00eb Shqip\u00ebris\u00eb n\u00eb Bashkimin Europian. Ai p\u00ebrfshin aktet ligjore t\u00eb parashikuara p\u00ebr t\u2019u miratuar nga institucionet shqiptare p\u00ebr nj\u00eb periudh\u00eb 3-vjecare. K\u00ebto akte p\u00ebrafrojn\u00eb direktiva dhe rregullore t\u00eb BE-s\u00eb si dhe standarded m\u00eb t\u00eb [&hellip;]<\/p>\n","protected":false},"author":1,"featured_media":0,"parent":3599,"menu_order":0,"comment_status":"closed","ping_status":"closed","template":"","meta":{"_acf_changed":false,"footnotes":""},"class_list":["post-3608","page","type-page","status-publish","hentry"],"translation":{"provider":"WPGlobus","version":"2.12.2","language":"al","enabled_languages":["al","en"],"languages":{"al":{"title":true,"content":true,"excerpt":false},"en":{"title":true,"content":true,"excerpt":false}}},"acf":[],"_links":{"self":[{"href":"http:\/\/51.68.177.34\/jashtme\/wp-json\/wp\/v2\/pages\/3608"}],"collection":[{"href":"http:\/\/51.68.177.34\/jashtme\/wp-json\/wp\/v2\/pages"}],"about":[{"href":"http:\/\/51.68.177.34\/jashtme\/wp-json\/wp\/v2\/types\/page"}],"author":[{"embeddable":true,"href":"http:\/\/51.68.177.34\/jashtme\/wp-json\/wp\/v2\/users\/1"}],"replies":[{"embeddable":true,"href":"http:\/\/51.68.177.34\/jashtme\/wp-json\/wp\/v2\/comments?post=3608"}],"version-history":[{"count":4,"href":"http:\/\/51.68.177.34\/jashtme\/wp-json\/wp\/v2\/pages\/3608\/revisions"}],"predecessor-version":[{"id":3612,"href":"http:\/\/51.68.177.34\/jashtme\/wp-json\/wp\/v2\/pages\/3608\/revisions\/3612"}],"up":[{"embeddable":true,"href":"http:\/\/51.68.177.34\/jashtme\/wp-json\/wp\/v2\/pages\/3599"}],"wp:attachment":[{"href":"http:\/\/51.68.177.34\/jashtme\/wp-json\/wp\/v2\/media?parent=3608"}],"curies":[{"name":"wp","href":"https:\/\/api.w.org\/{rel}","templated":true}]}}