{"id":3603,"date":"2023-07-20T09:19:47","date_gmt":"2023-07-20T09:19:47","guid":{"rendered":"http:\/\/51.68.177.34\/jashtme\/?page_id=3603"},"modified":"2023-07-20T10:06:23","modified_gmt":"2023-07-20T10:06:23","slug":"historiku","status":"publish","type":"page","link":"http:\/\/51.68.177.34\/jashtme\/integrimi-ne-be\/anetaresimi-ne-be\/historiku\/","title":{"rendered":"Historiku"},"content":{"rendered":"<p><strong><i>Marr\u00ebdh\u00ebniet e vendit ton\u00eb me Bashkimin Europian, bazuar n\u00eb objektivin komb\u00ebtar t\u00eb integrimit n\u00eb BE, jan\u00eb strategjike dhe prioritare t\u00eb politik\u00ebs son\u00eb t\u00eb jashtme. Interesi par\u00ebsor i Shqip\u00ebris\u00eb n\u00eb raport me BE \u00ebsht\u00eb an\u00ebtar\u00ebsimi n\u00eb BE n\u00eb t\u00eb ardhmen. Objektivi aktual mbetet hapja zyrtare e bisedimeve t\u00eb an\u00ebtar\u00ebsimit, si nj\u00eb hap ky\u00e7 dhe cil\u00ebsor drejt realizimit t\u00eb objektivit final t\u00eb an\u00ebtar\u00ebsimit n\u00eb BE. Vijon puna p\u00ebr t\u00eb konkretizuar pritshm\u00ebrit\u00eb p\u00ebr marrjen e nj\u00eb vendimi pozitiv p\u00ebr hapjen e bisedimeve me BE-n\u00eb.<\/i><\/strong><\/p>\n<p>N\u00eb vitin 1991 Shqip\u00ebria vendosi marr\u00ebdh\u00ebniet diplomatike me Komunitetin Evropian.<\/p>\n<p>N\u00eb vitin 2000, Shqip\u00ebria u njoh zyrtarisht nga Bashkimi Evropian si nj\u00eb vend kandidat potencial.<\/p>\n<p>Samiti i Selanikut i krer\u00ebve t\u00eb vendeve t\u00eb BE, n\u00eb 2003, miratoi procesin e Stabilizim-Asociimit, duke konfirmuar k\u00ebshtu perspektiv\u00ebn e an\u00ebtar\u00ebsimit n\u00eb BE t\u00eb vendeve t\u00eb Ballkanit Per\u00ebndimor, p\u00ebrfshir\u00eb Shqip\u00ebrin\u00eb.<\/p>\n<p>Negociatat p\u00ebr Marr\u00ebveshjen e Stabilitetit dhe Asociimit BE-Shqip\u00ebri nis\u00ebn n\u00eb 2003. Procesi i negociatave rreth Marr\u00ebveshjes s\u00eb Stabilizim-Asociimit me Shqip\u00ebrin\u00eb u p\u00ebrmbyll dhe u n\u00ebnshkrua n\u00eb K\u00ebshillin e \u00c7\u00ebshtjeve t\u00eb P\u00ebrgjithshme (GAC), n\u00eb Luksemburg me 12 qershor 2006.<\/p>\n<p>MSA-ja hyri n\u00eb fuqi m\u00eb 1 Prill 2009. Po n\u00eb prill 2009, Shqip\u00ebria aplikoi zyrtarisht p\u00ebr t\u2019u an\u00ebtar\u00ebsuar n\u00eb BE.<\/p>\n<p>N\u00eb n\u00ebntor 2009, bazuar n\u00eb pyet\u00ebsorin q\u00eb Komisioni Evropian i dor\u00ebzoi Shqip\u00ebris\u00eb n\u00eb lidhje me p\u00ebrgatitjen e vendit p\u00ebr an\u00ebtar\u00ebsim, filluan edhe negociatat p\u00ebr marrjen e statusit t\u00eb vendit kandidat.<\/p>\n<p>N\u00eb 27 qershor 2014 Shqip\u00ebris\u00eb mori statusin e vendit kandidat. K\u00ebshilli p\u00ebrcaktoi pes\u00eb p\u00ebrpar\u00ebsi kryesore (administrata publike, sundimi i ligjit, lufta kund\u00ebr korrupsionit, krimit t\u00eb organizuar, t\u00eb drejtat themelore) q\u00eb Shqip\u00ebria duhej t\u00eb p\u00ebrmbushte p\u00ebrpara fillimit t\u00eb negociatave t\u00eb pranimit<\/p>\n<p>Me 9 n\u00ebntor t\u00eb vitit 2016, bazuar n\u00eb arritjet n\u00eb k\u00ebto p\u00ebrpar\u00ebsi ky\u00e7e Komisioni i propozoi p\u00ebr her\u00eb t\u00eb par\u00eb K\u00ebshillit, fillimin e negociatave t\u00eb pranimit me Shqip\u00ebrin\u00eb, n\u00eb var\u00ebsi t\u00eb nj\u00eb progresi konkret n\u00eb zbatimin e reform\u00ebs n\u00eb drejt\u00ebsi, n\u00eb ve\u00e7ati t\u00eb vetingut t\u00eb gjyqtar\u00ebve dhe prokuror\u00ebve.<\/p>\n<p>M\u00eb 17 Prill 2018, n\u00eb Paket\u00ebn e tij vjetore t\u00eb Zgjerimit, Komisioni Evropian rekomandoi q\u00eb K\u00ebshilli t\u00eb vendos\u00eb q\u00eb negociatat e pranimit t\u00eb hapen me Shqip\u00ebrin\u00eb n\u00ebn drit\u00ebn e p\u00ebrparimit t\u00eb sh\u00ebnuar, ruajtjes dhe thellimit t\u00eb reformave nga Shqip\u00ebria.<\/p>\n<p>M\u00eb 26 qershor 2018, K\u00ebshilli i \u00c7\u00ebshtjeve t\u00eb P\u00ebrgjithshme t\u00eb BE-s\u00eb pranoi t\u2019i p\u00ebrgjigjet pozitivisht progresit t\u00eb b\u00ebr\u00eb nga Shqip\u00ebria dhe t\u00eb p\u00ebrcaktoj\u00eb rrug\u00ebn drejt hapjes s\u00eb negociatave t\u00eb pranimit n\u00eb qershor 2019.<\/p>\n<p>M\u00eb 29 maj 2019, Komisioni Evropian prezantoi Paket\u00ebn vjetore t\u00eb Zgjerimit, duke rekomanduar s\u00ebrish hapjen e menj\u00ebhershme t\u00eb negociatave t\u00eb an\u00ebtar\u00ebsimit p\u00ebr Shqip\u00ebrin\u00eb.<\/p>\n<p>K\u00ebshilli i \u00c7\u00ebshtjeve t\u00eb P\u00ebrgjithshme i 18 qershorit 2019 riafirmoi konkluzionet e tij t\u00eb 26 qershorit 2018, njohu rekomandimin pozitiv t\u00eb Komisionit p\u00ebr hapjen e negociatave dhe vendosi t\u00eb marr\u00eb nj\u00eb vendim t\u00eb qart\u00eb dhe substancial p\u00ebr k\u00ebt\u00eb jo m\u00eb \u00a0von\u00eb se tetor 2019.<\/p>\n<p>K\u00ebshilli Evropian i 17-18 tetorit 2019, mori n\u00eb shqyrtim hapjen e negociatave t\u00eb an\u00ebtar\u00ebsimit me Shqip\u00ebrin\u00eb. K\u00ebshilli vendosi t\u2019i rikthehej k\u00ebsaj \u00e7\u00ebshtjeje p\u00ebrpara majit 2020.<\/p>\n<p>&nbsp;<\/p>\n<p><strong>Regjimi pa viza<\/strong><br \/>\nM\u00eb 9 n\u00ebntor 2006, Komisioni Evropian vendosi t\u00eb filloj\u00eb negociatat p\u00ebr leht\u00ebsimin e vizave me Shqip\u00ebrin\u00eb.<\/p>\n<p>Marr\u00ebveshja p\u00ebr leht\u00ebsimin e vizave u n\u00ebnshkrua nga pal\u00ebt n\u00eb 13 Prill 2007, n\u00eb Zagreb. Ajo hapi rrug\u00ebn q\u00eb t\u00eb arrihej heqja e plot\u00eb e vizave dhe l\u00ebvizja e lir\u00eb p\u00ebr qytetar\u00ebt shqiptar\u00eb drejt vendeve t\u00eb BE.<\/p>\n<p>Pas hyrjes s\u00eb marr\u00ebveshjes n\u00eb fuqi, m\u00eb 1 Janar 2008, m\u00eb 7 Mars 2008, n\u00eb Tiran\u00eb, filluan negociatat midis Komisionit Evropian dhe Qeveris\u00eb shqiptare p\u00ebr t\u00eb arritur konsensusin p\u00ebr liberalizimin e vizave midis pal\u00ebve.<\/p>\n<p>N\u00eb p\u00ebrfundim t\u00eb bisedimeve, n\u00eb maj 2010 Komisioni propozoi t\u2019iu mund\u00ebsohej shtetasve t\u00eb Shqip\u00ebris\u00eb udh\u00ebtimi drejt vendeve t\u00eb Shengenit pa pasur nevoj\u00eb p\u00ebr viz\u00eb afatshkurt\u00ebr.<\/p>\n<p>M\u00eb 8 n\u00ebntor 2010, K\u00ebshilli miratoi propozimin e Komisionit dhe rregjimi pa viza hyri n\u00eb fuqi m\u00eb 15 dhjetor 2010.<\/p>\n<p>Komisioni Evropian \u00ebsht\u00eb i autorizuar dhe i detyruar t\u00eb vler\u00ebsoj\u00eb \u00e7do vit zbatimin e marr\u00ebveshjes. N\u00eb raportin e tij t\u00eb fundit n\u00eb dhjetor 2018, Komisioni Evropian deklaroi se Shqip\u00ebria i ka p\u00ebrmbushur detyrimet, duke propozuar ruajtjen e k\u00ebtij regjimi me Shqip\u00ebrin\u00eb. (<a href=\"https:\/\/home-affairs.ec.europa.eu\/sites\/default\/files\/what-we-do\/policies\/european-agenda-migration\/20181219_com-2018-856-report_en.pdf\" target=\"_blank\" rel=\"noopener\"><i>Kliko k\u00ebtu<\/i><\/a>)<\/p>\n","protected":false},"excerpt":{"rendered":"<p>Marr\u00ebdh\u00ebniet e vendit ton\u00eb me Bashkimin Europian, bazuar n\u00eb objektivin komb\u00ebtar t\u00eb integrimit n\u00eb BE, jan\u00eb strategjike dhe prioritare t\u00eb politik\u00ebs son\u00eb t\u00eb jashtme. Interesi par\u00ebsor i Shqip\u00ebris\u00eb n\u00eb raport me BE \u00ebsht\u00eb an\u00ebtar\u00ebsimi n\u00eb BE n\u00eb t\u00eb ardhmen. Objektivi aktual mbetet hapja zyrtare e bisedimeve t\u00eb an\u00ebtar\u00ebsimit, si nj\u00eb hap ky\u00e7 dhe cil\u00ebsor drejt [&hellip;]<\/p>\n","protected":false},"author":1,"featured_media":0,"parent":3599,"menu_order":0,"comment_status":"closed","ping_status":"closed","template":"","meta":{"_acf_changed":false,"footnotes":""},"class_list":["post-3603","page","type-page","status-publish","hentry"],"translation":{"provider":"WPGlobus","version":"2.12.2","language":"al","enabled_languages":["al","en"],"languages":{"al":{"title":true,"content":true,"excerpt":false},"en":{"title":true,"content":true,"excerpt":false}}},"acf":[],"_links":{"self":[{"href":"http:\/\/51.68.177.34\/jashtme\/wp-json\/wp\/v2\/pages\/3603"}],"collection":[{"href":"http:\/\/51.68.177.34\/jashtme\/wp-json\/wp\/v2\/pages"}],"about":[{"href":"http:\/\/51.68.177.34\/jashtme\/wp-json\/wp\/v2\/types\/page"}],"author":[{"embeddable":true,"href":"http:\/\/51.68.177.34\/jashtme\/wp-json\/wp\/v2\/users\/1"}],"replies":[{"embeddable":true,"href":"http:\/\/51.68.177.34\/jashtme\/wp-json\/wp\/v2\/comments?post=3603"}],"version-history":[{"count":7,"href":"http:\/\/51.68.177.34\/jashtme\/wp-json\/wp\/v2\/pages\/3603\/revisions"}],"predecessor-version":[{"id":3683,"href":"http:\/\/51.68.177.34\/jashtme\/wp-json\/wp\/v2\/pages\/3603\/revisions\/3683"}],"up":[{"embeddable":true,"href":"http:\/\/51.68.177.34\/jashtme\/wp-json\/wp\/v2\/pages\/3599"}],"wp:attachment":[{"href":"http:\/\/51.68.177.34\/jashtme\/wp-json\/wp\/v2\/media?parent=3603"}],"curies":[{"name":"wp","href":"https:\/\/api.w.org\/{rel}","templated":true}]}}