{"id":3208,"date":"2023-05-18T11:26:26","date_gmt":"2023-05-18T11:26:26","guid":{"rendered":"http:\/\/51.68.177.34\/jashtme\/?page_id=3208"},"modified":"2023-07-25T10:43:06","modified_gmt":"2023-07-25T10:43:06","slug":"kontakt-per-informacione-konsullore","status":"publish","type":"page","link":"http:\/\/51.68.177.34\/jashtme\/kontakt-per-informacione-konsullore\/","title":{"rendered":"Kontakt per Informacione Konsullore"},"content":{"rendered":"<div class=\"menuf\">\n<ul style=\"list-style: none;\">\n<li id=\"text-12\" class=\"widget widget_text\">\n<div class=\"textwidget\">\n<div id=\"left\">\n<p style=\"text-align: center;\" data-wahfont=\"16\"><strong class=\"widget_title\">Kontakt<\/strong><\/p>\n<hr \/>\n<p style=\"text-align: center;\" data-wahfont=\"16\">Ministria p\u00ebr Evrop\u00ebn dhe Pun\u00ebt e Jashtme<\/p>\n<p style=\"text-align: center;\" data-wahfont=\"16\">Adresa: <strong><a href=\"https:\/\/goo.gl\/maps\/X3Sa31UMGZhWRVtj6\">Bulevardi \u2018Gjergj Fishta\u2019, Nr 6. Tiran\u00eb<\/a><\/strong><\/p>\n<p style=\"text-align: center;\" data-wahfont=\"16\"><strong><a href=\"mailto:info@mfa.gov.al\" data-wahfont=\"16\">Posta elektronike zyrtare<\/a><\/strong><\/p>\n<hr \/>\n<\/div>\n<p data-wahfont=\"16\">\n<\/div>\n<\/li>\n<\/ul>\n<\/div>\n<div class=\"menuf\">\n<ul style=\"list-style: none;\">\n<li id=\"text-13\" class=\"widget widget_text\">\n<div class=\"textwidget\">\n<div id=\"center\">\n<p style=\"text-align: center;\" data-wahfont=\"16\"><strong class=\"widget_title\">Informacione Konsullore<\/strong><\/p>\n<hr \/>\n<p style=\"text-align: center;\" data-wahfont=\"16\">P\u00ebr informacione konsullore, probleme t\u00eb qytetar\u00ebve shqiptar\u00eb brenda dhe jasht\u00eb vendit, kontaktoni n\u00eb:<\/p>\n<p style=\"text-align: center;\" data-wahfont=\"16\">Tel:<strong><a href=\"tel:+355 (0) 42340358\">+355 (0) 42340358<\/a><\/strong><\/p>\n<p style=\"text-align: center;\" data-wahfont=\"16\">Mund t\u00eb kontaktoni:<\/p>\n<p style=\"text-align: center;\" data-wahfont=\"16\">E H\u00ebn\u00eb \u2013 E Enjte 08.00 \u2013 16.30<\/p>\n<p style=\"text-align: center;\" data-wahfont=\"16\">E Premte 08.00 \u2013 14.00<\/p>\n<p style=\"text-align: center;\" data-wahfont=\"16\"><strong><a href=\"mailto:DK@mfa.gov.al\" data-wahfont=\"16\">E-mail: DK@mfa.gov.al<\/a><\/strong><\/p>\n<hr \/>\n<\/div>\n<\/div>\n<\/li>\n<\/ul>\n<\/div>\n","protected":false},"excerpt":{"rendered":"<p>Kontakt Ministria p\u00ebr Evrop\u00ebn dhe Pun\u00ebt e Jashtme Adresa: Bulevardi \u2018Gjergj Fishta\u2019, Nr 6. Tiran\u00eb Posta elektronike zyrtare Informacione Konsullore P\u00ebr informacione konsullore, probleme t\u00eb qytetar\u00ebve shqiptar\u00eb brenda dhe jasht\u00eb vendit, kontaktoni n\u00eb: Tel:+355 (0) 42340358 Mund t\u00eb kontaktoni: E H\u00ebn\u00eb \u2013 E Enjte 08.00 \u2013 16.30 E Premte 08.00 \u2013 14.00 E-mail: DK@mfa.gov.al<\/p>\n","protected":false},"author":1,"featured_media":4040,"parent":0,"menu_order":0,"comment_status":"closed","ping_status":"closed","template":"","meta":{"_acf_changed":false,"footnotes":""},"class_list":["post-3208","page","type-page","status-publish","has-post-thumbnail","hentry"],"translation":{"provider":"WPGlobus","version":"2.12.2","language":"al","enabled_languages":["al","en"],"languages":{"al":{"title":true,"content":true,"excerpt":false},"en":{"title":true,"content":true,"excerpt":false}}},"acf":[],"_links":{"self":[{"href":"http:\/\/51.68.177.34\/jashtme\/wp-json\/wp\/v2\/pages\/3208"}],"collection":[{"href":"http:\/\/51.68.177.34\/jashtme\/wp-json\/wp\/v2\/pages"}],"about":[{"href":"http:\/\/51.68.177.34\/jashtme\/wp-json\/wp\/v2\/types\/page"}],"author":[{"embeddable":true,"href":"http:\/\/51.68.177.34\/jashtme\/wp-json\/wp\/v2\/users\/1"}],"replies":[{"embeddable":true,"href":"http:\/\/51.68.177.34\/jashtme\/wp-json\/wp\/v2\/comments?post=3208"}],"version-history":[{"count":12,"href":"http:\/\/51.68.177.34\/jashtme\/wp-json\/wp\/v2\/pages\/3208\/revisions"}],"predecessor-version":[{"id":4365,"href":"http:\/\/51.68.177.34\/jashtme\/wp-json\/wp\/v2\/pages\/3208\/revisions\/4365"}],"wp:featuredmedia":[{"embeddable":true,"href":"http:\/\/51.68.177.34\/jashtme\/wp-json\/wp\/v2\/media\/4040"}],"wp:attachment":[{"href":"http:\/\/51.68.177.34\/jashtme\/wp-json\/wp\/v2\/media?parent=3208"}],"curies":[{"name":"wp","href":"https:\/\/api.w.org\/{rel}","templated":true}]}}