{"id":3120,"date":"2023-05-18T08:07:03","date_gmt":"2023-05-18T08:07:03","guid":{"rendered":"http:\/\/51.68.177.34\/jashtme\/?page_id=3120"},"modified":"2023-07-25T09:42:04","modified_gmt":"2023-07-25T09:42:04","slug":"informacion-mbi-levizjen-e-shtetasve-shqiptare-ne-shtetet-e-huaja","status":"publish","type":"page","link":"http:\/\/51.68.177.34\/jashtme\/informacion-mbi-levizjen-e-shtetasve-shqiptare-ne-shtetet-e-huaja\/","title":{"rendered":"Informacion Mbi Levizjen E Shtetasve Shqiptare Ne Shtetet E Huaja"},"content":{"rendered":"<p data-wahfont=\"13\"><strong>INFORMACION MBI KRITERET E L\u00cbVIZJES S\u00cb SHTETASVE SHQIPTAR\u00cb, N\u00cb SHTETET E HUAJA.<\/strong><\/p>\n<p data-wahfont=\"13\">Ministria p\u00ebr Evrop\u00ebn dhe Pun\u00ebt e Jashtme, nisur nga situata e krijuar prej kufizimeve t\u00eb l\u00ebvizjes t\u00eb udh\u00ebtar\u00ebve jasht\u00eb vendit p\u00ebr shkak t\u00eb Covid-19, me q\u00ebllim parandalimin e situatave problematike, informon n\u00eb koh\u00eb reale p\u00ebr \u00e7do ndryshim t\u00eb k\u00ebtij regjimi q\u00eb lidhet me l\u00ebvizjen e qytetar\u00ebve shqiptar\u00eb.<\/p>\n<p data-wahfont=\"13\">Komisioni Evropian ka aprovuar certifikat\u00ebn digjitale t\u00eb vaksinimit t\u00eb Covid-19 p\u00ebr Shqip\u00ebrin\u00eb. <i><a href=\"https:\/\/ec.europa.eu\/info\/live-work-travel-eu\/coronavirus-response\/safe-covid-19-vaccines-europeans\/eu-digital-covid-certificate_en#recognition-by-the-eu-of-covid-certificates-issued-by-third-non-eu-countries\/\" target=\"_blank\" rel=\"noopener\">(Kliko k\u00ebtu)<\/a><\/i><\/p>\n<p data-wahfont=\"13\">Kjo certifikat\u00eb \u00ebsht\u00eb ekuivalente me certifikat\u00ebn digjitale t\u00eb Bashkimit Evropian, e lidhur me sistemin e BE dhe e njohur me t\u00eb nj\u00ebjtat kushte dhe vlefshm\u00ebri.<\/p>\n<p data-wahfont=\"13\">N\u00eb t\u00eb nj\u00ebjt\u00ebn koh\u00eb, Shqip\u00ebria ka dakord\u00ebsuar njohjen e certifikatave digjitale t\u00eb BE, p\u00ebr udh\u00ebtimet nga \u00e7do vend i BE drejt Shqip\u00ebris\u00eb. Pas vaksinimit t\u00eb plot\u00eb, shtetasit shqiptar\u00eb mund t\u00eb l\u00ebvizin lirisht n\u00eb vendet e BE.<\/p>\n<p data-wahfont=\"13\">K\u00ebshilli i Bashkimit Evropian ka rekomanduar kritere dhe rregulla t\u00eb caktuara p\u00ebr vendet e treta, referuar l\u00ebvizjes n\u00eb vendet e BE. Konkretisht K\u00ebshilli rekomandon q\u00eb shtetet an\u00ebtare t\u00eb BE-s\u00eb duhet t\u00eb lejojn\u00eb udh\u00ebtimet jo-thelb\u00ebsore edhe p\u00ebr vendet e treta, ku p\u00ebrfshihet edhe Shqip\u00ebria. Duke filluar nga data 1 mars 2022, do t\u00eb lejohen t\u00eb udh\u00ebtojn\u00eb drejt vendeve t\u00eb BE-s\u00eb:<\/p>\n<p data-wahfont=\"13\">\u2013 Personat e vaksinuar me nj\u00eb vaksin\u00eb t\u00eb miratuar nga BE ose OBSH, me kushtin q\u00eb t\u00eb ken\u00eb kaluar t\u00eb pakt\u00ebn 14 dit\u00eb nga marrja e doz\u00ebs s\u00eb fundit dhe jo m\u00eb shum\u00eb se 270 dit\u00eb para mb\u00ebrritjes n\u00eb nj\u00eb shtet t\u00eb BE-s\u00eb;<\/p>\n<p data-wahfont=\"13\">-Personat e rikuperuar nga COVID-19;<\/p>\n<p data-wahfont=\"13\">-P\u00ebr disa nga k\u00ebta udh\u00ebtar\u00eb, mund t\u00eb zbatohen masa shtes\u00eb si testimi PCR p\u00ebrpara udh\u00ebtimit.<\/p>\n<p data-wahfont=\"13\">-P\u00ebr f\u00ebmij\u00ebt e mosh\u00ebs n\u00ebn 6 vje\u00e7, K\u00ebshilli rekomandon t\u00eb mos k\u00ebrkohet apo zbatohet asnj\u00eb mas\u00eb shtes\u00eb.<\/p>\n<p data-wahfont=\"13\">P\u00ebr informacion t\u00eb p\u00ebrdit\u00ebsuar mbi rekomandimet e K\u00ebshillit, klikoni n\u00eb linkun bashkangjitur:<\/p>\n<p data-wahfont=\"13\"><i><a href=\"https:\/\/www.consilium.europa.eu\/en\/press\/press-releases\/2022\/02\/22\/covid-19-council-updates-recommendation-on-non-essential-travel-from-third-countries\/\" data-wahfont=\"13\">https:\/\/www.consilium.europa.eu\/en\/press\/press-releases\/2022\/02\/22\/covid-19-council-updates-recommendation-on-non-essential-travel-from-third-countries\/<\/a><\/i><\/p>\n<p data-wahfont=\"13\"><strong>Kujdes<\/strong>! Disa prej vendeve t\u00eb BE mund t\u00eb aplikojn\u00eb protokolle m\u00eb specifike, ndaj duhet t\u00eb lexoni informacionet e p\u00ebrdit\u00ebsuara sipas \u00e7do shteti. Gjithkush ka p\u00ebrgjegj\u00ebsin\u00eb individuale dhe kolektive p\u00ebr t\u2019i respektuar k\u00ebto rregulla.<\/p>\n<p data-wahfont=\"13\">P\u00ebr m\u00eb shum\u00eb informacion p\u00ebr l\u00ebvizjen n\u00eb vendet e BE-s\u00eb:\u00a0<i>\u00a0<a href=\"https:\/\/reopen.europa.eu\/en\/\" data-wahfont=\"13\">https:\/\/reopen.europa.eu\/en\/<\/a><\/i><\/p>\n<p data-wahfont=\"13\"><i><a href=\"https:\/\/ec.europa.eu\/info\/live-work-travel-eu\/coronavirus-response\/safe-covid-19-vaccines-europeans\/eu-digital-covid-certificate_en\/\" data-wahfont=\"13\">https:\/\/ec.europa.eu\/info\/live-work-travel-eu\/coronavirus-response\/safe-covid-19-vaccines-europeans\/eu-digital-covid-certificate_en\/<\/a><\/i><\/p>\n<p data-wahfont=\"13\">P\u00ebr t\u00eb m\u00ebsuar m\u00eb tep\u00ebr, zgjidhni shtetin:<\/p>\n<p><a href=\"https:\/\/punetejashtme.gov.al\/harta\/\" target=\"_blank\" rel=\"noopener\"><img loading=\"lazy\" decoding=\"async\" class=\"alignnone size-large wp-image-4332\" src=\"http:\/\/51.68.177.34\/jashtme\/wp-content\/uploads\/2023\/07\/world-map-1024x550.jpg\" alt=\"\" width=\"1024\" height=\"550\" srcset=\"http:\/\/51.68.177.34\/jashtme\/wp-content\/uploads\/2023\/07\/world-map-1024x550.jpg 1024w, http:\/\/51.68.177.34\/jashtme\/wp-content\/uploads\/2023\/07\/world-map-300x161.jpg 300w, http:\/\/51.68.177.34\/jashtme\/wp-content\/uploads\/2023\/07\/world-map-768x413.jpg 768w, http:\/\/51.68.177.34\/jashtme\/wp-content\/uploads\/2023\/07\/world-map-1536x825.jpg 1536w, http:\/\/51.68.177.34\/jashtme\/wp-content\/uploads\/2023\/07\/world-map.jpg 1727w\" sizes=\"(max-width: 1024px) 100vw, 1024px\" \/><\/a><\/p>\n<p data-wahfont=\"13\">\n","protected":false},"excerpt":{"rendered":"<p>INFORMACION MBI KRITERET E L\u00cbVIZJES S\u00cb SHTETASVE SHQIPTAR\u00cb, N\u00cb SHTETET E HUAJA. Ministria p\u00ebr Evrop\u00ebn dhe Pun\u00ebt e Jashtme, nisur nga situata e krijuar prej kufizimeve t\u00eb l\u00ebvizjes t\u00eb udh\u00ebtar\u00ebve jasht\u00eb vendit p\u00ebr shkak t\u00eb Covid-19, me q\u00ebllim parandalimin e situatave problematike, informon n\u00eb koh\u00eb reale p\u00ebr \u00e7do ndryshim t\u00eb k\u00ebtij regjimi q\u00eb lidhet me [&hellip;]<\/p>\n","protected":false},"author":1,"featured_media":4040,"parent":0,"menu_order":0,"comment_status":"closed","ping_status":"closed","template":"","meta":{"_acf_changed":false,"footnotes":""},"class_list":["post-3120","page","type-page","status-publish","has-post-thumbnail","hentry"],"translation":{"provider":"WPGlobus","version":"2.12.2","language":"al","enabled_languages":["al","en"],"languages":{"al":{"title":true,"content":true,"excerpt":false},"en":{"title":true,"content":true,"excerpt":false}}},"acf":[],"_links":{"self":[{"href":"http:\/\/51.68.177.34\/jashtme\/wp-json\/wp\/v2\/pages\/3120"}],"collection":[{"href":"http:\/\/51.68.177.34\/jashtme\/wp-json\/wp\/v2\/pages"}],"about":[{"href":"http:\/\/51.68.177.34\/jashtme\/wp-json\/wp\/v2\/types\/page"}],"author":[{"embeddable":true,"href":"http:\/\/51.68.177.34\/jashtme\/wp-json\/wp\/v2\/users\/1"}],"replies":[{"embeddable":true,"href":"http:\/\/51.68.177.34\/jashtme\/wp-json\/wp\/v2\/comments?post=3120"}],"version-history":[{"count":16,"href":"http:\/\/51.68.177.34\/jashtme\/wp-json\/wp\/v2\/pages\/3120\/revisions"}],"predecessor-version":[{"id":4329,"href":"http:\/\/51.68.177.34\/jashtme\/wp-json\/wp\/v2\/pages\/3120\/revisions\/4329"}],"wp:featuredmedia":[{"embeddable":true,"href":"http:\/\/51.68.177.34\/jashtme\/wp-json\/wp\/v2\/media\/4040"}],"wp:attachment":[{"href":"http:\/\/51.68.177.34\/jashtme\/wp-json\/wp\/v2\/media?parent=3120"}],"curies":[{"name":"wp","href":"https:\/\/api.w.org\/{rel}","templated":true}]}}