{"id":3104,"date":"2023-05-18T07:50:30","date_gmt":"2023-05-18T07:50:30","guid":{"rendered":"http:\/\/51.68.177.34\/jashtme\/?page_id=3104"},"modified":"2023-07-25T06:58:19","modified_gmt":"2023-07-25T06:58:19","slug":"prokurimet-publike","status":"publish","type":"page","link":"http:\/\/51.68.177.34\/jashtme\/prokurimet-publike\/","title":{"rendered":"Prokurimet publike"},"content":{"rendered":"<p><a href=\"http:\/\/51.68.177.34\/jashtme\/wp-content\/uploads\/2023\/07\/Regjistri-i-parashikimit-te-prokurimeve-publike-per-vitin-2022.pdf\" target=\"_blank\" rel=\"noopener\">Regjistri i parashikimit te prokurimeve publike per vitin 2022<\/a><\/p>\n<p><a href=\"http:\/\/51.68.177.34\/jashtme\/wp-content\/uploads\/2023\/07\/Kontrata-2021.pdf\" target=\"_blank\" rel=\"noopener\">Kontrata 2021<\/a><\/p>\n<p><a href=\"http:\/\/51.68.177.34\/jashtme\/wp-content\/uploads\/2023\/07\/Regjistri-i-realizimit-te-prokurimeve-per-vitin-2021.pdf\" target=\"_blank\" rel=\"noopener\">Regjistri i realizimit te prokurimeve p\u00ebr vitin 2021<\/a><\/p>\n<p><a href=\"http:\/\/51.68.177.34\/jashtme\/wp-content\/uploads\/2023\/07\/Regjistri-i-parashikimit-te-prokurimeve-publike-per-vitin-2021.pdf\" target=\"_blank\" rel=\"noopener\">Regjistri i parashikimit te prokurimeve publike per vitin 2021<\/a><\/p>\n<p><a href=\"http:\/\/51.68.177.34\/jashtme\/wp-content\/uploads\/2023\/07\/Kontrata.pdf\" target=\"_blank\" rel=\"noopener\">Kontrata<\/a><\/p>\n<p><a href=\"http:\/\/51.68.177.34\/jashtme\/wp-content\/uploads\/2023\/07\/Regjistri-i-realizimit-te-prokurimeve-per-vitin-2020.pdf\" target=\"_blank\" rel=\"noopener\">Regjistri i realizimit te prokurimeve p\u00ebr vitin 2020<\/a><\/p>\n<p><a href=\"http:\/\/51.68.177.34\/jashtme\/wp-content\/uploads\/2023\/07\/Regjistri-i-realizimit-te-prokurimeve-per-vitin-2020-prokurim-me-vlere-te-vogel.pdf\" target=\"_blank\" rel=\"noopener\">Regjistri i realizimit te prokurimeve p\u00ebr vitin 2020 (prokurim me vlere te vogel)<\/a><\/p>\n<p><a href=\"http:\/\/51.68.177.34\/jashtme\/wp-content\/uploads\/2023\/07\/Regjistri-i-realizimit-te-prokurimeve-per-vitin-2020-Me-emergjence.pdf\" target=\"_blank\" rel=\"noopener\">Regjistri i realizimit te prokurimeve p\u00ebr vitin 2020 Me emergjence<\/a><\/p>\n<p><a href=\"http:\/\/51.68.177.34\/jashtme\/wp-content\/uploads\/2023\/07\/Regjistri-i-realizimit-te-prokurimeve-per-vitin-2020-nen-100-mije-leke.pdf\" target=\"_blank\" rel=\"noopener\">Regjistri i realizimit te prokurimeve p\u00ebr vitin 2020, nen 100 mije leke<\/a><\/p>\n<p><a href=\"http:\/\/51.68.177.34\/jashtme\/wp-content\/uploads\/2023\/07\/Regjistri-i-realizimit-te-prokurimeve-per-vitin-2020-perqendruara.pdf\" target=\"_blank\" rel=\"noopener\">Regjistri i realizimit te prokurimeve p\u00ebr vitin 2020, perqendruara<\/a><\/p>\n<p><a href=\"http:\/\/51.68.177.34\/jashtme\/wp-content\/uploads\/2023\/07\/Regjistri-i-realizimit-te-prokurimeve-per-vitin-2018.pdf\" target=\"_blank\" rel=\"noopener\">Regjistri i realizimit te prokurimeve p\u00ebr vitin 2018<\/a><\/p>\n<p><a href=\"http:\/\/51.68.177.34\/jashtme\/wp-content\/uploads\/2023\/07\/Regjistri-i-realizimeve-te-prokurimit-publik-per-4-mujorin-e-dyte-te-vitit-2018.pdf\" target=\"_blank\" rel=\"noopener\">Regjistri i realizimeve t\u00eb prokurimit publik per 4 mujorin e dyte te vitit 2018<\/a><\/p>\n<p><a href=\"http:\/\/51.68.177.34\/jashtme\/wp-content\/uploads\/2023\/07\/Regjistri-i-realizimeve-te-prokurimeve-per-kater-mujorin-e-pare-te-vitit-2018.pdf\" target=\"_blank\" rel=\"noopener\">Regjistri i realizimeve t\u00eb prokurimeve p\u00ebr kat\u00ebr mujorin e par\u00eb t\u00eb vitit 2018<\/a><\/p>\n<p><a href=\"http:\/\/51.68.177.34\/jashtme\/wp-content\/uploads\/2023\/07\/Raporti-i-realizimit-te-prokurimeve-per-4-mujorin-e-pare-2017.pdf\" target=\"_blank\" rel=\"noopener\">Raporti i realizimit t\u00eb prokurimeve p\u00ebr 4 mujorin e par\u00eb 2017<\/a><\/p>\n<p><a href=\"http:\/\/51.68.177.34\/jashtme\/wp-content\/uploads\/2023\/07\/Raporti-i-realizimit-te-prokurimeve-per-4-mujorin-e-dyte-2017.pdf\" target=\"_blank\" rel=\"noopener\">Raporti i realizimit t\u00eb prokurimeve p\u00ebr 4 mujorin e dyt\u00eb 2017<\/a><\/p>\n<p><a href=\"http:\/\/51.68.177.34\/jashtme\/wp-content\/uploads\/2023\/07\/Raporti-i-realizimit-te-prokurimeve-per-4-mujorin-e-trete-2017.pdf\" target=\"_blank\" rel=\"noopener\">Raporti i realizimit t\u00eb prokurimeve p\u00ebr 4 mujorin e tret\u00eb 2017<\/a><\/p>\n<p>Adrese kontakti:\u00a0<a href=\"mailto:prokurimet@mfa.gov.al\" data-wahfont=\"13\">prokurimet@mfa.gov.al<\/a><\/p>\n","protected":false},"excerpt":{"rendered":"<p>Regjistri i parashikimit te prokurimeve publike per vitin 2022 Kontrata 2021 Regjistri i realizimit te prokurimeve p\u00ebr vitin 2021 Regjistri i parashikimit te prokurimeve publike per vitin 2021 Kontrata Regjistri i realizimit te prokurimeve p\u00ebr vitin 2020 Regjistri i realizimit te prokurimeve p\u00ebr vitin 2020 (prokurim me vlere te vogel) Regjistri i realizimit te prokurimeve [&hellip;]<\/p>\n","protected":false},"author":1,"featured_media":4040,"parent":0,"menu_order":0,"comment_status":"closed","ping_status":"closed","template":"","meta":{"_acf_changed":false,"footnotes":""},"class_list":["post-3104","page","type-page","status-publish","has-post-thumbnail","hentry"],"translation":{"provider":"WPGlobus","version":"2.12.2","language":"al","enabled_languages":["al","en"],"languages":{"al":{"title":true,"content":true,"excerpt":false},"en":{"title":true,"content":true,"excerpt":false}}},"acf":[],"_links":{"self":[{"href":"http:\/\/51.68.177.34\/jashtme\/wp-json\/wp\/v2\/pages\/3104"}],"collection":[{"href":"http:\/\/51.68.177.34\/jashtme\/wp-json\/wp\/v2\/pages"}],"about":[{"href":"http:\/\/51.68.177.34\/jashtme\/wp-json\/wp\/v2\/types\/page"}],"author":[{"embeddable":true,"href":"http:\/\/51.68.177.34\/jashtme\/wp-json\/wp\/v2\/users\/1"}],"replies":[{"embeddable":true,"href":"http:\/\/51.68.177.34\/jashtme\/wp-json\/wp\/v2\/comments?post=3104"}],"version-history":[{"count":7,"href":"http:\/\/51.68.177.34\/jashtme\/wp-json\/wp\/v2\/pages\/3104\/revisions"}],"predecessor-version":[{"id":4312,"href":"http:\/\/51.68.177.34\/jashtme\/wp-json\/wp\/v2\/pages\/3104\/revisions\/4312"}],"wp:featuredmedia":[{"embeddable":true,"href":"http:\/\/51.68.177.34\/jashtme\/wp-json\/wp\/v2\/media\/4040"}],"wp:attachment":[{"href":"http:\/\/51.68.177.34\/jashtme\/wp-json\/wp\/v2\/media?parent=3104"}],"curies":[{"name":"wp","href":"https:\/\/api.w.org\/{rel}","templated":true}]}}