{"id":3095,"date":"2023-05-18T07:40:37","date_gmt":"2023-05-18T07:40:37","guid":{"rendered":"http:\/\/51.68.177.34\/jashtme\/?page_id=3095"},"modified":"2023-07-24T14:05:03","modified_gmt":"2023-07-24T14:05:03","slug":"formulare","status":"publish","type":"page","link":"http:\/\/51.68.177.34\/jashtme\/formulare\/","title":{"rendered":"Formular\u00eb"},"content":{"rendered":"<ul>\n<li style=\"list-style-type: none;\">\n<ul>\n<li data-wahfont=\"13\"><a href=\"\/jashtme\/wp-content\/uploads\/2023\/05\/lidhja_3_kerkese_per_info-1.pdf\" target=\"_blank\" rel=\"noopener\" data-wahfont=\"13\"><strong><span style=\"color: #2f598c;\">Lidhja 3 K\u00ebrkes\u00eb p\u00ebr info-1<\/span><\/strong><\/a><\/li>\n<\/ul>\n<\/li>\n<\/ul>\n<hr \/>\n<ul>\n<li style=\"list-style-type: none;\">\n<ul>\n<li data-wahfont=\"13\"><a href=\"\/jashtme\/wp-content\/uploads\/2023\/05\/lidhja_4a_pergjigje_per_refuzim_te_formes_se_kerkuar.pdf\" target=\"_blank\" rel=\"noopener\" data-wahfont=\"13\"><strong><span style=\"color: #2f598c;\">Lidhja 4a P\u00ebrgjigje p\u00ebr refuzim t\u00eb form\u00ebs s\u00eb k\u00ebrkuar<\/span>\u00a0<\/strong><\/a><\/li>\n<\/ul>\n<\/li>\n<\/ul>\n<hr \/>\n<ul>\n<li style=\"list-style-type: none;\">\n<ul>\n<li data-wahfont=\"13\"><a href=\"\/jashtme\/wp-content\/uploads\/2023\/05\/lidhja_4b_format_i_zgjatjes_se_afatit.pdf\" target=\"_blank\" rel=\"noopener\" data-wahfont=\"13\"><strong><span style=\"color: #2f598c;\">Lidhja 4b Format i zgjatjes s\u00eb afatit<\/span><\/strong><\/a><\/li>\n<\/ul>\n<\/li>\n<\/ul>\n<hr \/>\n<ul>\n<li style=\"list-style-type: none;\">\n<ul>\n<li data-wahfont=\"13\"><a href=\"\/jashtme\/wp-content\/uploads\/2023\/05\/lidhja_4c_pergjigje_per_mos_rishikimin_e_dok_te_klasifikuar.pdf\" target=\"_blank\" rel=\"noopener\" data-wahfont=\"13\"><strong><span style=\"color: #2f598c;\">Lidhja 4c P\u00ebrgjigje p\u00ebr mos rishikimin e dokumentit t\u00eb klasifikuar<\/span><\/strong><\/a><\/li>\n<\/ul>\n<\/li>\n<\/ul>\n<hr \/>\n","protected":false},"excerpt":{"rendered":"<p>Lidhja 3 K\u00ebrkes\u00eb p\u00ebr info-1 Lidhja 4a P\u00ebrgjigje p\u00ebr refuzim t\u00eb form\u00ebs s\u00eb k\u00ebrkuar\u00a0 Lidhja 4b Format i zgjatjes s\u00eb afatit Lidhja 4c P\u00ebrgjigje p\u00ebr mos rishikimin e dokumentit t\u00eb klasifikuar<\/p>\n","protected":false},"author":1,"featured_media":2902,"parent":0,"menu_order":0,"comment_status":"closed","ping_status":"closed","template":"","meta":{"_acf_changed":false,"footnotes":""},"class_list":["post-3095","page","type-page","status-publish","has-post-thumbnail","hentry"],"translation":{"provider":"WPGlobus","version":"2.12.2","language":"al","enabled_languages":["al","en"],"languages":{"al":{"title":true,"content":true,"excerpt":false},"en":{"title":true,"content":true,"excerpt":false}}},"acf":[],"_links":{"self":[{"href":"http:\/\/51.68.177.34\/jashtme\/wp-json\/wp\/v2\/pages\/3095"}],"collection":[{"href":"http:\/\/51.68.177.34\/jashtme\/wp-json\/wp\/v2\/pages"}],"about":[{"href":"http:\/\/51.68.177.34\/jashtme\/wp-json\/wp\/v2\/types\/page"}],"author":[{"embeddable":true,"href":"http:\/\/51.68.177.34\/jashtme\/wp-json\/wp\/v2\/users\/1"}],"replies":[{"embeddable":true,"href":"http:\/\/51.68.177.34\/jashtme\/wp-json\/wp\/v2\/comments?post=3095"}],"version-history":[{"count":4,"href":"http:\/\/51.68.177.34\/jashtme\/wp-json\/wp\/v2\/pages\/3095\/revisions"}],"predecessor-version":[{"id":4268,"href":"http:\/\/51.68.177.34\/jashtme\/wp-json\/wp\/v2\/pages\/3095\/revisions\/4268"}],"wp:featuredmedia":[{"embeddable":true,"href":"http:\/\/51.68.177.34\/jashtme\/wp-json\/wp\/v2\/media\/2902"}],"wp:attachment":[{"href":"http:\/\/51.68.177.34\/jashtme\/wp-json\/wp\/v2\/media?parent=3095"}],"curies":[{"name":"wp","href":"https:\/\/api.w.org\/{rel}","templated":true}]}}