{"id":3071,"date":"2023-05-18T07:01:24","date_gmt":"2023-05-18T07:01:24","guid":{"rendered":"http:\/\/51.68.177.34\/jashtme\/?page_id=3071"},"modified":"2023-07-24T13:25:27","modified_gmt":"2023-07-24T13:25:27","slug":"procedurat-dhe-mekanizmat-per-te-bere-kerkese-dhe-ankese-qe-lidhen-me-veprimet-ose-mosveprimet-e-mepj-perfshire-adresen-postare-elektronike-per-depozitimin-e-kerkesave-dhe-ankesave-afatet-d","status":"publish","type":"page","link":"http:\/\/51.68.177.34\/jashtme\/procedurat-dhe-mekanizmat-per-te-bere-kerkese-dhe-ankese-qe-lidhen-me-veprimet-ose-mosveprimet-e-mepj-perfshire-adresen-postare-elektronike-per-depozitimin-e-kerkesave-dhe-ankesave-afatet-d\/","title":{"rendered":"Procedurat dhe mekanizmat p\u00ebr t\u00eb b\u00ebr\u00eb k\u00ebrkes\u00eb dhe ankes\u00eb q\u00eb lidhen me veprimet ose mosveprimet e MEPJ( P\u00ebrfshir\u00eb adres\u00ebn postare\/elektronike p\u00ebr depozitimin e k\u00ebrkesave dhe ankesave \u2013 Afatet dhe m\u00ebnyr\u00ebn e kthimit t\u00eb p\u00ebrgjigjeve)"},"content":{"rendered":"<p data-wahfont=\"13\">\u201c\u00c7do person g\u00ebzon t\u00eb drejt\u00ebn e njohjes s\u00eb nj\u00eb informacioni publik apo t\u00eb nj\u00eb ankese drejtuar autoriteteve publike.<\/p>\n<p data-wahfont=\"13\">N\u00eb Ministrin\u00eb P\u00ebr Evrop\u00ebn dhe Pun\u00ebt e Jashtme p\u00ebr d\u00ebrgimin e nj\u00eb k\u00ebrkese ose ankese duhet t\u00eb p\u00ebrdoret adresa postare, si m\u00eb posht\u00eb:<\/p>\n<p data-wahfont=\"13\">Ministria P\u00ebr Evrop\u00ebn dhe Pun\u00ebt e Jashtme<\/p>\n<p data-wahfont=\"13\">(A): Bulevardi \u201cGjegj Fishta\u201d, Nr.6,Tiran\u00eb, Shqip\u00ebri;<\/p>\n<p data-wahfont=\"13\">(T) P\u00ebr informacione konsullore : <a href=\"tel:+355 (0) 42340358\">+355 (0) 42340358<\/a>;<\/p>\n<p data-wahfont=\"13\">(W): <a href=\"http:\/\/www.punetejashtme.gov.al\">www.punetejashtme.gov.al<\/a> ;<\/p>\n<p data-wahfont=\"13\">(E): <a href=\"mailto:info@mfa.gov.al\">info@mfa.gov.al<\/a>;<\/p>\n<p data-wahfont=\"13\">Afatet dhe m\u00ebnyrat e kthimit t\u00eb p\u00ebrgjigjeve procedohen brenda afateve ligjore t\u00eb parashikuara nga legjislacioni n\u00eb fuqi, Ligji nr. 119\/2014 \u201cP\u00ebr t\u00eb drejt\u00ebn e informimit\u201d.<\/p>\n","protected":false},"excerpt":{"rendered":"<p>\u201c\u00c7do person g\u00ebzon t\u00eb drejt\u00ebn e njohjes s\u00eb nj\u00eb informacioni publik apo t\u00eb nj\u00eb ankese drejtuar autoriteteve publike. N\u00eb Ministrin\u00eb P\u00ebr Evrop\u00ebn dhe Pun\u00ebt e Jashtme p\u00ebr d\u00ebrgimin e nj\u00eb k\u00ebrkese ose ankese duhet t\u00eb p\u00ebrdoret adresa postare, si m\u00eb posht\u00eb: Ministria P\u00ebr Evrop\u00ebn dhe Pun\u00ebt e Jashtme (A): Bulevardi \u201cGjegj Fishta\u201d, Nr.6,Tiran\u00eb, Shqip\u00ebri; (T) [&hellip;]<\/p>\n","protected":false},"author":1,"featured_media":2902,"parent":0,"menu_order":0,"comment_status":"closed","ping_status":"closed","template":"","meta":{"_acf_changed":false,"footnotes":""},"class_list":["post-3071","page","type-page","status-publish","has-post-thumbnail","hentry"],"translation":{"provider":"WPGlobus","version":"2.12.2","language":"al","enabled_languages":["al","en"],"languages":{"al":{"title":true,"content":true,"excerpt":false},"en":{"title":true,"content":true,"excerpt":false}}},"acf":[],"_links":{"self":[{"href":"http:\/\/51.68.177.34\/jashtme\/wp-json\/wp\/v2\/pages\/3071"}],"collection":[{"href":"http:\/\/51.68.177.34\/jashtme\/wp-json\/wp\/v2\/pages"}],"about":[{"href":"http:\/\/51.68.177.34\/jashtme\/wp-json\/wp\/v2\/types\/page"}],"author":[{"embeddable":true,"href":"http:\/\/51.68.177.34\/jashtme\/wp-json\/wp\/v2\/users\/1"}],"replies":[{"embeddable":true,"href":"http:\/\/51.68.177.34\/jashtme\/wp-json\/wp\/v2\/comments?post=3071"}],"version-history":[{"count":5,"href":"http:\/\/51.68.177.34\/jashtme\/wp-json\/wp\/v2\/pages\/3071\/revisions"}],"predecessor-version":[{"id":4247,"href":"http:\/\/51.68.177.34\/jashtme\/wp-json\/wp\/v2\/pages\/3071\/revisions\/4247"}],"wp:featuredmedia":[{"embeddable":true,"href":"http:\/\/51.68.177.34\/jashtme\/wp-json\/wp\/v2\/media\/2902"}],"wp:attachment":[{"href":"http:\/\/51.68.177.34\/jashtme\/wp-json\/wp\/v2\/media?parent=3071"}],"curies":[{"name":"wp","href":"https:\/\/api.w.org\/{rel}","templated":true}]}}