{"id":3070,"date":"2023-05-18T07:01:11","date_gmt":"2023-05-18T07:01:11","guid":{"rendered":"http:\/\/51.68.177.34\/jashtme\/?page_id=3070"},"modified":"2023-07-25T08:39:59","modified_gmt":"2023-07-25T08:39:59","slug":"procedura-qe-ndjekin-funksionaret-e-larte-te-mepj-per-te-marre-vendime","status":"publish","type":"page","link":"http:\/\/51.68.177.34\/jashtme\/procedura-qe-ndjekin-funksionaret-e-larte-te-mepj-per-te-marre-vendime\/","title":{"rendered":"Procedura q\u00eb ndjekin funksionar\u00ebt e lart\u00eb t\u00eb MEPJ p\u00ebr t\u00eb marr\u00eb vendime"},"content":{"rendered":"<p>\u201cProcedurat q\u00eb ndjekin funksionaret e lart\u00eb p\u00ebr t\u00eb marr\u00eb vendime jan\u00eb n\u00eb p\u00ebrputhje me aktet ligjore dhe n\u00ebnligjor\u00eb n\u00eb fuqi. N\u00eb mb\u00ebshtetje t\u00eb ligjit Nr. 90\/2012 \u201cP\u00ebr organizimin dhe funksionimin e administrat\u00ebs shtet\u00ebrore\u201d, n\u00ebpun\u00ebsi m\u00eb i lart\u00eb civil n\u00eb ministri \u00ebsht\u00eb Sekretari i P\u00ebrgjithsh\u00ebm, i cili raporton dhe jep llogari drejtp\u00ebrdrejt te ministri. Sekretari i P\u00ebrgjithsh\u00ebm ushtron funksionet e tij n\u00eb p\u00ebrputhje me ligjin nr. 152\/2013 \u201cP\u00ebr n\u00ebpun\u00ebsin civil\u201d, ligjin 90\/2012 \u201cP\u00ebr organizimin dhe funksionimin e administrat\u00ebs shtet\u00ebrore\u201d dhe \u00e7do legjislacion n\u00eb fuqi p\u00ebr aq sa \u00ebsht\u00eb i zbatuesh\u00ebm. Funksionar\u00eb t\u00eb lart\u00eb n\u00eb ministri jan\u00eb dhe an\u00ebtar\u00ebt e trupit t\u00eb lart\u00eb drejtues (TND), q\u00eb n\u00eb rastin e Ministris\u00eb s\u00eb Evrop\u00ebn dhe Pun\u00ebt e Jashtme jan\u00eb edhe Drejtor\u00ebt e Drejtorive t\u00eb P\u00ebrgjithshme. Drejtor\u00ebt e P\u00ebrgjithsh\u00ebm jan\u00eb p\u00ebrgjegj\u00ebsit kryesor p\u00ebr mbar\u00ebvajtjen e pun\u00ebs n\u00eb Drejtorin\u00eb e P\u00ebrgjithshme p\u00ebrkat\u00ebse, kryesisht n\u00eb mb\u00ebshtetje t\u00eb pun\u00ebs s\u00eb Sekretarit t\u00eb P\u00ebrgjithsh\u00ebm. Koordinon pun\u00ebn me strukturat q\u00eb ka n\u00eb var\u00ebsi dhe me nj\u00ebsit\u00eb e tjera n\u00eb ministri.\u201d<\/p>\n","protected":false},"excerpt":{"rendered":"<p>\u201cProcedurat q\u00eb ndjekin funksionaret e lart\u00eb p\u00ebr t\u00eb marr\u00eb vendime jan\u00eb n\u00eb p\u00ebrputhje me aktet ligjore dhe n\u00ebnligjor\u00eb n\u00eb fuqi. N\u00eb mb\u00ebshtetje t\u00eb ligjit Nr. 90\/2012 \u201cP\u00ebr organizimin dhe funksionimin e administrat\u00ebs shtet\u00ebrore\u201d, n\u00ebpun\u00ebsi m\u00eb i lart\u00eb civil n\u00eb ministri \u00ebsht\u00eb Sekretari i P\u00ebrgjithsh\u00ebm, i cili raporton dhe jep llogari drejtp\u00ebrdrejt te ministri. Sekretari i [&hellip;]<\/p>\n","protected":false},"author":1,"featured_media":4040,"parent":0,"menu_order":0,"comment_status":"closed","ping_status":"closed","template":"","meta":{"_acf_changed":false,"footnotes":""},"class_list":["post-3070","page","type-page","status-publish","has-post-thumbnail","hentry"],"translation":{"provider":"WPGlobus","version":"2.12.2","language":"al","enabled_languages":["al","en"],"languages":{"al":{"title":true,"content":true,"excerpt":false},"en":{"title":true,"content":true,"excerpt":false}}},"acf":[],"_links":{"self":[{"href":"http:\/\/51.68.177.34\/jashtme\/wp-json\/wp\/v2\/pages\/3070"}],"collection":[{"href":"http:\/\/51.68.177.34\/jashtme\/wp-json\/wp\/v2\/pages"}],"about":[{"href":"http:\/\/51.68.177.34\/jashtme\/wp-json\/wp\/v2\/types\/page"}],"author":[{"embeddable":true,"href":"http:\/\/51.68.177.34\/jashtme\/wp-json\/wp\/v2\/users\/1"}],"replies":[{"embeddable":true,"href":"http:\/\/51.68.177.34\/jashtme\/wp-json\/wp\/v2\/comments?post=3070"}],"version-history":[{"count":6,"href":"http:\/\/51.68.177.34\/jashtme\/wp-json\/wp\/v2\/pages\/3070\/revisions"}],"predecessor-version":[{"id":4243,"href":"http:\/\/51.68.177.34\/jashtme\/wp-json\/wp\/v2\/pages\/3070\/revisions\/4243"}],"wp:featuredmedia":[{"embeddable":true,"href":"http:\/\/51.68.177.34\/jashtme\/wp-json\/wp\/v2\/media\/4040"}],"wp:attachment":[{"href":"http:\/\/51.68.177.34\/jashtme\/wp-json\/wp\/v2\/media?parent=3070"}],"curies":[{"name":"wp","href":"https:\/\/api.w.org\/{rel}","templated":true}]}}