{"id":3069,"date":"2023-05-18T07:00:59","date_gmt":"2023-05-18T07:00:59","guid":{"rendered":"http:\/\/51.68.177.34\/jashtme\/?page_id=3069"},"modified":"2023-07-24T13:13:52","modified_gmt":"2023-07-24T13:13:52","slug":"funksionet-dhe-detyrat-e-mepj","status":"publish","type":"page","link":"http:\/\/51.68.177.34\/jashtme\/funksionet-dhe-detyrat-e-mepj\/","title":{"rendered":"Funksionet dhe detyrat e MEPJ"},"content":{"rendered":"<p data-wahfont=\"13\"><i><strong>Misioni i Ministris\u00eb p\u00ebr Evrop\u00ebn dhe Pun\u00ebt e Jashtme<\/strong> \u00ebsht\u00eb hartimi dhe zbatimi i politikave t\u00eb jashtme, drejtimi teknik dhe bashk\u00ebrendimi i procesit t\u00eb integrimit t\u00eb Republik\u00ebs s\u00eb Shqip\u00ebris\u00eb n\u00eb Bashkimin Evropian, zhvillimi dhe fuqizimi i diplomacis\u00eb ekonomike, si dhe mbrojtja e t\u00eb drejtave t\u00eb shtetasve shqiptar\u00eb dhe komuniteteve shqiptare jasht\u00eb vendit.<u><\/u><u><\/u><\/i><\/p>\n<p data-wahfont=\"13\"><i>Ministria p\u00ebr Evrop\u00ebn dhe Pun\u00ebt e Jashtme ushtron veprimtarin\u00eb e saj n\u00eb k\u00ebto fusha p\u00ebrgjegj\u00ebsie shtet\u00ebrore:<u><\/u><u><\/u><\/i><\/p>\n<p data-wahfont=\"13\"><u><\/u>\u00a0<u><\/u><\/p>\n<p data-wahfont=\"13\"><i>a) Harton, p\u00ebrpunon, organizon dhe zbaton politik\u00ebn e jashtme t\u00eb shtetit shqiptar;<\/i><u><\/u><u><\/u><\/p>\n<p data-wahfont=\"13\"><i>b) Realizon shprehjen dhe mbrojtjen e interesave t\u00eb shtetit shqiptar dhe t\u00eb shqiptar\u00ebve n\u00eb marr\u00ebdh\u00ebniet nd\u00ebrkomb\u00ebtare me shtetet e tjera dhe organizatat nd\u00ebrkomb\u00ebtare;<\/i><u><\/u><u><\/u><\/p>\n<p data-wahfont=\"13\"><i>c) Mb\u00ebshtet\u00a0 Kuvendin\u00a0 e\u00a0 Republik\u00ebs\u00a0 s\u00eb\u00a0 Shqip\u00ebris\u00eb,\u00a0 K\u00ebshillin\u00a0 e\u00a0 Ministrave\u00a0 dhe Presidentin\u00a0 e Republik\u00ebs s\u00eb Shqip\u00ebris\u00eb n\u00eb p\u00ebrcaktimin e q\u00ebndrimeve t\u00eb r\u00ebnd\u00ebsishme lidhur me politik\u00ebn e jashtme;<\/i><u><\/u><u><\/u><\/p>\n<p data-wahfont=\"13\"><i>\u00e7) Mbron t\u00eb drejtat e shtetasve shqiptar\u00eb dhe t\u00eb komuniteteve shqiptare jasht\u00eb vendit, si dhe organizon, harton e zbaton politik\u00ebn shtet\u00ebrore n\u00eb interes t\u00eb tyre n\u00eb bashk\u00ebpunimin me ministrit\u00eb p\u00ebrgjegj\u00ebse;<\/i><u><\/u><u><\/u><\/p>\n<p data-wahfont=\"13\"><i>d) Nxit dhe ndihmon p\u00ebr zhvillimin e komunikimit e t\u00eb nd\u00ebrveprimit t\u00eb diaspor\u00ebs dhe t\u00eb shqiptar\u00ebve jasht\u00eb kufijve me p\u00ebrfaq\u00ebsit\u00eb diplomatike dhe konsullore t\u00eb Republik\u00ebs s\u00eb Shqip\u00ebris\u00eb, n\u00eb shtetet ku ata banojn\u00eb;<\/i><u><\/u><u><\/u><\/p>\n<p data-wahfont=\"13\"><i>dh) Promovon dhe ndihmon n\u00eb rritjen e zhvillimin e vlerave dhe t\u00eb traditave m\u00eb t\u00eb mira shqiptare te bashk\u00ebkomb\u00ebsit jasht\u00eb kufijve shtet\u00ebror\u00eb;<\/i><u><\/u><u><\/u><\/p>\n<p data-wahfont=\"13\"><i>e) Promovon interesin ekonomik komb\u00ebtar n\u00eb aren\u00ebn nd\u00ebrkomb\u00ebtare, duke nd\u00ebrmarr\u00eb aktivitete zyrtare diplomatike t\u00eb fokusuara n\u00eb rritjen e eksporteve, t\u00ebrheqjen e investimeve t\u00eb huaja dhe pjes\u00ebmarrjen n\u00eb pun\u00eb t\u00eb organizatave ekonomike nd\u00ebrkomb\u00ebtare;<\/i><u><\/u><u><\/u><\/p>\n<p data-wahfont=\"13\"><i>\u00eb)\u00a0 Bashk\u00ebrendon procesin e integrimit t\u00eb Republik\u00ebs s\u00eb Shqip\u00ebris\u00eb n\u00eb Bashkimin Evropian, n\u00ebp\u00ebrmjet p\u00ebrafrimit t\u00eb legjislacionit dhe hartimit t\u00eb politikave t\u00eb integrimit, si dhe propozon projektaktet, q\u00eb kan\u00eb lidhje procesin e integrimit t\u00eb Republik\u00ebs s\u00eb Shqip\u00ebris\u00eb n\u00eb Bashkimin Evropian.<\/i><\/p>\n","protected":false},"excerpt":{"rendered":"<p>Misioni i Ministris\u00eb p\u00ebr Evrop\u00ebn dhe Pun\u00ebt e Jashtme \u00ebsht\u00eb hartimi dhe zbatimi i politikave t\u00eb jashtme, drejtimi teknik dhe bashk\u00ebrendimi i procesit t\u00eb integrimit t\u00eb Republik\u00ebs s\u00eb Shqip\u00ebris\u00eb n\u00eb Bashkimin Evropian, zhvillimi dhe fuqizimi i diplomacis\u00eb ekonomike, si dhe mbrojtja e t\u00eb drejtave t\u00eb shtetasve shqiptar\u00eb dhe komuniteteve shqiptare jasht\u00eb vendit. Ministria p\u00ebr Evrop\u00ebn [&hellip;]<\/p>\n","protected":false},"author":1,"featured_media":2902,"parent":0,"menu_order":0,"comment_status":"closed","ping_status":"closed","template":"","meta":{"_acf_changed":false,"footnotes":""},"class_list":["post-3069","page","type-page","status-publish","has-post-thumbnail","hentry"],"translation":{"provider":"WPGlobus","version":"2.12.2","language":"al","enabled_languages":["al","en"],"languages":{"al":{"title":true,"content":true,"excerpt":false},"en":{"title":true,"content":true,"excerpt":false}}},"acf":[],"_links":{"self":[{"href":"http:\/\/51.68.177.34\/jashtme\/wp-json\/wp\/v2\/pages\/3069"}],"collection":[{"href":"http:\/\/51.68.177.34\/jashtme\/wp-json\/wp\/v2\/pages"}],"about":[{"href":"http:\/\/51.68.177.34\/jashtme\/wp-json\/wp\/v2\/types\/page"}],"author":[{"embeddable":true,"href":"http:\/\/51.68.177.34\/jashtme\/wp-json\/wp\/v2\/users\/1"}],"replies":[{"embeddable":true,"href":"http:\/\/51.68.177.34\/jashtme\/wp-json\/wp\/v2\/comments?post=3069"}],"version-history":[{"count":6,"href":"http:\/\/51.68.177.34\/jashtme\/wp-json\/wp\/v2\/pages\/3069\/revisions"}],"predecessor-version":[{"id":4237,"href":"http:\/\/51.68.177.34\/jashtme\/wp-json\/wp\/v2\/pages\/3069\/revisions\/4237"}],"wp:featuredmedia":[{"embeddable":true,"href":"http:\/\/51.68.177.34\/jashtme\/wp-json\/wp\/v2\/media\/2902"}],"wp:attachment":[{"href":"http:\/\/51.68.177.34\/jashtme\/wp-json\/wp\/v2\/media?parent=3069"}],"curies":[{"name":"wp","href":"https:\/\/api.w.org\/{rel}","templated":true}]}}