{"id":3011,"date":"2023-05-15T14:36:27","date_gmt":"2023-05-15T14:36:27","guid":{"rendered":"http:\/\/51.68.177.34\/jashtme\/?page_id=3011"},"modified":"2023-07-24T09:57:08","modified_gmt":"2023-07-24T09:57:08","slug":"informacion-mbi-procedurat-e-delistimit-te-personave-dhe-entiteteve-te-perfshire-ne-listat-e-sanksioneve-nderkombetare","status":"publish","type":"page","link":"http:\/\/51.68.177.34\/jashtme\/informacion-mbi-procedurat-e-delistimit-te-personave-dhe-entiteteve-te-perfshire-ne-listat-e-sanksioneve-nderkombetare\/","title":{"rendered":"Informacion mbi Procedurat e Delistimit te personave dhe entiteteve te perfshire ne listat e sanksioneve nderkombetare"},"content":{"rendered":"<div id=\"page\">\n<div id=\"container\">\n<p data-wahfont=\"13\">N\u00eb zbatim t\u00eb Nenit 25 pika 4\/1 e Ligjit Nr.157\/2013 \u201cP\u00ebr masat kund\u00ebr financimit t\u00eb terrorizmit\u201d i ndryshuar, si dhe Ligjit Nr.72\/2019 \u201cP\u00ebr masat shtr\u00ebnguese nd\u00ebrkomb\u00ebtare n\u00eb Republik\u00ebn e Shqip\u00ebris\u00eb, informojm\u00eb se procedurat p\u00ebr d\u00ebrgimin e k\u00ebrkesave p\u00ebr heqje nga lista nga subjektet\/personat e listuar n\u00eb zbatim t\u00eb dispozitave t\u00eb k\u00ebtij ligji, drejtuar strukturave p\u00ebrkat\u00ebse t\u00eb K\u00ebshillit t\u00eb Sigurimit t\u00eb Kombeve t\u00eb Bashkuara, gjenden n\u00eb adres\u00ebn e internetit t\u00eb OKB, si m\u00eb posht\u00eb:\u00a0<a href=\"https:\/\/www.un.org\/securitycouncil\/sanctions\/delisting\/delisting-requests\" target=\"_blank\" rel=\"noopener\" data-wahfont=\"13\">https:\/\/www.un.org\/securitycouncil\/sanctions\/delisting\/delisting-requests<\/a><\/p>\n<p data-wahfont=\"13\">P\u00ebr sa m\u00eb sip\u00ebr, ftohen t\u00eb gjith\u00eb personat e interesuar q\u00eb t\u00eb ndjekin procedurat dhe format e parashikuara si m\u00eb sip\u00ebr.<\/p>\n<p data-wahfont=\"13\">N\u00eb rast paqart\u00ebsish apo pyetjesh mund t\u00eb kontaktoni n\u00eb adres\u00ebn email\u00a0<a href=\"mailto:info@mfa.gov.al\" target=\"_blank\" rel=\"noopener\" data-wahfont=\"13\">info@mfa.gov.al<\/a>\u00a0dhe nr. Tel: +355 4 2364090 ext. 233\u00a0<a href=\"\/jashtme\/wp-content\/uploads\/2023\/05\/udhzues-sanksionet-nderkombetare-2020.pdf\" data-wahfont=\"13\">Udh\u00ebzues-Sanksionet-nderkombetare-2020<\/a><\/p>\n<\/div>\n<\/div>\n","protected":false},"excerpt":{"rendered":"<p>N\u00eb zbatim t\u00eb Nenit 25 pika 4\/1 e Ligjit Nr.157\/2013 \u201cP\u00ebr masat kund\u00ebr financimit t\u00eb terrorizmit\u201d i ndryshuar, si dhe Ligjit Nr.72\/2019 \u201cP\u00ebr masat shtr\u00ebnguese nd\u00ebrkomb\u00ebtare n\u00eb Republik\u00ebn e Shqip\u00ebris\u00eb, informojm\u00eb se procedurat p\u00ebr d\u00ebrgimin e k\u00ebrkesave p\u00ebr heqje nga lista nga subjektet\/personat e listuar n\u00eb zbatim t\u00eb dispozitave t\u00eb k\u00ebtij ligji, drejtuar strukturave p\u00ebrkat\u00ebse [&hellip;]<\/p>\n","protected":false},"author":1,"featured_media":4040,"parent":0,"menu_order":0,"comment_status":"closed","ping_status":"closed","template":"","meta":{"_acf_changed":false,"footnotes":""},"class_list":["post-3011","page","type-page","status-publish","has-post-thumbnail","hentry"],"translation":{"provider":"WPGlobus","version":"2.12.2","language":"al","enabled_languages":["al","en"],"languages":{"al":{"title":true,"content":true,"excerpt":false},"en":{"title":true,"content":true,"excerpt":false}}},"acf":[],"_links":{"self":[{"href":"http:\/\/51.68.177.34\/jashtme\/wp-json\/wp\/v2\/pages\/3011"}],"collection":[{"href":"http:\/\/51.68.177.34\/jashtme\/wp-json\/wp\/v2\/pages"}],"about":[{"href":"http:\/\/51.68.177.34\/jashtme\/wp-json\/wp\/v2\/types\/page"}],"author":[{"embeddable":true,"href":"http:\/\/51.68.177.34\/jashtme\/wp-json\/wp\/v2\/users\/1"}],"replies":[{"embeddable":true,"href":"http:\/\/51.68.177.34\/jashtme\/wp-json\/wp\/v2\/comments?post=3011"}],"version-history":[{"count":9,"href":"http:\/\/51.68.177.34\/jashtme\/wp-json\/wp\/v2\/pages\/3011\/revisions"}],"predecessor-version":[{"id":4179,"href":"http:\/\/51.68.177.34\/jashtme\/wp-json\/wp\/v2\/pages\/3011\/revisions\/4179"}],"wp:featuredmedia":[{"embeddable":true,"href":"http:\/\/51.68.177.34\/jashtme\/wp-json\/wp\/v2\/media\/4040"}],"wp:attachment":[{"href":"http:\/\/51.68.177.34\/jashtme\/wp-json\/wp\/v2\/media?parent=3011"}],"curies":[{"name":"wp","href":"https:\/\/api.w.org\/{rel}","templated":true}]}}