{"id":2982,"date":"2023-05-15T14:18:26","date_gmt":"2023-05-15T14:18:26","guid":{"rendered":"http:\/\/51.68.177.34\/jashtme\/?page_id=2982"},"modified":"2023-07-24T09:03:55","modified_gmt":"2023-07-24T09:03:55","slug":"shpenzime-buxhetore","status":"publish","type":"page","link":"http:\/\/51.68.177.34\/jashtme\/shpenzime-buxhetore\/","title":{"rendered":"Shpenzime Buxhetore"},"content":{"rendered":"<ul>\n<li data-wahfont=\"13\"><strong><a href=\"\/jashtme\/wp-content\/uploads\/2023\/05\/aneksi-9.pdf\" target=\"_blank\" rel=\"noopener noreferrer\" data-wahfont=\"13\">Shpenzime Buxhetore<\/a><\/strong><\/li>\n<li data-wahfont=\"13\"><strong><a href=\"\/jashtme\/wp-content\/uploads\/2023\/05\/shpenzime_buxhetore_per_vitin_2013.pdf\" target=\"_blank\" rel=\"noopener noreferrer\" data-wahfont=\"13\">Shpenzime buxhetore p\u00ebr vitin 2013<\/a><\/strong><\/li>\n<li data-wahfont=\"13\"><strong><a href=\"\/jashtme\/wp-content\/uploads\/2023\/05\/buxheti_2017.pdf\" target=\"_blank\" rel=\"noopener noreferrer\" data-wahfont=\"13\">Shpenzime buxhetore p\u00ebr vitin 2017<\/a><\/strong><\/li>\n<li data-wahfont=\"13\"><strong><a href=\"\/jashtme\/wp-content\/uploads\/2023\/05\/buxheti-i-ministris-pr-evropn-dhe-punt-e-jashtme.pdf\" target=\"_blank\" rel=\"noopener noreferrer\" data-wahfont=\"13\">Shpenzime buxhetore p\u00ebr vitin 2018<\/a><\/strong><\/li>\n<li data-wahfont=\"13\"><strong><a href=\"\/jashtme\/wp-content\/uploads\/2023\/05\/shpenzime-buxhetore-pr-vitin-2019.pdf\" target=\"_blank\" rel=\"noopener noreferrer\" data-wahfont=\"13\">Shpenzime buxhetore p\u00ebr vitin 2019<\/a><\/strong><\/li>\n<li data-wahfont=\"13\"><strong><a href=\"\/jashtme\/wp-content\/uploads\/2023\/05\/Shpenzime-Buxhetore-2020.pdf\" target=\"_blank\" rel=\"noopener noreferrer\" data-wahfont=\"13\">Shpenzime buxhetore p\u00ebr vitin 2020<\/a><\/strong><\/li>\n<li data-wahfont=\"13\"><strong><a href=\"\/jashtme\/wp-content\/uploads\/2023\/05\/Shepnzime-Buxhetore-2021.pdf\" target=\"_blank\" rel=\"noopener noreferrer\" data-wahfont=\"13\">Shpenzime buxhetore p\u00ebr vitin 2021<\/a><\/strong><\/li>\n<li data-wahfont=\"13\"><strong><a href=\"\/jashtme\/wp-content\/uploads\/2023\/05\/monitorimi-i-buxhetit-per-4-mjorin-e-i-2020.pdf\" target=\"_blank\" rel=\"noopener\" data-wahfont=\"13\">ANEKSI nr.1 \u201cRaporti i Shpenzimeve sipas Programeve\u201d<\/a><\/strong><\/li>\n<li data-wahfont=\"13\"><strong><a href=\"\/jashtme\/wp-content\/uploads\/2023\/05\/ank2.pdf\" target=\"_blank\" rel=\"noopener\" data-wahfont=\"13\">ANEKSI nr.2 \u201cRaporti i Shpenzimeve t\u00eb Programit sipas Shpenzimeve\u201d<\/a><\/strong><\/li>\n<li data-wahfont=\"13\"><strong><a href=\"\/jashtme\/wp-content\/uploads\/2023\/05\/3.pdf\" target=\"_blank\" rel=\"noopener\" data-wahfont=\"13\">ANEKSI nr.3 \u201cRaporti p\u00ebrmbledh\u00ebs i realizimit t\u00eb treguesve t\u00eb performanc\u00ebs\/produkteve t\u00eb programit\u201d<\/a><\/strong><\/li>\n<li data-wahfont=\"13\"><strong><a href=\"\/jashtme\/wp-content\/uploads\/2023\/05\/aneksi-2.pdf\" target=\"_blank\" rel=\"noopener\" data-wahfont=\"13\">ANEKSI nr.4 \u201cRaporti i realizimit t\u00eb objektivave t\u00eb politik\u00ebs s\u00eb programit\u201d<\/a><\/strong><\/li>\n<li data-wahfont=\"13\"><strong><a href=\"\/jashtme\/wp-content\/uploads\/2023\/05\/aneksi-5.pdf\" target=\"_blank\" rel=\"noopener\" data-wahfont=\"13\">ANEKSI nr.5 \u201cProjektet e investimeve me financim t\u00eb br\u00ebndsh\u00ebm dhe me financim t\u00eb huaj\u201d<\/a><\/strong><\/li>\n<\/ul>\n","protected":false},"excerpt":{"rendered":"<p>Shpenzime Buxhetore Shpenzime buxhetore p\u00ebr vitin 2013 Shpenzime buxhetore p\u00ebr vitin 2017 Shpenzime buxhetore p\u00ebr vitin 2018 Shpenzime buxhetore p\u00ebr vitin 2019 Shpenzime buxhetore p\u00ebr vitin 2020 Shpenzime buxhetore p\u00ebr vitin 2021 ANEKSI nr.1 \u201cRaporti i Shpenzimeve sipas Programeve\u201d ANEKSI nr.2 \u201cRaporti i Shpenzimeve t\u00eb Programit sipas Shpenzimeve\u201d ANEKSI nr.3 \u201cRaporti p\u00ebrmbledh\u00ebs i realizimit t\u00eb [&hellip;]<\/p>\n","protected":false},"author":1,"featured_media":4040,"parent":0,"menu_order":0,"comment_status":"closed","ping_status":"closed","template":"","meta":{"_acf_changed":false,"footnotes":""},"class_list":["post-2982","page","type-page","status-publish","has-post-thumbnail","hentry"],"translation":{"provider":"WPGlobus","version":"2.12.2","language":"al","enabled_languages":["al","en"],"languages":{"al":{"title":true,"content":true,"excerpt":false},"en":{"title":true,"content":true,"excerpt":false}}},"acf":[],"_links":{"self":[{"href":"http:\/\/51.68.177.34\/jashtme\/wp-json\/wp\/v2\/pages\/2982"}],"collection":[{"href":"http:\/\/51.68.177.34\/jashtme\/wp-json\/wp\/v2\/pages"}],"about":[{"href":"http:\/\/51.68.177.34\/jashtme\/wp-json\/wp\/v2\/types\/page"}],"author":[{"embeddable":true,"href":"http:\/\/51.68.177.34\/jashtme\/wp-json\/wp\/v2\/users\/1"}],"replies":[{"embeddable":true,"href":"http:\/\/51.68.177.34\/jashtme\/wp-json\/wp\/v2\/comments?post=2982"}],"version-history":[{"count":7,"href":"http:\/\/51.68.177.34\/jashtme\/wp-json\/wp\/v2\/pages\/2982\/revisions"}],"predecessor-version":[{"id":4144,"href":"http:\/\/51.68.177.34\/jashtme\/wp-json\/wp\/v2\/pages\/2982\/revisions\/4144"}],"wp:featuredmedia":[{"embeddable":true,"href":"http:\/\/51.68.177.34\/jashtme\/wp-json\/wp\/v2\/media\/4040"}],"wp:attachment":[{"href":"http:\/\/51.68.177.34\/jashtme\/wp-json\/wp\/v2\/media?parent=2982"}],"curies":[{"name":"wp","href":"https:\/\/api.w.org\/{rel}","templated":true}]}}