{"id":2941,"date":"2023-05-15T13:52:59","date_gmt":"2023-05-15T13:52:59","guid":{"rendered":"http:\/\/51.68.177.34\/jashtme\/?page_id=2941"},"modified":"2023-07-25T08:36:52","modified_gmt":"2023-07-25T08:36:52","slug":"marreveshjet","status":"publish","type":"page","link":"http:\/\/51.68.177.34\/jashtme\/marreveshjet\/","title":{"rendered":"Marr\u00ebveshjet"},"content":{"rendered":"<p><strong>Marr\u00ebveshja me Hungarin\u00eb<a href=\"\/jashtme\/wp-content\/uploads\/2023\/05\/marreveshja-me-hungarine.pdf\" data-wahfont=\"13\"> (Kliko k\u00ebtu)<\/a><\/strong><\/p>\n<p><strong>Marr\u00ebveshja me Rumanin\u00eb<a href=\"\/jashtme\/wp-content\/uploads\/2023\/05\/marreveshja-me-rumanine.pdf\" data-wahfont=\"13\"> (Kliko k\u00ebtu)<\/a><\/strong><\/p>\n<p><strong>Marr\u00ebveshja me \u00c7ekosllovakin\u00eb<a href=\"\/jashtme\/wp-content\/uploads\/2023\/05\/marreveshja-me-cekosllovakine.pdf\" data-wahfont=\"13\"> (Kliko k\u00ebtu)<\/a><\/strong><\/p>\n<p><strong>Marr\u00ebveshja me Sllovakin\u00eb<a href=\"\/jashtme\/wp-content\/uploads\/2023\/05\/marreveshja-me-sllovakine.pdf\" data-wahfont=\"13\"> (Kliko k\u00ebtu)<\/a><\/strong><\/p>\n<p><strong>Marr\u00ebveshja me Federat\u00ebn Ruse<a href=\"\/jashtme\/wp-content\/uploads\/2023\/05\/marreveshja-me-federaten-ruse.pdf\" data-wahfont=\"13\"> (Kliko k\u00ebtu)<\/a><\/strong><\/p>\n<p><strong>Marr\u00ebveshja me Bullgarin\u00eb<a href=\"\/jashtme\/wp-content\/uploads\/2023\/05\/marreveshja-me-bullgarine.pdf\" data-wahfont=\"13\"> (Kliko k\u00ebtu)<\/a><\/strong><\/p>\n","protected":false},"excerpt":{"rendered":"<p>Marr\u00ebveshja me Hungarin\u00eb (Kliko k\u00ebtu) Marr\u00ebveshja me Rumanin\u00eb (Kliko k\u00ebtu) Marr\u00ebveshja me \u00c7ekosllovakin\u00eb (Kliko k\u00ebtu) Marr\u00ebveshja me Sllovakin\u00eb (Kliko k\u00ebtu) Marr\u00ebveshja me Federat\u00ebn Ruse (Kliko k\u00ebtu) Marr\u00ebveshja me Bullgarin\u00eb (Kliko k\u00ebtu)<\/p>\n","protected":false},"author":1,"featured_media":4040,"parent":0,"menu_order":0,"comment_status":"closed","ping_status":"closed","template":"","meta":{"_acf_changed":false,"footnotes":""},"class_list":["post-2941","page","type-page","status-publish","has-post-thumbnail","hentry"],"translation":{"provider":"WPGlobus","version":"2.12.2","language":"al","enabled_languages":["al","en"],"languages":{"al":{"title":true,"content":true,"excerpt":false},"en":{"title":true,"content":true,"excerpt":false}}},"acf":[],"_links":{"self":[{"href":"http:\/\/51.68.177.34\/jashtme\/wp-json\/wp\/v2\/pages\/2941"}],"collection":[{"href":"http:\/\/51.68.177.34\/jashtme\/wp-json\/wp\/v2\/pages"}],"about":[{"href":"http:\/\/51.68.177.34\/jashtme\/wp-json\/wp\/v2\/types\/page"}],"author":[{"embeddable":true,"href":"http:\/\/51.68.177.34\/jashtme\/wp-json\/wp\/v2\/users\/1"}],"replies":[{"embeddable":true,"href":"http:\/\/51.68.177.34\/jashtme\/wp-json\/wp\/v2\/comments?post=2941"}],"version-history":[{"count":7,"href":"http:\/\/51.68.177.34\/jashtme\/wp-json\/wp\/v2\/pages\/2941\/revisions"}],"predecessor-version":[{"id":4141,"href":"http:\/\/51.68.177.34\/jashtme\/wp-json\/wp\/v2\/pages\/2941\/revisions\/4141"}],"wp:featuredmedia":[{"embeddable":true,"href":"http:\/\/51.68.177.34\/jashtme\/wp-json\/wp\/v2\/media\/4040"}],"wp:attachment":[{"href":"http:\/\/51.68.177.34\/jashtme\/wp-json\/wp\/v2\/media?parent=2941"}],"curies":[{"name":"wp","href":"https:\/\/api.w.org\/{rel}","templated":true}]}}