{"id":2940,"date":"2023-05-15T13:40:10","date_gmt":"2023-05-15T13:40:10","guid":{"rendered":"http:\/\/51.68.177.34\/jashtme\/?page_id=2940"},"modified":"2023-07-24T08:26:58","modified_gmt":"2023-07-24T08:26:58","slug":"publikime","status":"publish","type":"page","link":"http:\/\/51.68.177.34\/jashtme\/publikime\/","title":{"rendered":"Publikime"},"content":{"rendered":"<p data-wahfont=\"13\"><strong><a href=\"\/jashtme\/wp-content\/uploads\/2023\/05\/regjistri-i-kerkesave-per-te-drejten-e-informimit-2020.pdf\" target=\"_blank\" rel=\"noopener noreferrer\" data-wahfont=\"13\">Regjistri i k\u00ebrkesave p\u00ebr t\u00eb drejt\u00ebn e informimit 2020<\/a><\/strong><\/p>\n<p data-wahfont=\"13\"><strong><a href=\"\/jashtme\/wp-content\/uploads\/2023\/05\/programi_i_transparences-1.pdf\" target=\"_blank\" rel=\"noopener noreferrer\" data-wahfont=\"13\">Programi i transparenc\u00ebs<\/a><\/strong><\/p>\n<p data-wahfont=\"13\"><strong><a href=\"\/jashtme\/wp-content\/uploads\/2023\/05\/informacion_per_publikun_119-2014.pdf\" target=\"_blank\" rel=\"noopener noreferrer\" data-wahfont=\"13\">Informacion p\u00ebr publikun<\/a><\/strong><\/p>\n<p data-wahfont=\"13\"><strong><a href=\"\/jashtme\/wp-content\/uploads\/2023\/05\/rregjistri_koordinatorit.pdf\" target=\"_blank\" rel=\"noopener noreferrer\" data-wahfont=\"13\">Regjistri Koordinatorit 2015<\/a><\/strong><\/p>\n<p data-wahfont=\"13\"><strong><a href=\"\/jashtme\/wp-content\/uploads\/2023\/05\/per_koordinatorin_2016.pdf\" target=\"_blank\" rel=\"noopener noreferrer\" data-wahfont=\"13\">Regjistri Koordinatorit 2016<\/a><\/strong><\/p>\n<p data-wahfont=\"13\"><strong><a href=\"\/jashtme\/wp-content\/uploads\/2023\/05\/regjistri_i_kerkesave_janar-dhjetor_2017.pdf\" target=\"_blank\" rel=\"noopener noreferrer\" data-wahfont=\"13\">Regjistri Koordinatorit Janar-Dhjetor 2017<\/a><\/strong><\/p>\n<p data-wahfont=\"13\"><strong><a href=\"\/jashtme\/wp-content\/uploads\/2023\/05\/regjistri_i_kerkesave_dhe_pergjigjeve_per_informacion_ne_mepj_janar__mars_2018.pdf\" target=\"_blank\" rel=\"noopener noreferrer\" data-wahfont=\"13\">Regjistri i k\u00ebrkesave dhe p\u00ebrgjigjeve p\u00ebr informim Janar-Mars 2018<\/a><\/strong><\/p>\n<p data-wahfont=\"13\"><strong><a href=\"\/jashtme\/wp-content\/uploads\/2023\/05\/regjistri-2018.pdf\" target=\"_blank\" rel=\"noopener noreferrer\" data-wahfont=\"13\">Regjistri i k\u00ebrkesave Janar-Dhjetor 2018<\/a><\/strong><\/p>\n<p data-wahfont=\"13\"><strong><a href=\"\/jashtme\/wp-content\/uploads\/2023\/05\/regjistri-i-krkesave-2019.pdf\" target=\"_blank\" rel=\"noopener\" data-wahfont=\"13\">Regjistri i k\u00ebrkesave p\u00ebr informacion\u00a0Janar-Dhjetor 2019<\/a><\/strong><\/p>\n<p data-wahfont=\"13\"><strong><a href=\"\/jashtme\/wp-content\/uploads\/2023\/05\/Regjistri-i-kerkesave-dhe-pergjigjeve-2021.pdf\" target=\"_blank\" rel=\"noopener\" data-wahfont=\"13\">Regjistri i k\u00ebrkesave dhe\u00a0 p\u00ebrgjigjeve\u00a0 2021<\/a><\/strong><\/p>\n<p data-wahfont=\"13\"><strong><a href=\"\/jashtme\/wp-content\/uploads\/2023\/05\/Koordinatori-2022-e-perditesuar.pdf\" target=\"_blank\" rel=\"noopener\" data-wahfont=\"13\">Regjistri i k\u00ebrkesave dhe \u00a0p\u00ebrgjigjeve \u00a02022<\/a><\/strong><\/p>\n<p data-wahfont=\"13\"><strong><a href=\"\/jashtme\/wp-content\/uploads\/2023\/05\/REGJISTRI-I-KERKESAVE-DHE-PERGJIGJEVE-I-VITIT-2023-perditesuar.pdf\" target=\"_blank\" rel=\"noopener\" data-wahfont=\"13\">Regjistri i K\u00ebrkesave dhe P\u00ebrgjigjeve i Vitit 2023 (p\u00ebrdit\u00ebsuar)<\/a><\/strong><\/p>\n","protected":false},"excerpt":{"rendered":"<p>Regjistri i k\u00ebrkesave p\u00ebr t\u00eb drejt\u00ebn e informimit 2020 Programi i transparenc\u00ebs Informacion p\u00ebr publikun Regjistri Koordinatorit 2015 Regjistri Koordinatorit 2016 Regjistri Koordinatorit Janar-Dhjetor 2017 Regjistri i k\u00ebrkesave dhe p\u00ebrgjigjeve p\u00ebr informim Janar-Mars 2018 Regjistri i k\u00ebrkesave Janar-Dhjetor 2018 Regjistri i k\u00ebrkesave p\u00ebr informacion\u00a0Janar-Dhjetor 2019 Regjistri i k\u00ebrkesave dhe\u00a0 p\u00ebrgjigjeve\u00a0 2021 Regjistri i k\u00ebrkesave dhe [&hellip;]<\/p>\n","protected":false},"author":1,"featured_media":4040,"parent":0,"menu_order":0,"comment_status":"closed","ping_status":"closed","template":"","meta":{"_acf_changed":false,"footnotes":""},"class_list":["post-2940","page","type-page","status-publish","has-post-thumbnail","hentry"],"translation":{"provider":"WPGlobus","version":"2.12.2","language":"al","enabled_languages":["al","en"],"languages":{"al":{"title":true,"content":true,"excerpt":false},"en":{"title":true,"content":true,"excerpt":false}}},"acf":[],"_links":{"self":[{"href":"http:\/\/51.68.177.34\/jashtme\/wp-json\/wp\/v2\/pages\/2940"}],"collection":[{"href":"http:\/\/51.68.177.34\/jashtme\/wp-json\/wp\/v2\/pages"}],"about":[{"href":"http:\/\/51.68.177.34\/jashtme\/wp-json\/wp\/v2\/types\/page"}],"author":[{"embeddable":true,"href":"http:\/\/51.68.177.34\/jashtme\/wp-json\/wp\/v2\/users\/1"}],"replies":[{"embeddable":true,"href":"http:\/\/51.68.177.34\/jashtme\/wp-json\/wp\/v2\/comments?post=2940"}],"version-history":[{"count":6,"href":"http:\/\/51.68.177.34\/jashtme\/wp-json\/wp\/v2\/pages\/2940\/revisions"}],"predecessor-version":[{"id":4135,"href":"http:\/\/51.68.177.34\/jashtme\/wp-json\/wp\/v2\/pages\/2940\/revisions\/4135"}],"wp:featuredmedia":[{"embeddable":true,"href":"http:\/\/51.68.177.34\/jashtme\/wp-json\/wp\/v2\/media\/4040"}],"wp:attachment":[{"href":"http:\/\/51.68.177.34\/jashtme\/wp-json\/wp\/v2\/media?parent=2940"}],"curies":[{"name":"wp","href":"https:\/\/api.w.org\/{rel}","templated":true}]}}