{"id":2926,"date":"2023-05-15T13:29:00","date_gmt":"2023-05-15T13:29:00","guid":{"rendered":"http:\/\/51.68.177.34\/jashtme\/?page_id=2926"},"modified":"2023-07-24T08:31:45","modified_gmt":"2023-07-24T08:31:45","slug":"informacion-per-publikun","status":"publish","type":"page","link":"http:\/\/51.68.177.34\/jashtme\/informacion-per-publikun\/","title":{"rendered":"Informacion p\u00ebr Publikun"},"content":{"rendered":"<p data-wahfont=\"13\"><strong><a href=\"\/jashtme\/wp-content\/uploads\/2023\/05\/Urdher-150-28.04.2022-per-Planin-e-Integritetit.pdf\" data-wahfont=\"13\">Urdher 150, 28.04.2022, per Planin e Integritetit<\/a><\/strong><\/p>\n<p data-wahfont=\"13\"><strong><a href=\"\/jashtme\/wp-content\/uploads\/2023\/05\/PI-MEPJ-26-04.2022.pdf\" data-wahfont=\"13\">PLANI I INTEGRITETIT i Ministris\u00eb p\u00ebr Evrop\u00ebn dhe Pun\u00ebt e Jashtme 2022-2025<\/a><\/strong><\/p>\n<p data-wahfont=\"13\"><a href=\"\/jashtme\/wp-content\/uploads\/2023\/05\/Raport-Monitorimi-mbi-zbatimin-e-planit-Integritetit-MEPJ_2022.pdf\" data-wahfont=\"13\">\u00a0 \u00a0 \u00a0 \u2013\u00a0 Raporti i Monitorimit t\u00eb Zbatimit t\u00eb Planit t\u00eb Integritetit p\u00ebr vitin 2022<\/a><\/p>\n<p data-wahfont=\"13\"><a href=\"\/jashtme\/wp-content\/uploads\/2023\/05\/vkm-vetedeklarimi-i-adreses-nga-shtetasit-shqiptare-qe-jetojne-jashte-rsh-se.pdf\" target=\"_blank\" rel=\"noopener noreferrer\" data-wahfont=\"13\"><strong><span data-wahfont=\"13\">Detyrimin e Vet\u00ebdeklarimit t\u00eb adres\u00ebs nga shtetasit shqiptar\u00eb q\u00eb jetojn\u00eb jasht\u00eb Republik\u00ebs s\u00eb Shqip\u00ebris\u00eb<\/span><\/strong><\/a><\/p>\n<p data-wahfont=\"13\"><a href=\"\/jashtme\/wp-content\/uploads\/2023\/05\/programi-transparences-2-2018-1-4.pdf\" target=\"_blank\" rel=\"noopener noreferrer\" data-wahfont=\"13\"><strong><span data-wahfont=\"13\">Programi i Transparenc\u00ebs<\/span><\/strong><\/a><\/p>\n<p data-wahfont=\"13\"><a href=\"\/jashtme\/ligji-per-sherbimin-e-jashtem\/\" target=\"_blank\" rel=\"noopener noreferrer\" data-wahfont=\"13\"><strong><span data-wahfont=\"13\">Ligji p\u00ebr sh\u00ebrbimin e jasht\u00ebm<\/span><\/strong><\/a><\/p>\n<p data-wahfont=\"13\"><strong><a href=\"\/jashtme\/publikime\/\" target=\"_blank\" rel=\"noopener noreferrer\" data-wahfont=\"13\"><span data-wahfont=\"13\">Publikime<\/span><\/a><\/strong><\/p>\n<p data-wahfont=\"13\"><a href=\"\/jashtme\/marreveshjet\/\" target=\"_blank\" rel=\"noopener\" data-wahfont=\"13\"><strong><span data-wahfont=\"13\">Marr\u00ebveshjet<\/span><\/strong><\/a><\/p>\n<p data-wahfont=\"13\"><strong><a href=\"\/jashtme\/kontakt-1\/\" target=\"_blank\" rel=\"noopener noreferrer\" data-wahfont=\"13\"><span data-wahfont=\"13\">Kontakt<\/span><\/a><\/strong><\/p>\n","protected":false},"excerpt":{"rendered":"<p>Urdher 150, 28.04.2022, per Planin e Integritetit PLANI I INTEGRITETIT i Ministris\u00eb p\u00ebr Evrop\u00ebn dhe Pun\u00ebt e Jashtme 2022-2025 \u00a0 \u00a0 \u00a0 \u2013\u00a0 Raporti i Monitorimit t\u00eb Zbatimit t\u00eb Planit t\u00eb Integritetit p\u00ebr vitin 2022 Detyrimin e Vet\u00ebdeklarimit t\u00eb adres\u00ebs nga shtetasit shqiptar\u00eb q\u00eb jetojn\u00eb jasht\u00eb Republik\u00ebs s\u00eb Shqip\u00ebris\u00eb Programi i Transparenc\u00ebs Ligji p\u00ebr sh\u00ebrbimin [&hellip;]<\/p>\n","protected":false},"author":1,"featured_media":4040,"parent":0,"menu_order":0,"comment_status":"closed","ping_status":"closed","template":"","meta":{"_acf_changed":false,"footnotes":""},"class_list":["post-2926","page","type-page","status-publish","has-post-thumbnail","hentry"],"translation":{"provider":"WPGlobus","version":"2.12.2","language":"al","enabled_languages":["al","en"],"languages":{"al":{"title":true,"content":true,"excerpt":false},"en":{"title":true,"content":true,"excerpt":false}}},"acf":[],"_links":{"self":[{"href":"http:\/\/51.68.177.34\/jashtme\/wp-json\/wp\/v2\/pages\/2926"}],"collection":[{"href":"http:\/\/51.68.177.34\/jashtme\/wp-json\/wp\/v2\/pages"}],"about":[{"href":"http:\/\/51.68.177.34\/jashtme\/wp-json\/wp\/v2\/types\/page"}],"author":[{"embeddable":true,"href":"http:\/\/51.68.177.34\/jashtme\/wp-json\/wp\/v2\/users\/1"}],"replies":[{"embeddable":true,"href":"http:\/\/51.68.177.34\/jashtme\/wp-json\/wp\/v2\/comments?post=2926"}],"version-history":[{"count":20,"href":"http:\/\/51.68.177.34\/jashtme\/wp-json\/wp\/v2\/pages\/2926\/revisions"}],"predecessor-version":[{"id":4139,"href":"http:\/\/51.68.177.34\/jashtme\/wp-json\/wp\/v2\/pages\/2926\/revisions\/4139"}],"wp:featuredmedia":[{"embeddable":true,"href":"http:\/\/51.68.177.34\/jashtme\/wp-json\/wp\/v2\/media\/4040"}],"wp:attachment":[{"href":"http:\/\/51.68.177.34\/jashtme\/wp-json\/wp\/v2\/media?parent=2926"}],"curies":[{"name":"wp","href":"https:\/\/api.w.org\/{rel}","templated":true}]}}