{"id":2862,"date":"2023-05-15T09:06:55","date_gmt":"2023-05-15T09:06:55","guid":{"rendered":"http:\/\/51.68.177.34\/jashtme\/?page_id=2862"},"modified":"2023-07-21T13:54:27","modified_gmt":"2023-07-21T13:54:27","slug":"nisma-open-balkan-ballkani-i-hapur","status":"publish","type":"page","link":"http:\/\/51.68.177.34\/jashtme\/nisma-open-balkan-ballkani-i-hapur\/","title":{"rendered":"Nisma \u201cOpen Balkan-Ballkani i Hapur\u201d"},"content":{"rendered":"<h3>\u201cBallkani i Hapur\u201d<\/h3>\n<p data-wahfont=\"13\">Kjo nism\u00eb duhet par\u00eb si nj\u00eb l\u00ebvizje e par\u00eb e suksesshme p\u00ebr pron\u00ebsin\u00eb ton\u00eb rajonale dhe ndihmon n\u00eb integrimin e vendeve tona n\u00eb BE, forcimin e bashk\u00ebpunimit rajonal dhe gjenerimin e rritjes ekonomike.<\/p>\n<p data-wahfont=\"13\">Ballkani i Hapur gjithashtu plot\u00ebson bashk\u00ebpunimin rajonal n\u00eb kuadrin e nismave t\u00eb ndryshme rajonale, si Tregu i P\u00ebrbashk\u00ebt Rajonal, Axhenda Dixhitale, Lidhshm\u00ebria, Axhenda e Gjelb\u00ebr e Ballkanit Per\u00ebndimor, Korridoret e Gjelb\u00ebrta dhe Procesi m\u00eb i gjer\u00eb i Berlinit. Kjo nism\u00eb \u00ebsht\u00eb n\u00eb funksion t\u00eb bashk\u00ebpunimit rajonal dhe plot\u00ebson p\u00ebrpjekjet e vendeve t\u00eb rajonit drejt integrimit n\u00eb BE.<\/p>\n<p data-wahfont=\"13\">Ballkani i Hapur \u00ebsht\u00eb nj\u00eb mekaniz\u00ebm p\u00ebr t\u00eb ndihmuar p\u00ebrshpejtimin e procesit t\u00eb Berlinit dhe duhet par\u00eb dhe konceptuar si nj\u00eb nj\u00ebsi zbatuese e Procesit t\u00eb Berlinit. Thelbi i k\u00ebsaj nisme \u00ebsht\u00eb se si t\u00eb zgjerojm\u00eb ekonomit\u00eb dhe t\u00eb integrojm\u00eb tregjet tona n\u00eb m\u00ebnyr\u00eb q\u00eb t\u00eb rrisim fluksin e investimeve t\u00eb huaja.<\/p>\n<p data-wahfont=\"13\"><strong>\u00a0<\/strong><\/p>\n<h3>Marr\u00ebveshjet e Ballkanit t\u00eb Hapur q\u00eb kan\u00eb hyr\u00eb n\u00eb fuqi<\/h3>\n<p data-wahfont=\"13\">1. Marr\u00ebveshje ndryshuese e Marr\u00ebveshjes nd\u00ebrmjet K\u00ebshillit t\u00eb Ministrave t\u00eb Republik\u00ebs s\u00eb Shqip\u00ebris\u00eb dhe Qeveris\u00eb s\u00eb Republik\u00ebs s\u00eb Serbis\u00eb mbi l\u00ebvizjen e nd\u00ebrsjell\u00eb t\u00eb shtetasve, n\u00ebnshkruar m\u00eb 9.11.2020, hyr\u00eb n\u00eb fuqi m\u00eb 20.01.2021.<\/p>\n<p data-wahfont=\"13\">2. Memorandum p\u00ebr bashk\u00ebpunim nd\u00ebrmjet Qeveris\u00eb s\u00eb Republik\u00ebs s\u00eb Shqip\u00ebris\u00eb, Qeveris\u00eb s\u00eb Maqedonis\u00eb s\u00eb Veriut dhe Qeveris\u00eb s\u00eb Serbis\u00eb gjat\u00eb pandemis\u00eb globale t\u00eb koronavirusit COVID-19, n\u00ebnshkruar dhe hyr\u00eb n\u00eb fuqi m\u00eb 9.11.2020.<\/p>\n<p data-wahfont=\"13\">3. Marr\u00ebveshje nd\u00ebrmjet K\u00ebshillit t\u00eb Ministrave t\u00eb Republik\u00ebs s\u00eb Shqip\u00ebris\u00eb dhe Qeveris\u00eb s\u00eb Republik\u00ebs s\u00eb Maqedonis\u00eb s\u00eb Veriut p\u00ebr ngritjen e pikave t\u00eb p\u00ebrbashk\u00ebta t\u00eb kalimit kufitar nd\u00ebrmjet Republik\u00ebs s\u00eb Shqip\u00ebris\u00eb dhe Republik\u00ebs s\u00eb Maqedonis\u00eb s\u00eb Veriut, n\u00ebnshkruar m\u00eb 10.06.2021, hyr\u00eb n\u00eb fuqi m\u00eb 1.02.2022.<\/p>\n<p data-wahfont=\"13\">4. Memorandum mir\u00ebkuptimi p\u00ebr bashk\u00ebpunimin p\u00ebr leht\u00ebsimin e importeve, eksporteve dhe l\u00ebvizjes s\u00eb mallrave n\u00eb Ballkanin Per\u00ebndimor, n\u00ebnshkruar m\u00eb 29.07.2021.<\/p>\n<p data-wahfont=\"13\">5. Memorandum mir\u00ebkuptimi p\u00ebr bashk\u00ebpunimin lidhur me aksesin e lir\u00eb n\u00eb tregun e pun\u00ebs n\u00eb Ballkanin Per\u00ebndimor, n\u00ebnshkruar dhe hyr\u00eb n\u00eb fuqi m\u00eb 29.07.2021.<\/p>\n<p data-wahfont=\"13\">6. Marr\u00ebveshje mbi bashk\u00ebpunimin p\u00ebr mbrojtjen ndaj katastrofave n\u00eb Ballkanin Per\u00ebndimor, n\u00ebnshkruar m\u00eb 29.07.2021.<\/p>\n<p data-wahfont=\"13\">7. Marr\u00ebveshje mbi kushtet p\u00ebr akses t\u00eb lir\u00eb n\u00eb tregun e pun\u00ebs n\u00eb Ballkanin Per\u00ebndimor, n\u00ebnshkruar m\u00eb 21.12.2021, hyr\u00eb n\u00eb fuqi m\u00eb 11.03.2022.<\/p>\n<p data-wahfont=\"13\">8. Marr\u00ebveshje mbi nd\u00ebrlidhjen e skemave p\u00ebr identifikimin elektronik t\u00eb shtetasve t\u00eb Ballkanit Per\u00ebndimor, n\u00ebnshkruar m\u00eb 21.12.2021, hyr\u00eb n\u00eb fuqi m\u00eb 11.03.2022.<\/p>\n<p data-wahfont=\"13\">9. Marr\u00ebveshje p\u00ebr bashk\u00ebpunim n\u00eb fush\u00ebn e veterinaris\u00eb, siguris\u00eb ushqimore dhe ushqimit p\u00ebr kafsh\u00eb dhe fitosanitare n\u00eb Ballkanin Per\u00ebndimor, n\u00ebnshkruar m\u00eb 21.12.2021.<\/p>\n<p data-wahfont=\"13\">10. Marr\u00ebveshje p\u00ebr bashk\u00ebpunim n\u00eb fush\u00ebn e akreditimit n\u00eb Ballkanin Per\u00ebndimor, n\u00ebnshkruar dhe hyr\u00eb n\u00eb fuqi m\u00eb 21.12.2021.<\/p>\n<p data-wahfont=\"13\">11. Marr\u00ebveshje nd\u00ebrmjet K\u00ebshillit t\u00eb Ministrave t\u00eb Republik\u00ebs s\u00eb Shqip\u00ebris\u00eb dhe Qeveris\u00eb s\u00eb Republik\u00ebs s\u00eb Maqedonis\u00eb s\u00eb Veriut p\u00ebr njohjen reciproke t\u00eb Operator\u00ebve Ekonomik t\u00eb Autorizuar \u2013 Autorizimet p\u00ebr Sigurin\u00eb dhe Mbrojtjen (OEAS), n\u00ebnshkruar m\u00eb 21.12.2021.<\/p>\n<p data-wahfont=\"13\">12. Marr\u00ebveshje nd\u00ebrmjet K\u00ebshillit t\u00eb Ministrave t\u00eb Republik\u00ebs s\u00eb Shqip\u00ebris\u00eb dhe Qeveris\u00eb s\u00eb Republik\u00ebs s\u00eb Serbis\u00eb p\u00ebr njohjen reciproke t\u00eb Operator\u00ebve Ekonomik t\u00eb Autorizuar-Autorizimet p\u00ebr Sigurin\u00eb dhe Mbrojtjen (OEAS), n\u00ebnshkruar m\u00eb 21.12.2021, hyr\u00eb n\u00eb fuqi m\u00eb 7.05.2022.<\/p>\n","protected":false},"excerpt":{"rendered":"<p>\u201cBallkani i Hapur\u201d Kjo nism\u00eb duhet par\u00eb si nj\u00eb l\u00ebvizje e par\u00eb e suksesshme p\u00ebr pron\u00ebsin\u00eb ton\u00eb rajonale dhe ndihmon n\u00eb integrimin e vendeve tona n\u00eb BE, forcimin e bashk\u00ebpunimit rajonal dhe gjenerimin e rritjes ekonomike. Ballkani i Hapur gjithashtu plot\u00ebson bashk\u00ebpunimin rajonal n\u00eb kuadrin e nismave t\u00eb ndryshme rajonale, si Tregu i P\u00ebrbashk\u00ebt Rajonal, [&hellip;]<\/p>\n","protected":false},"author":1,"featured_media":4012,"parent":0,"menu_order":0,"comment_status":"closed","ping_status":"closed","template":"","meta":{"_acf_changed":false,"footnotes":""},"class_list":["post-2862","page","type-page","status-publish","has-post-thumbnail","hentry"],"translation":{"provider":"WPGlobus","version":"2.12.2","language":"al","enabled_languages":["al","en"],"languages":{"al":{"title":true,"content":true,"excerpt":false},"en":{"title":true,"content":true,"excerpt":false}}},"acf":[],"_links":{"self":[{"href":"http:\/\/51.68.177.34\/jashtme\/wp-json\/wp\/v2\/pages\/2862"}],"collection":[{"href":"http:\/\/51.68.177.34\/jashtme\/wp-json\/wp\/v2\/pages"}],"about":[{"href":"http:\/\/51.68.177.34\/jashtme\/wp-json\/wp\/v2\/types\/page"}],"author":[{"embeddable":true,"href":"http:\/\/51.68.177.34\/jashtme\/wp-json\/wp\/v2\/users\/1"}],"replies":[{"embeddable":true,"href":"http:\/\/51.68.177.34\/jashtme\/wp-json\/wp\/v2\/comments?post=2862"}],"version-history":[{"count":12,"href":"http:\/\/51.68.177.34\/jashtme\/wp-json\/wp\/v2\/pages\/2862\/revisions"}],"predecessor-version":[{"id":3954,"href":"http:\/\/51.68.177.34\/jashtme\/wp-json\/wp\/v2\/pages\/2862\/revisions\/3954"}],"wp:featuredmedia":[{"embeddable":true,"href":"http:\/\/51.68.177.34\/jashtme\/wp-json\/wp\/v2\/media\/4012"}],"wp:attachment":[{"href":"http:\/\/51.68.177.34\/jashtme\/wp-json\/wp\/v2\/media?parent=2862"}],"curies":[{"name":"wp","href":"https:\/\/api.w.org\/{rel}","templated":true}]}}