{"id":2860,"date":"2023-05-15T09:06:28","date_gmt":"2023-05-15T09:06:28","guid":{"rendered":"http:\/\/51.68.177.34\/jashtme\/?page_id=2860"},"modified":"2023-07-21T13:54:15","modified_gmt":"2023-07-21T13:54:15","slug":"organizata-e-bashkepunimit-ekonomik-te-detit-te-zi-bsec","status":"publish","type":"page","link":"http:\/\/51.68.177.34\/jashtme\/organizata-e-bashkepunimit-ekonomik-te-detit-te-zi-bsec\/","title":{"rendered":"Organizata e Bashk\u00ebpunimit Ekonomik t\u00eb Detit t\u00eb Zi (BSEC)"},"content":{"rendered":"<h3>Bashk\u00ebpunimi Ekonomik i Detit t\u00eb Zi &#8211; BEDZ<\/h3>\n<p>Organizata e Bashk\u00ebpunimit Ekonomik t\u00eb Detit t\u00eb Zi, \u00ebsht\u00eb krijuar m\u00eb 25 qershor 1992, n\u00eb Stamboll, me n\u00ebnshkrimin e Deklarat\u00ebs s\u00eb Samitit t\u00eb Krer\u00ebve t\u00eb Shteteve dhe Qeverive t\u00eb 11 vendeve themeluese q\u00eb jan\u00eb: Shqip\u00ebria, Armenia, Azerbaxhani, Bullgaria, Gjeorgjia, Greqia, Moldavia, Rumania, Rusia, Turqia, Ukraina.<\/p>\n<p data-wahfont=\"13\">Shqip\u00ebria \u00ebsht\u00eb an\u00ebtare bashk\u00eb themeluese e Organizat\u00ebs s\u00eb Bashk\u00ebpunimit Ekonomik t\u00eb Detit t\u00eb Zi(BEDZ\/BSEC).<\/p>\n<p data-wahfont=\"13\">Aktualisht vendeve an\u00ebtare t\u00eb k\u00ebsaj organizate u \u00ebsht\u00eb shtuar edhe Serbia, duke e \u00e7uar n\u00eb 12 vende an\u00ebtare, pjes\u00ebmarrjen n\u00eb k\u00ebt\u00eb organizat\u00eb.<\/p>\n<p data-wahfont=\"13\">N\u00eb Organizat\u00eb p\u00ebrve\u00e7 12 vendeve an\u00ebtare b\u00ebjn\u00eb pjes\u00eb me statusin e v\u00ebzhguesit edhe tremb\u00ebdhjet\u00eb vende t\u00eb tjera si: SHBA, Franca, Italia, Gjermania, Austria, Polonia, Sllovakia, \u00c7ekia, Bjellorusia, Kroacia, Tunizia, Egjipti dhe Izraeli.<\/p>\n<p data-wahfont=\"13\">Organizata ka profil ekonomik dhe fushat e veprimit t\u00eb saj p\u00ebrq\u00ebndrohen n\u00eb:<\/p>\n<ul>\n<li>Infrastruktur\u00ebn e transportit dhe komunikimit<\/li>\n<li>Shk\u00ebmbimin e informacionit ekonomiko-tregtar<\/li>\n<li>Standartizim\/certifikimin e produkteve<\/li>\n<li>Energji<\/li>\n<li>Turiz\u00ebm<\/li>\n<li>Agrikultur\u00eb\/agroindustry<\/li>\n<li>Shkence dhe teknologji (etj)<\/li>\n<\/ul>\n<p data-wahfont=\"13\">P\u00ebr t\u00eb realizuar nj\u00eb bashk\u00ebpunim sa m\u00eb efikas midis vendeve an\u00ebtare dhe p\u00ebr t\u00eb mbuluar aktivitetet n\u00eb fushat kryesore, Organizata ka krijuar disa organizma\u00a0<u>(related bodies)<\/u>\u00a0si:<\/p>\n<ul>\n<li>Dimensioni Parlamentar i BEDZ-it \u2013 PABSEC, me qend\u00ebr n\u00eb Ankara<\/li>\n<li>Asambleja Parlamentare e BEDZ-it \u2013 BSEC, me qend\u00ebr n\u00eb Stamboll<\/li>\n<li>K\u00ebshilli i Biznesit t\u00eb BEDZ-it, me qend\u00ebr po n\u00eb Stamboll<\/li>\n<li>Q\u00ebndra Nd\u00ebrkomb\u00ebtare e Studimeve t\u00eb Detit t\u00eb Zi, me qend\u00ebr n\u00eb Athin\u00eb<\/li>\n<li>Banka e Tregtis\u00eb dhe e Zhvillimit t\u00eb Detit t\u00eb Zi, me qend\u00ebr n\u00eb Selanik<\/li>\n<\/ul>\n<p data-wahfont=\"13\">P\u00ebr t\u00eb koordinuar pun\u00ebn e k\u00ebtyre organizmave \u00ebsht\u00eb ngritur\u00a0<u>Sekretariati i P\u00ebrhersh\u00ebm i <strong>BEDZ-it (PERMIS)<\/strong><\/u>\u00a0me qend\u00ebr n\u00eb Stamboll, n\u00eb drejtimin e t\u00eb cilit u jepet mund\u00ebsia vendeve an\u00ebtare t\u00eb marrin pjes\u00eb n\u00eb baz\u00eb t\u00eb parimit t\u00eb rotacionit.<\/p>\n<p data-wahfont=\"13\">Shqip\u00ebria \u00ebsht\u00eb nj\u00eb pjes\u00ebmarr\u00ebse aktive n\u00eb k\u00ebt\u00eb organizat\u00eb duke kontribuar me q\u00ebndrimet e saj n\u00eb \u00e7\u00ebshtjet q\u00eb trajtohen n\u00eb organizat\u00eb\u00a0 dhe ve\u00e7an\u00ebrisht n\u00eb kuad\u00ebr t\u00eb diskutimeve p\u00ebr reformimin e vazhduesh\u00ebm s\u00eb organizat\u00ebs, p\u00ebr bashk\u00ebpunimin BEDZ-BE, p\u00ebr ndryshimet organizative dhe strukturore, etj. Shqip\u00ebria ka mbajtur kryesin\u00eb e radh\u00ebs s\u00eb Organizat\u00ebs n\u00eb periudh\u00ebn maj-tetor 2008.<\/p>\n<p data-wahfont=\"13\">P\u00ebr m\u00eb tep\u00ebr informacion klikoni n\u00eb:\u00a0<a href=\"http:\/\/www.bsec-organization.org\/\" data-wahfont=\"13\">http:\/\/www.bsec-organization.org<\/a><\/p>\n","protected":false},"excerpt":{"rendered":"<p>Bashk\u00ebpunimi Ekonomik i Detit t\u00eb Zi &#8211; BEDZ Organizata e Bashk\u00ebpunimit Ekonomik t\u00eb Detit t\u00eb Zi, \u00ebsht\u00eb krijuar m\u00eb 25 qershor 1992, n\u00eb Stamboll, me n\u00ebnshkrimin e Deklarat\u00ebs s\u00eb Samitit t\u00eb Krer\u00ebve t\u00eb Shteteve dhe Qeverive t\u00eb 11 vendeve themeluese q\u00eb jan\u00eb: Shqip\u00ebria, Armenia, Azerbaxhani, Bullgaria, Gjeorgjia, Greqia, Moldavia, Rumania, Rusia, Turqia, Ukraina. Shqip\u00ebria \u00ebsht\u00eb [&hellip;]<\/p>\n","protected":false},"author":1,"featured_media":4012,"parent":0,"menu_order":0,"comment_status":"closed","ping_status":"closed","template":"","meta":{"_acf_changed":false,"footnotes":""},"class_list":["post-2860","page","type-page","status-publish","has-post-thumbnail","hentry"],"translation":{"provider":"WPGlobus","version":"2.12.2","language":"al","enabled_languages":["al","en"],"languages":{"al":{"title":true,"content":true,"excerpt":false},"en":{"title":true,"content":true,"excerpt":false}}},"acf":[],"_links":{"self":[{"href":"http:\/\/51.68.177.34\/jashtme\/wp-json\/wp\/v2\/pages\/2860"}],"collection":[{"href":"http:\/\/51.68.177.34\/jashtme\/wp-json\/wp\/v2\/pages"}],"about":[{"href":"http:\/\/51.68.177.34\/jashtme\/wp-json\/wp\/v2\/types\/page"}],"author":[{"embeddable":true,"href":"http:\/\/51.68.177.34\/jashtme\/wp-json\/wp\/v2\/users\/1"}],"replies":[{"embeddable":true,"href":"http:\/\/51.68.177.34\/jashtme\/wp-json\/wp\/v2\/comments?post=2860"}],"version-history":[{"count":11,"href":"http:\/\/51.68.177.34\/jashtme\/wp-json\/wp\/v2\/pages\/2860\/revisions"}],"predecessor-version":[{"id":3946,"href":"http:\/\/51.68.177.34\/jashtme\/wp-json\/wp\/v2\/pages\/2860\/revisions\/3946"}],"wp:featuredmedia":[{"embeddable":true,"href":"http:\/\/51.68.177.34\/jashtme\/wp-json\/wp\/v2\/media\/4012"}],"wp:attachment":[{"href":"http:\/\/51.68.177.34\/jashtme\/wp-json\/wp\/v2\/media?parent=2860"}],"curies":[{"name":"wp","href":"https:\/\/api.w.org\/{rel}","templated":true}]}}