{"id":2859,"date":"2023-05-15T09:06:15","date_gmt":"2023-05-15T09:06:15","guid":{"rendered":"http:\/\/51.68.177.34\/jashtme\/?page_id=2859"},"modified":"2023-07-21T13:54:02","modified_gmt":"2023-07-21T13:54:02","slug":"iniciativa-rajonale-per-migrim-azil-dhe-refugjate-marri","status":"publish","type":"page","link":"http:\/\/51.68.177.34\/jashtme\/iniciativa-rajonale-per-migrim-azil-dhe-refugjate-marri\/","title":{"rendered":"Iniciativa Rajonale p\u00ebr Migrim, Azil dhe Refugjat\u00eb (MARRI)"},"content":{"rendered":"<p data-wahfont=\"13\">Nisma Rajonale p\u00ebr Migrim, Azil dhe Refugjat\u00eb (MARRI), \u00ebsht\u00eb \u00a0ideuar n\u00eb vitin 2003, n\u00eb kuad\u00ebr t\u00eb Paktit t\u00eb Stabilitetit p\u00ebr Evrop\u00ebn Juglindore dhe \u00ebsht\u00eb lan\u00e7uar zyrtarisht, m\u00eb 5 prill 2004, n\u00eb Konferenc\u00ebn Ministeriale t\u00eb mbajtur n\u00eb Herceg-Novi, e cila \u00ebsht\u00eb konferenca themeluese e k\u00ebsaj nisme si dhe sesioni i par\u00eb i Forumit Rajonal t\u00eb MARRI-t.<\/p>\n<p data-wahfont=\"13\">MARRI p\u00ebrb\u00ebhet nga gjasht\u00eb shtete an\u00ebtare q\u00eb jan\u00eb: Shqip\u00ebria, Bosnja dhe Hercegovina, Kroacia, Maqedonia, Mali i Zi dhe Serbia.<\/p>\n<p data-wahfont=\"13\">Kjo nism\u00eb, funksionon n\u00ebp\u00ebrmjet dy mekanizmave kryesor\u00eb:<\/p>\n<ul>\n<li><strong>Forumi Rajonal i MARRI-t,\u00a0<\/strong>q\u00eb sh\u00ebrben si platform\u00eb politike dhe \u00ebsht\u00eb\u00a0 forumi\/organizmi\u00a0 m\u00eb i lart\u00eb i nism\u00ebs, pasi gjat\u00eb takimeve t\u00eb tij merren vendimet (me konsensus) p\u00ebr thellimin e bashk\u00ebpunimit sipas fushave specifike. Forumi p\u00ebrb\u00ebhet nga Ministrat respektiv\u00eb q\u00eb mbulojn\u00eb \u00e7\u00ebshtjet q\u00eb lidhen me tematik\u00ebn e MARRI-t. Kompetencat e tij konsistojn\u00eb n\u00eb:\n<ul>\n<li>Miraton programin e veprimit dhe amendon Parimet dhe Rregullat e MARRI<\/li>\n<li>Miraton Statutin e MARRI<\/li>\n<li>Mbikqyr aktivitetet e nd\u00ebrmarra nga MARRI dhe Qendra n\u00eb fush\u00ebn e migracionit, azilit, refugjat\u00ebve<\/li>\n<li>Aprovon ose pezullon an\u00ebtar\u00ebsimin n\u00eb k\u00ebt\u00eb nism\u00eb<\/li>\n<li>Aprovon raportin vjetor t\u00eb Qendres<\/li>\n<li>Em\u00ebron Drejtorin e Qendres si dhe vendos p\u00ebr presidenc\u00ebn e rradh\u00ebs.<\/li>\n<\/ul>\n<\/li>\n<li><strong>Qendra Rajonale e MARRI-t n\u00eb Shkup,<\/strong>\u00a0e cila sh\u00ebrben si forum i bashk\u00ebpunimit praktik dhe zbaton vendimet e marra nga Forumi Rajonal. Qendra rajonale e MARRI-t, q\u00eb ka filluar nga funksionimi n\u00eb janar 2005, luan rol k\u00ebshillues, koordinues, organizues dhe shp\u00ebrndar\u00ebs t\u00eb informacionit, duke synuar p\u00ebrafrimin e legjislacionit t\u00eb vendeve pjes\u00ebmarr\u00ebse me nivelet evropiane dhe leht\u00ebsimin e bashk\u00ebpunimit rajonal n\u00eb fushat q\u00eb jan\u00eb objekt i pun\u00ebs s\u00eb saj. Qendra ruan memorien institucionale t\u00eb nism\u00ebs dhe luan rolin e sekretariatit mb\u00ebshtet\u00ebs t\u00eb Forumit Rajonal t\u00eb MARRI-t dhe t\u00eb kryesis\u00eb s\u00eb radh\u00ebs. Qendra siguron financime nga donator\u00eb, ve\u00e7an\u00ebrisht nga Komisioni Evropian.<\/li>\n<\/ul>\n<p data-wahfont=\"13\"><strong>Objektivat\/fushat e veprimit<\/strong>\u00a0t\u00eb k\u00ebsaj nisme dhe Qendr\u00ebs s\u00eb saj p\u00ebrqendrohen n\u00eb kontributin p\u00ebr l\u00ebvizjen e rregullt dhe t\u00eb lir\u00eb t\u00eb njer\u00ebzve, n\u00eb interes t\u00eb siguris\u00eb dhe prosperitetit, q\u00eb lidhen me fushat e m\u00ebposhtme si: migrimi, azili, ripranimi, menaxhimi i integruar i kufijve, politika e vizave dhe bashk\u00ebpunimi konsullor dhe kthimi i refugjat\u00ebve \/ t\u00eb t\u00eb zhvendosurve etj.<\/p>\n<p data-wahfont=\"13\">Veprimtaria e nism\u00ebs zbatohet n\u00ebp\u00ebrmjet bashk\u00ebveprimit t\u00eb p\u00ebrfaq\u00ebsuesve t\u00eb shteteve an\u00ebtare. Ka dy organizma q\u00eb veprojn\u00eb\u00a0:<\/p>\n<ul>\n<li>An\u00ebtar\u00ebt e Komitetit t\u00eb MARRI-t, n\u00eb t\u00eb cilin b\u00ebjn\u00eb pjes\u00eb gjasht\u00eb p\u00ebrfaq\u00ebsues nga Ministrit\u00eb e Pun\u00ebve t\u00eb Jashtme t\u00eb gjasht\u00eb vendeve an\u00ebtare.<\/li>\n<li>Koordinator\u00ebt Komb\u00ebtar\u00eb, n\u00eb t\u00eb cilin b\u00ebjn\u00eb pjes\u00eb kat\u00ebr p\u00ebrfaq\u00ebsues nga Ministrit\u00eb e Brendshme dhe dy p\u00ebrfaq\u00ebsues nga Ministrit\u00eb e Jashtme nga gjithsej gjasht\u00eb vende an\u00ebtare t\u00eb nism\u00ebs.<\/li>\n<\/ul>\n<p>P\u00ebr m\u00eb tep\u00ebr informacion klikoni n\u00eb:\u00a0\u00a0<a href=\"http:\/\/www.marri-rc.org\/\" target=\"_blank\" rel=\"noopener\" data-wahfont=\"13\">http:\/\/www.marri-rc.org\/<\/a><\/p>\n<p>Pothuajse nj\u00eb milion migrant\u00eb dhe refugjat\u00eb kaluan p\u00ebrmes Ballkanit Per\u00ebndimor, n\u00eb k\u00ebrkim t\u00eb siguris\u00eb, ushqimit, strehimit, pun\u00ebs. Megjithat\u00eb, problemet me t\u00eb cilat ballafaqohen gjat\u00eb rrug\u00ebtimit t\u00eb tyre jan\u00eb m\u00eb t\u00eb m\u00ebdha se sa priten. Nd\u00ebrsa kapacitetet komb\u00ebtare nuk jan\u00eb t\u00eb mjaftueshme p\u00ebr regjistrimin, tranzitimin, pranimin apo integrimin e numrit t\u00eb madh t\u00eb migrant\u00ebve dhe refugjat\u00ebve.<\/p>\n<p>MARRI (Nisma Rajonale p\u00ebr Migrim, Azil dhe Refugjat\u00eb) si nj\u00eb Nism\u00eb Rajonale unike, me mandat kryesor n\u00eb sfer\u00ebn e migrimeve, azilit dhe refugjat\u00ebve ndihmon vendet an\u00ebtare p\u00ebr t\u00eb siguruar k\u00ebshilla, analiza, trajnime dhe bashk\u00ebpunim. Gjithashtu, kjo nism\u00eb \u00ebsht\u00eb nj\u00eb mb\u00ebshtetje p\u00ebr rajonin p\u00ebr t\u00eb arritur standardet e BE p\u00ebr menaxhim t\u00eb migracionit.<br \/>\nMARRI inicion, mund\u00ebson dhe koordinon procese rajonale p\u00ebr:<\/p>\n<ul>\n<li>Harmonizimin e legjislacionit me BE<\/li>\n<li>\u00a0Ngritjen e kapaciteteve dhe institucioneve<\/li>\n<li>K\u00ebmbimin e informacionit<\/li>\n<\/ul>\n<p><i><b>Liria e l\u00ebvizjes \u00ebsht\u00eb nj\u00eb e drejt\u00eb themelore e njeriut.<\/b><\/i><\/p>\n","protected":false},"excerpt":{"rendered":"<p>Nisma Rajonale p\u00ebr Migrim, Azil dhe Refugjat\u00eb (MARRI), \u00ebsht\u00eb \u00a0ideuar n\u00eb vitin 2003, n\u00eb kuad\u00ebr t\u00eb Paktit t\u00eb Stabilitetit p\u00ebr Evrop\u00ebn Juglindore dhe \u00ebsht\u00eb lan\u00e7uar zyrtarisht, m\u00eb 5 prill 2004, n\u00eb Konferenc\u00ebn Ministeriale t\u00eb mbajtur n\u00eb Herceg-Novi, e cila \u00ebsht\u00eb konferenca themeluese e k\u00ebsaj nisme si dhe sesioni i par\u00eb i Forumit Rajonal t\u00eb MARRI-t. [&hellip;]<\/p>\n","protected":false},"author":1,"featured_media":4012,"parent":0,"menu_order":0,"comment_status":"closed","ping_status":"closed","template":"","meta":{"_acf_changed":false,"footnotes":""},"class_list":["post-2859","page","type-page","status-publish","has-post-thumbnail","hentry"],"translation":{"provider":"WPGlobus","version":"2.12.2","language":"al","enabled_languages":["al","en"],"languages":{"al":{"title":true,"content":true,"excerpt":false},"en":{"title":true,"content":true,"excerpt":false}}},"acf":[],"_links":{"self":[{"href":"http:\/\/51.68.177.34\/jashtme\/wp-json\/wp\/v2\/pages\/2859"}],"collection":[{"href":"http:\/\/51.68.177.34\/jashtme\/wp-json\/wp\/v2\/pages"}],"about":[{"href":"http:\/\/51.68.177.34\/jashtme\/wp-json\/wp\/v2\/types\/page"}],"author":[{"embeddable":true,"href":"http:\/\/51.68.177.34\/jashtme\/wp-json\/wp\/v2\/users\/1"}],"replies":[{"embeddable":true,"href":"http:\/\/51.68.177.34\/jashtme\/wp-json\/wp\/v2\/comments?post=2859"}],"version-history":[{"count":22,"href":"http:\/\/51.68.177.34\/jashtme\/wp-json\/wp\/v2\/pages\/2859\/revisions"}],"predecessor-version":[{"id":3938,"href":"http:\/\/51.68.177.34\/jashtme\/wp-json\/wp\/v2\/pages\/2859\/revisions\/3938"}],"wp:featuredmedia":[{"embeddable":true,"href":"http:\/\/51.68.177.34\/jashtme\/wp-json\/wp\/v2\/media\/4012"}],"wp:attachment":[{"href":"http:\/\/51.68.177.34\/jashtme\/wp-json\/wp\/v2\/media?parent=2859"}],"curies":[{"name":"wp","href":"https:\/\/api.w.org\/{rel}","templated":true}]}}