{"id":2849,"date":"2023-05-15T09:02:39","date_gmt":"2023-05-15T09:02:39","guid":{"rendered":"http:\/\/51.68.177.34\/jashtme\/?page_id=2849"},"modified":"2023-07-21T13:53:51","modified_gmt":"2023-07-21T13:53:51","slug":"nisma-e-evropes-qendrore-cei","status":"publish","type":"page","link":"http:\/\/51.68.177.34\/jashtme\/nisma-e-evropes-qendrore-cei\/","title":{"rendered":"Nisma e Evrop\u00ebs Qendrore (CEI)"},"content":{"rendered":"<p data-wahfont=\"13\">Nisma e Evrop\u00ebs Q\u00ebndrore <strong>(NEQ\/CEI)<\/strong> bashkon vendet dhe institucionet e tyre n\u00eb frym\u00ebn e nj\u00eb bashk\u00ebpunimi rajonal n\u00eb gjith\u00eb fushat e ekonomise, dhe jo vet\u00ebm, duke qen\u00eb nj\u00ebherazi pragmatik dhe fleksib\u00ebl. Kjo nism\u00eb, e krijuar m\u00eb 11 n\u00ebntor 1989, p\u00ebrb\u00ebhet sot nga 18 vende an\u00ebtare: Shqip\u00ebria, Austria, Bjellorusia, Bosnj\u00eb dhe \u00a0Hercegovina, Bullgaria, Kroacia, \u00c7ekia, Maqedonia, Mali i Zi, Moldavia, Hungaria, Italia, Polonia, Rumania, Serbia, Sllovakia, Sllovenia, Ukraina.<\/p>\n<p data-wahfont=\"13\">Objekti i Nism\u00ebs \u00ebsht\u00eb thellimi i bashk\u00ebpunimit nd\u00ebrmjet vendeve t\u00eb rajonit, n\u00eb fush\u00ebn politike dhe ekonomike si dhe sigurimi i marr\u00ebdh\u00ebnieve t\u00eb fqinj\u00ebsis\u00eb s\u00eb mire, n\u00eb kuad\u00ebr t\u00eb proceseve t\u00eb integrimit. Kjo nism\u00eb ka si q\u00ebllim integrimin e ekonomive t\u00eb k\u00ebtyre vendeve n\u00eb Evrop\u00eb, me synim an\u00ebtar\u00ebsimin e tyre t\u00eb af\u00ebrt n\u00eb Bashkimin Evropian.<\/p>\n<p data-wahfont=\"13\">Shqip\u00ebria, si vend an\u00ebtar i nism\u00ebs se NEQ q\u00eb prej 1996, p\u00ebrpiqet t\u00eb luaj\u00eb nj\u00eb rol aktiv n\u00eb t\u00eb. N\u00eb vitin 2006 Shqip\u00ebria mbajti Presidenc\u00ebn e radh\u00ebs s\u00eb NEQ-it. Kjo ishte nj\u00eb ngjarje e r\u00ebnd\u00ebsishme e politik\u00ebs son\u00eb t\u00eb jashtme dhe p\u00ebr vizibilitetin e vendit dhe kapaciteteve tona organizuese, \u00e7ka konfirmoi rolin aktiv t\u00eb vendit ton\u00eb n\u00eb proceset e bashk\u00ebpunimit rajonal.<\/p>\n<p data-wahfont=\"13\">Vend t\u00eb ve\u00e7ant\u00eb n\u00eb k\u00ebt\u00eb nism\u00eb z\u00ebn\u00eb projektet q\u00eb financohen nga instrumente t\u00eb ndrysh\u00ebm t\u00eb NEQ-it. Si rezultat i nj\u00eb pune t\u00eb mir\u00eb koordinuese t\u00eb MPJ, \u00ebsht\u00eb b\u00ebr\u00eb e mundur q\u00eb projektet e paraqitura nga subjektet shqiptare t\u00eb marrin nj\u00eb financim prej rreth 3.225.993 Euro. K\u00ebto projekte mbulojn\u00eb fusha t\u00eb ndryshme, si kultur\u00eb, ambient, art, shkenc\u00eb, etj.<\/p>\n<p data-wahfont=\"13\">P\u00ebr m\u00eb tep\u00ebr informacion klikoni n\u00eb:\u00a0<a href=\"http:\/\/www.ceinet.org\/\" target=\"_blank\" rel=\"noopener\" data-wahfont=\"13\">www.ceinet.org<\/a><\/p>\n","protected":false},"excerpt":{"rendered":"<p>Nisma e Evrop\u00ebs Q\u00ebndrore (NEQ\/CEI) bashkon vendet dhe institucionet e tyre n\u00eb frym\u00ebn e nj\u00eb bashk\u00ebpunimi rajonal n\u00eb gjith\u00eb fushat e ekonomise, dhe jo vet\u00ebm, duke qen\u00eb nj\u00ebherazi pragmatik dhe fleksib\u00ebl. Kjo nism\u00eb, e krijuar m\u00eb 11 n\u00ebntor 1989, p\u00ebrb\u00ebhet sot nga 18 vende an\u00ebtare: Shqip\u00ebria, Austria, Bjellorusia, Bosnj\u00eb dhe \u00a0Hercegovina, Bullgaria, Kroacia, \u00c7ekia, Maqedonia, [&hellip;]<\/p>\n","protected":false},"author":1,"featured_media":4012,"parent":0,"menu_order":0,"comment_status":"closed","ping_status":"closed","template":"","meta":{"_acf_changed":false,"footnotes":""},"class_list":["post-2849","page","type-page","status-publish","has-post-thumbnail","hentry"],"translation":{"provider":"WPGlobus","version":"2.12.2","language":"al","enabled_languages":["al","en"],"languages":{"al":{"title":true,"content":true,"excerpt":false},"en":{"title":true,"content":true,"excerpt":false}}},"acf":[],"_links":{"self":[{"href":"http:\/\/51.68.177.34\/jashtme\/wp-json\/wp\/v2\/pages\/2849"}],"collection":[{"href":"http:\/\/51.68.177.34\/jashtme\/wp-json\/wp\/v2\/pages"}],"about":[{"href":"http:\/\/51.68.177.34\/jashtme\/wp-json\/wp\/v2\/types\/page"}],"author":[{"embeddable":true,"href":"http:\/\/51.68.177.34\/jashtme\/wp-json\/wp\/v2\/users\/1"}],"replies":[{"embeddable":true,"href":"http:\/\/51.68.177.34\/jashtme\/wp-json\/wp\/v2\/comments?post=2849"}],"version-history":[{"count":7,"href":"http:\/\/51.68.177.34\/jashtme\/wp-json\/wp\/v2\/pages\/2849\/revisions"}],"predecessor-version":[{"id":3919,"href":"http:\/\/51.68.177.34\/jashtme\/wp-json\/wp\/v2\/pages\/2849\/revisions\/3919"}],"wp:featuredmedia":[{"embeddable":true,"href":"http:\/\/51.68.177.34\/jashtme\/wp-json\/wp\/v2\/media\/4012"}],"wp:attachment":[{"href":"http:\/\/51.68.177.34\/jashtme\/wp-json\/wp\/v2\/media?parent=2849"}],"curies":[{"name":"wp","href":"https:\/\/api.w.org\/{rel}","templated":true}]}}