{"id":2848,"date":"2023-05-15T09:02:32","date_gmt":"2023-05-15T09:02:32","guid":{"rendered":"http:\/\/51.68.177.34\/jashtme\/?page_id=2848"},"modified":"2023-07-21T13:53:38","modified_gmt":"2023-07-21T13:53:38","slug":"keshilli-i-bashkepunimit-rajonal-rcc","status":"publish","type":"page","link":"http:\/\/51.68.177.34\/jashtme\/keshilli-i-bashkepunimit-rajonal-rcc\/","title":{"rendered":"K\u00ebshilli i Bashk\u00ebpunimit Rajonal (RCC)"},"content":{"rendered":"<p data-wahfont=\"13\">K\u00ebshilli i Bashk\u00ebpunimi Rajonal (RCC) \u00ebsht\u00eb lan\u00e7uar zyrtarisht n\u00eb takimin e Ministrave t\u00eb Pun\u00ebve t\u00eb Jashtme t\u00eb Procesit t\u00eb Evrop\u00ebs Juglindore (SEECP) n\u00eb Sofje, m\u00eb 27 shkurt 2008, si vazhdues i Paktit t\u00eb Stabilitetit p\u00ebr Evrop\u00ebn Juglindore. RCC p\u00ebrbehet nga nga 46 vende, organizatata nd\u00ebrkomb\u00ebtare dhe institucione financiare.<\/p>\n<p data-wahfont=\"13\">Me vendimin e shkurtit\u00a0 2013, t\u00eb\u00a0 Bordit t\u00eb RCC-s\u00eb, p\u00ebr miratimin e list\u00ebs s\u00eb an\u00ebtar\u00ebve t\u00eb organizat\u00ebs, n\u00eb ndryshim nga lista paraardh\u00ebse, u vendos\u00a0 p\u00ebrfaq\u00ebsimi i Kosov\u00ebs n\u00eb RCC, jo m\u00eb n\u00ebn sigl\u00ebn e UNMIK, por at\u00eb t\u00eb Kosov\u00ebs (me asterix) duke shmangur paqart\u00ebsit\u00eb e p\u00ebrfaq\u00ebsimit t\u00eb Kosov\u00ebs n\u00eb strukturat e RCC-s\u00eb.<\/p>\n<p data-wahfont=\"13\">RCC fokusohet n\u00eb promovimin dhe rritjen e bashk\u00ebpunimit rajonal n\u00eb Evrop\u00ebn Juglindore (EJL), me q\u00ebllim integrimin evropian dhe euro-atlantik t\u00eb vendeve aspirante, si dhe ofron kapacitetet operacionale dhe punon n\u00ebn drejtimin politik t\u00eb SEECP.<\/p>\n<p data-wahfont=\"13\">N\u00eb p\u00ebrputhje me statutin e tij dhe udh\u00ebhequr nga parimi i gjith\u00eb p\u00ebrfshirjes, detyrat kryesore t\u00eb RCC-s\u00eb jan\u00eb:<\/p>\n<ul>\n<li>P\u00ebrfaq\u00ebsimi i rajonit<\/li>\n<li>Asistenc\u00eb ndaj SEECP<\/li>\n<li>Monitorim i aktiviteteve rajonale<\/li>\n<li>Mb\u00ebshtetjen p\u00ebr p\u00ebrfshirjen e shoq\u00ebris\u00eb civile n\u00eb aktivitetet rajonale etj.<\/li>\n<li>Koordinimi dhe rigjenerimi i projekteve rajonale dhe krijimi i nj\u00eb klime t\u00eb p\u00ebrshtatshme politike p\u00ebr zbatimin e tyre.<\/li>\n<li>Afrimi i vendeve jo an\u00ebtare t\u00eb BE-s\u00eb me strukturat evropiane dhe integrimi i tyre n\u00eb BE<\/li>\n<\/ul>\n<p data-wahfont=\"13\">Aktiviteti i RCC-s\u00eb fokusohet n\u00eb fushat prioritare t\u00eb zhvillimit ekonomik dhe social,si:<\/p>\n<ul>\n<li>zhvillimi ekonomik dhe social<\/li>\n<li>infrastruktura dhe energjetika<\/li>\n<li>\u00e7\u00ebshtje t\u00eb drejt\u00ebsis\u00eb<\/li>\n<li>bashk\u00ebpunimi n\u00eb fush\u00ebn e siguris\u00eb<\/li>\n<li>nd\u00ebrtimi i kapaciteteve humane<\/li>\n<li>bashk\u00ebpunimi nd\u00ebrparlamentar<\/li>\n<\/ul>\n<p data-wahfont=\"13\">P\u00ebrpilimi dhe implementimi i Strategjis\u00eb dhe Planit t\u00eb Pun\u00ebs p\u00ebr periudh\u00ebn 2014-2016, lan\u00e7uar n\u00eb dat\u00ebn 28 shkurt 2013, n\u00eb Sarajev\u00eb, n\u00eb takimin e Bordit t\u00eb K\u00ebshillit t\u00eb Bashk\u00ebpunimit Rajonal (RCC), p\u00ebrb\u00ebn dokumentin themelor mbi t\u00eb cilin do t\u00eb organizohet puna e RCC.<\/p>\n<p data-wahfont=\"13\">RCC synon t\u00eb fuqizoj\u00eb p\u00ebrafrimin e institucioneve t\u00eb BE-s\u00eb dhe mb\u00ebshtetjen e tyre financiare lidhur me zbatimin e Strategjis\u00eb dhe Planit t\u00eb Pun\u00ebs p\u00ebr RCC, 2014-2016, si dhe SEE 2020.<\/p>\n<p data-wahfont=\"13\">Buxheti vjetor i Sekretariatit t\u00eb RCC-s\u00eb \u00ebsht\u00eb n\u00ebn 3 milion euro, ku\u00a0 40% jan\u00eb kontribut nga vendet e Evrop\u00ebs Juglindore, 30% nga Komisioni Evropian dhe 30% nga pjes\u00ebmarr\u00ebsit e tjer\u00eb n\u00eb RCC.<\/p>\n<p data-wahfont=\"13\">RCC-ka sekretariatin n\u00eb Sarajev\u00eb, Bosnje dhe Hercegovin\u00eb, dhe nj\u00eb Zyr\u00eb nd\u00ebrlidh\u00ebse n\u00eb Bruksel.<\/p>\n<p data-wahfont=\"13\">P\u00ebr m\u00eb tep\u00ebr informacion klikoni n\u00eb:\u00a0<a href=\"http:\/\/www.rcc.int\/\" target=\"_blank\" rel=\"noopener\">http:\/\/www.rcc.int\/<\/a><\/p>\n","protected":false},"excerpt":{"rendered":"<p>K\u00ebshilli i Bashk\u00ebpunimi Rajonal (RCC) \u00ebsht\u00eb lan\u00e7uar zyrtarisht n\u00eb takimin e Ministrave t\u00eb Pun\u00ebve t\u00eb Jashtme t\u00eb Procesit t\u00eb Evrop\u00ebs Juglindore (SEECP) n\u00eb Sofje, m\u00eb 27 shkurt 2008, si vazhdues i Paktit t\u00eb Stabilitetit p\u00ebr Evrop\u00ebn Juglindore. RCC p\u00ebrbehet nga nga 46 vende, organizatata nd\u00ebrkomb\u00ebtare dhe institucione financiare. Me vendimin e shkurtit\u00a0 2013, t\u00eb\u00a0 Bordit [&hellip;]<\/p>\n","protected":false},"author":1,"featured_media":4012,"parent":0,"menu_order":0,"comment_status":"closed","ping_status":"closed","template":"","meta":{"_acf_changed":false,"footnotes":""},"class_list":["post-2848","page","type-page","status-publish","has-post-thumbnail","hentry"],"translation":{"provider":"WPGlobus","version":"2.12.2","language":"al","enabled_languages":["al","en"],"languages":{"al":{"title":true,"content":true,"excerpt":false},"en":{"title":true,"content":true,"excerpt":false}}},"acf":[],"_links":{"self":[{"href":"http:\/\/51.68.177.34\/jashtme\/wp-json\/wp\/v2\/pages\/2848"}],"collection":[{"href":"http:\/\/51.68.177.34\/jashtme\/wp-json\/wp\/v2\/pages"}],"about":[{"href":"http:\/\/51.68.177.34\/jashtme\/wp-json\/wp\/v2\/types\/page"}],"author":[{"embeddable":true,"href":"http:\/\/51.68.177.34\/jashtme\/wp-json\/wp\/v2\/users\/1"}],"replies":[{"embeddable":true,"href":"http:\/\/51.68.177.34\/jashtme\/wp-json\/wp\/v2\/comments?post=2848"}],"version-history":[{"count":7,"href":"http:\/\/51.68.177.34\/jashtme\/wp-json\/wp\/v2\/pages\/2848\/revisions"}],"predecessor-version":[{"id":4018,"href":"http:\/\/51.68.177.34\/jashtme\/wp-json\/wp\/v2\/pages\/2848\/revisions\/4018"}],"wp:featuredmedia":[{"embeddable":true,"href":"http:\/\/51.68.177.34\/jashtme\/wp-json\/wp\/v2\/media\/4012"}],"wp:attachment":[{"href":"http:\/\/51.68.177.34\/jashtme\/wp-json\/wp\/v2\/media?parent=2848"}],"curies":[{"name":"wp","href":"https:\/\/api.w.org\/{rel}","templated":true}]}}