{"id":2847,"date":"2023-05-15T09:02:22","date_gmt":"2023-05-15T09:02:22","guid":{"rendered":"http:\/\/51.68.177.34\/jashtme\/?page_id=2847"},"modified":"2023-07-21T13:53:26","modified_gmt":"2023-07-21T13:53:26","slug":"procesi-i-bashkepunimit-te-evropes-juglindore-seecp","status":"publish","type":"page","link":"http:\/\/51.68.177.34\/jashtme\/procesi-i-bashkepunimit-te-evropes-juglindore-seecp\/","title":{"rendered":"Procesi i Bashk\u00ebpunimit t\u00eb Evrop\u00ebs Juglindore (SEECP)"},"content":{"rendered":"<p><strong>SEECP<\/strong><\/p>\n<p>Procesi i Bashk\u00ebpunimit t\u00eb Evrop\u00ebs Juglindore (SEECP), mbetet forumi m\u00eb i r\u00ebnd\u00ebsish\u00ebm politik n\u00eb Evrop\u00ebn Juglindore, q\u00eb synon bashk\u00ebpunim p\u00ebr paqen, sigurin\u00eb, stabilitetin, zhvillimin ekonomik, politik e shoq\u00ebror t\u00eb gjith\u00eb vendeve t\u00eb rajonit.<\/p>\n<p data-wahfont=\"13\">Duke e konsideruar bashk\u00ebpunimin dhe integrimin rajonal si parakusht t\u00eb integrimit n\u00eb strukturat Euro-Atlantike, SEECP \u00ebsht\u00eb nj\u00eb proces unik, i themeluar me iniciativ\u00ebn e vet\u00eb vendeve t\u00eb rajonit, z\u00ebri i t\u00eb cilave \u00ebsht\u00eb unifikuar p\u00ebr problemet e p\u00ebrbashk\u00ebta n\u00eb procesin e zhvillimit dhe integrimit n\u00eb familjen evropiane.<\/p>\n<p data-wahfont=\"13\">Fillimet e Procesit te Bashk\u00ebpunimit t\u00eb Evrop\u00ebs Juglindore (SEECP), datojn\u00eb n\u00eb qershor t\u00eb vitit 1996, me Takimin e Ministrave t\u00eb Pun\u00ebve t\u00eb Jashtme t\u00eb Evrop\u00ebs Juglindore, q\u00eb u mbajt n\u00eb Sofje, t\u00eb Bullgaris\u00eb, m\u00eb synim promovimin dhe forcimin e marr\u00ebdh\u00ebnieve t\u00eb fqinj\u00ebsis\u00eb s\u00eb mir\u00eb dhe transformimin e rajonit n\u00eb nj\u00eb zon\u00eb t\u00eb paqes, siguris\u00eb, stabilitetit.<\/p>\n<p data-wahfont=\"13\">Shqip\u00ebria \u00ebsht\u00eb nj\u00eb an\u00ebtare aktive e\u00a0k\u00ebsaj organizate rajonale dhe synon forcimin\u00a0e dialogut politik,\u00a0fqinj\u00ebsis\u00eb s\u00eb mir\u00eb, bashk\u00ebpunimit n\u00eb t\u00eb gjitha fushat me interes rajonal, rritjes s\u00eb siguris\u00eb etj.<\/p>\n<p data-wahfont=\"13\">SEECP p\u00ebrb\u00ebhet nga 12 vende an\u00ebtare si: Shqip\u00ebria, Bosnje dhe Hercegovina, Bullgaria, Kroacia, Greqia, Maqedonia, Moldavia, Mali i Zi, Rumania, Serbia, Sllovenia dhe Turqia.<\/p>\n<p data-wahfont=\"13\"><strong>Objektivat kryesore t\u00eb SEECP<\/strong><\/p>\n<ul>\n<li>Objektivi par\u00ebsor i SEECP \u00ebsht\u00eb forcimi i marr\u00ebdh\u00ebnieve t\u00eb fqinj\u00ebsis\u00eb s\u00eb mir\u00eb mes vendeve t\u00eb rajonit, transformimi i rajonit n\u00eb nj\u00eb zon\u00eb t\u00eb paqes, siguris\u00eb, stabilitetit dhe bashk\u00ebpunimit, n\u00ebp\u00ebrmjet frym\u00ebs s\u00eb solidaritetit dhe n\u00eb t\u00eb mir\u00eb t\u00eb qytetar\u00ebve t\u00eb vendeve t\u00eb rajonit.<\/li>\n<li>S\u00eb dyti, krijimi i nj\u00eb Evrop\u00eb Juglindore, e ardhmja e s\u00eb cil\u00ebs projektohet n\u00eb paqe, demokraci, prosperitet ekonomik dhe integrim n\u00eb strukturat evropiane dhe euro-atlantike, duke qen\u00eb t\u00eb p\u00ebrkushtuar n\u00eb vazhdimin e reformave demokratike dhe ekonomike n\u00eb vendet respective.<\/li>\n<li>S\u00eb treti, p\u00ebrgjegj\u00ebsia e vendeve t\u00eb rajonit dhe vullneti i tyre p\u00ebr t\u00eb punuar ngusht\u00ebsisht me komunitetin nd\u00ebrkomb\u00ebtar me q\u00ebllim zhvillimin dhe zbatimin e strategjive t\u00eb p\u00ebrbashk\u00ebta p\u00ebr stabilitetin rajonal, p\u00ebr t\u2019ju p\u00ebrgjigjur sfidave t\u00eb reja t\u00eb siguris\u00eb dhe eliminimin e shkaqeve rr\u00ebnj\u00ebsore, si forcimi i solidaritetit nd\u00ebrkomb\u00ebtar, q\u00eb p\u00ebrfshin pjes\u00ebmarrjet n\u00eb parandalimet e konflikteve, aktivitetet e menaxhimit t\u00eb krizave, mb\u00ebshtetjen e operacioneve paq\u00ebsore t\u00eb nd\u00ebrmarra nga organizmat e komunitetit nd\u00ebrkomb\u00ebtar, ve\u00e7an\u00ebrisht n\u00eb kuad\u00ebr t\u00eb UN, NATO, OSBE, dhe institucioneve Euro-Atlantike.<\/li>\n<li>Rritja e bashk\u00ebpunimit ekonomik, n\u00ebp\u00ebrmjet bashk\u00ebpunimit dy dhe shum\u00ebpal\u00ebsh, mes rajonit dhe pjes\u00ebs tjet\u00ebr t\u00eb Evrop\u00ebs, q\u00eb p\u00ebrb\u00ebn nj\u00eb dimension esencial t\u00eb marr\u00ebdh\u00ebnieve t\u00eb fqinj\u00ebsis\u00eb s\u00eb mir\u00eb, siguris\u00eb dhe stabilitetit.<\/li>\n<li>Zgjerimi i bashk\u00ebpunimit n\u00eb fush\u00ebn e dimensionit human, demokracis\u00eb, drejt\u00ebsis\u00eb dhe luft\u00ebs kund\u00ebr aktiviteteve t\u00eb paligjshme.<\/li>\n<\/ul>\n<p data-wahfont=\"13\"><strong>Struktura dhe funksionimi i SEECP<\/strong><\/p>\n<p data-wahfont=\"13\"><em><u>Takimi i Krer\u00ebve t\u00eb Shteteve dhe Qeverive<\/u><\/em>, t\u00eb vendeve an\u00ebtare t\u00eb SEECP, mbahet nj\u00eb her\u00eb n\u00eb vit, dhe kryesohet nga kreu i shtetit ose Qeveris\u00eb q\u00eb ka kryesimin e radh\u00ebs.<\/p>\n<p data-wahfont=\"13\"><em><u>Takimi i Ministrave t\u00eb Pun\u00ebve t\u00eb Jasht\u00ebm<\/u><\/em>, mbahet t\u00eb pakt\u00ebn nj\u00eb her\u00eb n\u00eb vit dhe kryesohet nga Ministri i Pun\u00ebve t\u00eb Jashtme t\u00eb vendit q\u00eb ka kryesimin e radh\u00ebs.<\/p>\n<p data-wahfont=\"13\"><em><u>Takimi i Komitetit t\u00eb Drejtor\u00ebve Politik\u00eb<\/u><\/em>, ku marrin pjes\u00eb Drejtor\u00ebt Politik\u00eb t\u00eb Ministrive t\u00eb Pun\u00ebve t\u00eb Jashtme dhe kryesohet nga p\u00ebrfaq\u00ebsuesi politik i vendit q\u00eb ka kryesimin e radh\u00ebs.<\/p>\n<p data-wahfont=\"13\"><em><u>Trojka\u00a0<\/u><\/em>\u00a0e cila synon vazhdim\u00ebsin\u00eb e aktiviteteve t\u00eb SEECP, formohet nga p\u00ebrfaq\u00ebsuesit e Kryesis\u00eb s\u00eb radh\u00ebs, asaj t\u00eb shkuar dhe asaj q\u00eb do t\u00eb pasoj\u00eb.<\/p>\n<p data-wahfont=\"13\"><em><u>Sekretariati<\/u><\/em>\u00a0konstituohet n\u00ebn kryesimin e vendit q\u00eb mban presidenc\u00ebn e radh\u00ebs.<\/p>\n<p data-wahfont=\"13\">Vendimarrja e SEECP,\u00a0<em>b\u00ebhet<\/em>\u00a0me konsensus dhe \u00e7do vit, n\u00eb p\u00ebrfundim t\u00eb takimeve t\u00eb SEECP, prodhohet Deklarata Politike e SEECP.<\/p>\n<p data-wahfont=\"13\">Kryesimi i SEECP \u00ebsht\u00eb nj\u00ebvje\u00e7ar. Shqip\u00ebria e ka kryesuar k\u00ebt\u00eb organizat\u00eb n\u00eb periudh\u00ebn 2001-2002. Duke filluar nga muaji korrik 2013, kryesin\u00eb\u00a0 radh\u00ebs n\u00eb SEEC e ushtron Rumania p\u00ebr nj\u00eb periudhe nj\u00eb vje\u00e7are.<\/p>\n<p data-wahfont=\"13\">Nevoja p\u00ebr forcimin organizativ t\u00eb SEECP-s\u00eb, me q\u00ebllim ruajtjen e zhvillimin e memories institucionale t\u00eb saj, ka \u00e7uar n\u00eb krijimin e K\u00ebshillit t\u00eb Bashk\u00ebpunimit Rajonal (RCC), q\u00eb \u00ebsht\u00eb krahu operacional i SEECP.<\/p>\n","protected":false},"excerpt":{"rendered":"<p>SEECP Procesi i Bashk\u00ebpunimit t\u00eb Evrop\u00ebs Juglindore (SEECP), mbetet forumi m\u00eb i r\u00ebnd\u00ebsish\u00ebm politik n\u00eb Evrop\u00ebn Juglindore, q\u00eb synon bashk\u00ebpunim p\u00ebr paqen, sigurin\u00eb, stabilitetin, zhvillimin ekonomik, politik e shoq\u00ebror t\u00eb gjith\u00eb vendeve t\u00eb rajonit. Duke e konsideruar bashk\u00ebpunimin dhe integrimin rajonal si parakusht t\u00eb integrimit n\u00eb strukturat Euro-Atlantike, SEECP \u00ebsht\u00eb nj\u00eb proces unik, i themeluar [&hellip;]<\/p>\n","protected":false},"author":1,"featured_media":4012,"parent":0,"menu_order":0,"comment_status":"closed","ping_status":"closed","template":"","meta":{"_acf_changed":false,"footnotes":""},"class_list":["post-2847","page","type-page","status-publish","has-post-thumbnail","hentry"],"translation":{"provider":"WPGlobus","version":"2.12.2","language":"al","enabled_languages":["al","en"],"languages":{"al":{"title":true,"content":true,"excerpt":false},"en":{"title":true,"content":true,"excerpt":false}}},"acf":[],"_links":{"self":[{"href":"http:\/\/51.68.177.34\/jashtme\/wp-json\/wp\/v2\/pages\/2847"}],"collection":[{"href":"http:\/\/51.68.177.34\/jashtme\/wp-json\/wp\/v2\/pages"}],"about":[{"href":"http:\/\/51.68.177.34\/jashtme\/wp-json\/wp\/v2\/types\/page"}],"author":[{"embeddable":true,"href":"http:\/\/51.68.177.34\/jashtme\/wp-json\/wp\/v2\/users\/1"}],"replies":[{"embeddable":true,"href":"http:\/\/51.68.177.34\/jashtme\/wp-json\/wp\/v2\/comments?post=2847"}],"version-history":[{"count":8,"href":"http:\/\/51.68.177.34\/jashtme\/wp-json\/wp\/v2\/pages\/2847\/revisions"}],"predecessor-version":[{"id":4004,"href":"http:\/\/51.68.177.34\/jashtme\/wp-json\/wp\/v2\/pages\/2847\/revisions\/4004"}],"wp:featuredmedia":[{"embeddable":true,"href":"http:\/\/51.68.177.34\/jashtme\/wp-json\/wp\/v2\/media\/4012"}],"wp:attachment":[{"href":"http:\/\/51.68.177.34\/jashtme\/wp-json\/wp\/v2\/media?parent=2847"}],"curies":[{"name":"wp","href":"https:\/\/api.w.org\/{rel}","templated":true}]}}