{"id":2840,"date":"2023-05-15T08:59:10","date_gmt":"2023-05-15T08:59:10","guid":{"rendered":"http:\/\/51.68.177.34\/jashtme\/?page_id=2840"},"modified":"2023-08-07T09:48:23","modified_gmt":"2023-08-07T09:48:23","slug":"nisma-adriatiko-joniane-aii","status":"publish","type":"page","link":"http:\/\/51.68.177.34\/jashtme\/nisma-adriatiko-joniane-aii\/","title":{"rendered":"Nisma Adriatiko \u2013 Joniane (AII)"},"content":{"rendered":"<h3 data-wahfont=\"13\"><strong>NISMA ADRIATIKO JONIANE<\/strong><\/h3>\n<p data-wahfont=\"13\">Nisma Adriatiko Joniane (NAJ) u zyrtarizua n\u00eb Ankona, Itali, m\u00eb 20 Maj 2000. N\u00eb aktivitetin\u00a0 themelues mor\u00ebn pjes\u00eb shtate vende, midis t\u00eb cil\u00ebve ishte edhe Shqip\u00ebria. Sot vendet an\u00ebtare t\u00eb NAJ-it jan\u00eb tet\u00eb dhe p\u00ebrkat\u00ebsisht Shqip\u00ebria, Bosnje dhe Hercegovina, Kroacia, Mali i Zi, Greqia, Italia, Serbia dhe Sllovenia.<\/p>\n<p data-wahfont=\"13\">Synimi i Nism\u00ebs Adriatiko Joniane \u00ebsht\u00eb nxitja dhe thellimi i bashk\u00ebpunimit rajonal, i par\u00eb ky si nj\u00eb\u00a0 kontribut p\u00ebr integrimin evropian t\u00eb vendeve an\u00ebtare. Sekretariati i P\u00ebrhersh\u00ebm i NAJ-it e ka selin\u00eb e tij n\u00eb Ankona t\u00eb Italis\u00eb. Sekretar i P\u00ebrgjithsh\u00ebm i tij \u00ebsht\u00eb aktualisht, Ambasador Fabio Pigliapoco.<\/p>\n<p data-wahfont=\"13\">Nj\u00eb nd\u00ebr platformat bashk\u00ebpunuese t\u00eb Nism\u00ebs Adriatiko Joniane \u00ebsht\u00eb gjithashtu edhe Rrjeti i Universiteteve t\u00eb vendeve te Adriatikut dhe Jonit, i quajtur UNIADRION, i cili p\u00ebrfshin 25 universitete dhe qendra akademike.<\/p>\n<p data-wahfont=\"13\">N\u00ebn ombrell\u00ebn e NAJ-it ushtrojn\u00eb aktivitetin e tyre edhe Forumi\u00a0 i Dhomave t\u00eb Tregtis\u00eb dhe Forumi i Qyteteve t\u00eb Adriatikut e Jonit.<\/p>\n<p data-wahfont=\"13\"><strong>Shqip\u00ebria merr kryesimin e radh\u00ebs s\u00eb Nism\u00ebs Adriatiko Joniane<\/strong><\/p>\n<p data-wahfont=\"13\">Shqip\u00ebria ushtroi\u00a0kryesimin e radh\u00ebs s\u00eb Nism\u00ebs Adriatiko Joniane n\u00eb periudh\u00ebn nj\u00eb vje\u00e7are, qershor 2013 \u2013 maj 2014. Kjo \u00ebsht\u00eb hera e dyt\u00eb q\u00eb Shqip\u00ebria merr kryesimin e k\u00ebsaj nisme. P\u00ebr her\u00eb t\u00eb par\u00eb ajo e ka kryesuar Nism\u00ebn Adriatiko Joniane n\u00eb periudh\u00ebn, qershor 2005 \u2013 maj 2006.<\/p>\n<p data-wahfont=\"13\">Shqip\u00ebria e pati\u00a0k\u00ebt\u00eb kryesim n\u00eb nj\u00eb moment shum\u00eb t\u00eb ve\u00e7ant\u00eb p\u00ebr marr\u00ebdh\u00ebniet midis vendeve an\u00ebtare si dhe p\u00ebr marr\u00ebdh\u00ebniet e nism\u00ebs me Bashkimin Evropian. Diskutimi i filluar brenda Bashkimit Evropian, mbi miratimin e nj\u00eb Strategjie t\u00eb Makro Rajonit Adriatiko-Jonian, ka mb\u00ebrritur n\u00eb nj\u00eb stad shum\u00eb t\u00eb r\u00ebnd\u00ebsish\u00ebm. N\u00eb takimin e K\u00ebshilli Evropian t\u00eb dat\u00ebs 14 Dhjetor 2012, Kryetar\u00ebt e Qeverive t\u00eb vendeve an\u00ebtare t\u00eb BE ftuan Komisionin Evropian t\u00eb miratonte propozimin p\u00ebr nj\u00eb Strategji t\u00eb Re t\u00eb Makro Rajonit Adriatko Jonian, n\u00eb vitin 2014.<\/p>\n<p data-wahfont=\"13\">N\u00eb k\u00ebto rrethana, periudha qershor 2013 \u2013 maj 2014 p\u00ebrkon me faz\u00ebn p\u00ebrfundimtare t\u00eb miratimit t\u00eb strategjis\u00eb s\u00eb lartp\u00ebrmendur dhe k\u00ebrkon q\u00eb t\u00eb gjitha aktivitetet n\u00eb kuad\u00ebr t\u00eb NAI si dhe puna e vendeve an\u00ebtare t\u00eb konvergojn\u00eb, me synimin e p\u00ebrbashk\u00ebt, p\u00ebr mb\u00ebrritur n\u00eb momentin e miratimit t\u00eb strategjis\u00eb, t\u00eb p\u00ebrgatitur plot\u00ebsisht dhe t\u00eb aft\u00eb p\u00ebr t\u00eb menaxhuar s\u00eb bashku me institucionet e Bashkimit Evropian, strategjin\u00eb e re dhe p\u00ebr ta shnd\u00ebrruar at\u00eb n\u00eb nj\u00eb platform\u00eb efektive operacionale.<\/p>\n<p data-wahfont=\"13\">Prioritet i r\u00ebnd\u00ebsish\u00ebm i k\u00ebtij kryesimi ishte gjithashtu forcimi i bashk\u00ebpunimit rajonal dhe vazhdimi i proceseve integruese t\u00eb vendeve t\u00eb Ballkanit Per\u00ebndimor drejt Bashkimit Evropian.<\/p>\n<p data-wahfont=\"13\"><strong>Kalendari i eventeve t\u00eb\u00a0kryesimit t\u00eb Shqipris\u00eb<\/strong><\/p>\n<div id=\"page\">\n<div id=\"container\">\n<table border=\"1\" cellspacing=\"0\" cellpadding=\"0\" style=\" margin-left:auto; margin-right:auto\">\n<tbody>\n<tr>\n<td>DATE<\/td>\n<td>VENUE<\/td>\n<td>EVENT<\/td>\n<\/tr>\n<tr>\n<td>27 September 2013<\/td>\n<td>TIRANA<\/td>\n<td>1st Committee of Senior Officials<\/p>\n<p data-wahfont=\"13\">\n<\/td>\n<\/tr>\n<tr>\n<td>7 November 2013<\/td>\n<td>ALBANIA<\/td>\n<td>Round Table on Small and Medium Sized Enterprises<\/td>\n<\/tr>\n<tr>\n<td>November\/December 2013<\/p>\n<p data-wahfont=\"13\">\n<\/td>\n<td>ALBANIA<\/td>\n<td>Round Table on Transports and Maritime Cooperation<\/td>\n<\/tr>\n<tr>\n<td>December 2013<\/td>\n<td>TIRANA<\/td>\n<td>Conference of the European Strategy for the Adriatic Ionian Region \u2013 Raising awareness and promoting the EUSAIR<\/td>\n<\/tr>\n<tr>\n<td>January 2014<\/td>\n<td>ALBANIA<\/td>\n<td>Round Table on Rural Development<\/p>\n<p data-wahfont=\"13\">\n<\/td>\n<\/tr>\n<tr>\n<td>January 2014<\/td>\n<td><\/td>\n<td>Round Table on Tourism<\/p>\n<p data-wahfont=\"13\">\n<\/td>\n<\/tr>\n<tr>\n<td>February \u2013 March 2014<\/td>\n<td>ANCONA<\/td>\n<td>II Committee of Senior Officials<\/td>\n<\/tr>\n<tr>\n<td>February \u2013 March<\/td>\n<td>TIRANA \/ BRUSSELS<\/td>\n<td>Conference on the Adriatic Ionian Macro Region in cooperation with the EU Commission<\/td>\n<\/tr>\n<tr>\n<td>March<\/td>\n<td>ALBANIA<\/td>\n<td>Round Table on Inter-University Cooperation in the framework of UNIADRION<\/td>\n<\/tr>\n<tr>\n<td>March<\/td>\n<td>ALBANIA<\/td>\n<td>Round Table on Protection Against Fires<\/td>\n<\/tr>\n<tr>\n<td>March \u2013 April<\/td>\n<td>ALBANIA<\/td>\n<td>XII Conference of the Speakers of AII Parliaments<\/td>\n<\/tr>\n<tr>\n<td>Last week of of May<\/td>\n<td>TIRANA \/ BRUSSELS<\/td>\n<td>III Committee of Senior Officials<\/td>\n<\/tr>\n<tr>\n<td>Last week of May<\/td>\n<td>TIRANA \/ BRUSSELS<\/td>\n<td>XVI Adriatic Ionian Council<\/td>\n<\/tr>\n<tr>\n<td><\/td>\n<td><\/td>\n<td><\/td>\n<\/tr>\n<\/tbody>\n<\/table>\n<div class=\"clear\"><\/div>\n<div class=\"clear\"><\/div>\n<\/div>\n<\/div>\n<div class=\"clear\"><\/div>\n<div class=\"footerDiv\">\n<div id=\"footer\">\n<div class=\"footerLinks\">\n<div class=\"footerLeft\">\n<div class=\"left\"><\/div>\n<div class=\"menuf\"><\/div>\n<\/div>\n<\/div>\n<\/div>\n<\/div>\n","protected":false},"excerpt":{"rendered":"<p>NISMA ADRIATIKO JONIANE Nisma Adriatiko Joniane (NAJ) u zyrtarizua n\u00eb Ankona, Itali, m\u00eb 20 Maj 2000. N\u00eb aktivitetin\u00a0 themelues mor\u00ebn pjes\u00eb shtate vende, midis t\u00eb cil\u00ebve ishte edhe Shqip\u00ebria. Sot vendet an\u00ebtare t\u00eb NAJ-it jan\u00eb tet\u00eb dhe p\u00ebrkat\u00ebsisht Shqip\u00ebria, Bosnje dhe Hercegovina, Kroacia, Mali i Zi, Greqia, Italia, Serbia dhe Sllovenia. Synimi i Nism\u00ebs Adriatiko [&hellip;]<\/p>\n","protected":false},"author":1,"featured_media":4012,"parent":0,"menu_order":0,"comment_status":"closed","ping_status":"closed","template":"","meta":{"_acf_changed":false,"footnotes":""},"class_list":["post-2840","page","type-page","status-publish","has-post-thumbnail","hentry"],"translation":{"provider":"WPGlobus","version":"2.12.2","language":"al","enabled_languages":["al","en"],"languages":{"al":{"title":true,"content":true,"excerpt":false},"en":{"title":true,"content":true,"excerpt":false}}},"acf":[],"_links":{"self":[{"href":"http:\/\/51.68.177.34\/jashtme\/wp-json\/wp\/v2\/pages\/2840"}],"collection":[{"href":"http:\/\/51.68.177.34\/jashtme\/wp-json\/wp\/v2\/pages"}],"about":[{"href":"http:\/\/51.68.177.34\/jashtme\/wp-json\/wp\/v2\/types\/page"}],"author":[{"embeddable":true,"href":"http:\/\/51.68.177.34\/jashtme\/wp-json\/wp\/v2\/users\/1"}],"replies":[{"embeddable":true,"href":"http:\/\/51.68.177.34\/jashtme\/wp-json\/wp\/v2\/comments?post=2840"}],"version-history":[{"count":53,"href":"http:\/\/51.68.177.34\/jashtme\/wp-json\/wp\/v2\/pages\/2840\/revisions"}],"predecessor-version":[{"id":3873,"href":"http:\/\/51.68.177.34\/jashtme\/wp-json\/wp\/v2\/pages\/2840\/revisions\/3873"}],"wp:featuredmedia":[{"embeddable":true,"href":"http:\/\/51.68.177.34\/jashtme\/wp-json\/wp\/v2\/media\/4012"}],"wp:attachment":[{"href":"http:\/\/51.68.177.34\/jashtme\/wp-json\/wp\/v2\/media?parent=2840"}],"curies":[{"name":"wp","href":"https:\/\/api.w.org\/{rel}","templated":true}]}}