{"id":2839,"date":"2023-05-15T08:57:08","date_gmt":"2023-05-15T08:57:08","guid":{"rendered":"http:\/\/51.68.177.34\/jashtme\/?page_id=2839"},"modified":"2023-07-21T13:52:41","modified_gmt":"2023-07-21T13:52:41","slug":"shqiperia-dhe-nismat-rajonale","status":"publish","type":"page","link":"http:\/\/51.68.177.34\/jashtme\/shqiperia-dhe-nismat-rajonale\/","title":{"rendered":"Shqip\u00ebria dhe Nismat Rajonale"},"content":{"rendered":"<p>&nbsp;<\/p>\n<h3>SHQIP\u00cbRIA DHE NISMAT RAJONALE<\/h3>\n<p>&nbsp;<\/p>\n<p data-wahfont=\"13\">Mb\u00ebshtetur n\u00eb prioritetet e politik\u00ebs s\u00eb saj t\u00eb jashtme, Shqip\u00ebria i kushton nj\u00eb v\u00ebmendje t\u00eb ve\u00e7ant\u00eb bashk\u00ebpunimit rajonal n\u00eb gjith\u00eb t\u00ebr\u00ebsin\u00eb e tij. Shqip\u00ebria e konsideron bashk\u00ebpunimin rajonal dhe marr\u00ebdh\u00ebniet e fqinj\u00ebsis\u00eb s\u00eb mir\u00eb si shtylla t\u00eb r\u00ebnd\u00ebsishme q\u00eb garantojn\u00eb paqen, sigurin\u00eb dhe stabilitetin n\u00eb rajon dhe si parakushte p\u00ebr proceset integruese evropiane dhe euro-atlantike n\u00eb rajon.<\/p>\n<p data-wahfont=\"13\">Shqip\u00ebria \u00ebsht\u00eb nj\u00eb pjes\u00ebmarr\u00ebse aktive n\u00eb procesin e bashk\u00ebpunimit rajonal dhe n\u00eb t\u00eb gjitha nismat rajonale si PBEJL (SEECP) \u2013 Procesi i Bashk\u00ebpunimit t\u00eb Evrop\u00ebs Juglindore; KBR (RCC) \u2013 K\u00ebshilli i Bashk\u00ebpunimit Rajonal; NEQ (CEI) \u2013 Nisma e Evrop\u00ebrs Q\u00ebndrore; NAJ (AII) \u2013 Nisma Adriatiko Joniane; BEDZ (BSEC) \u2013 Bashk\u00ebpunimi Ekonomik i Detit t\u00eb Zi; NRMAR (MARRI) \u2013 Nisma Rajonale p\u00ebr Migrimin, Azilin dhe Refugjat\u00ebt; etj.<\/p>\n<p data-wahfont=\"13\">Shtrirja e k\u00ebtij bashk\u00ebpunimi synon rritjen dhe intensifikimin e bashk\u00ebpunimit midis vendeve t\u00eb rajonit, duke p\u00ebrfshir\u00eb dialogun politik, zgjerimin e shk\u00ebmbimit t\u00eb mallrave dhe sh\u00ebrbimeve, krijimin e nj\u00eb rrjeti rajonal t\u00eb energjis\u00eb, transportin dhe telekomunikacionin, leht\u00ebsimin e qarkullimit t\u00eb njer\u00ebzve, kulturave, etj.,forcimin e lidhjeve arsimore, shkencore e kulturore, luft\u00ebn e p\u00ebrbashk\u00ebt kund\u00ebr krimit t\u00eb organizuar, trafiqeve t\u00eb paligjshme, terrorizmit, etj.<\/p>\n<p data-wahfont=\"13\">Shqip\u00ebria ka luajtur dhe vazhdon t\u00eb luaj\u00eb nj\u00eb rol t\u00eb moderuar dhe konstruktiv n\u00eb t\u00eb gjitha nismat rajonale, duke v\u00ebn\u00eb nj\u00eb theks t\u00eb ve\u00e7ant\u00eb n\u00eb parimin e gjith\u00eb p\u00ebrfshirjes. Bazuar n\u00eb k\u00ebt\u00eb parim themelor t\u00eb pjes\u00ebmarrjes aktive dhe t\u00eb kontributit t\u00eb t\u00eb gjith\u00eb vendeve t\u00eb rajonit n\u00eb procesin e bashk\u00ebpunimit rajonal, Republika e Shqip\u00ebris\u00eb ka mb\u00ebshtetur e do t\u00eb mb\u00ebshtes\u00eb p\u00ebrfshirjen dhe pjes\u00ebmarrjen e Kosov\u00ebs n\u00eb t\u00eb gjitha aktivitetet shum\u00ebpal\u00ebshe rajonale.<\/p>\n<p data-wahfont=\"13\">N\u00eb k\u00ebt\u00eb kuad\u00ebr, vler\u00ebsohet si nj\u00eb arritje e r\u00ebnd\u00ebsishme vendimi i shkurtit 2013 i Bordit t\u00eb RCC-s\u00eb, p\u00ebr miratimin e list\u00ebs s\u00eb an\u00ebtar\u00ebve t\u00eb organizat\u00ebs, q\u00eb n\u00eb ndryshim nga lista paraardh\u00ebse, e vendos \u00a0p\u00ebrfaq\u00ebsimin e Kosov\u00ebs n\u00eb RCC (K\u00ebshilli i Bashk\u00ebpunimit Rajonal), jo m\u00eb n\u00ebn sigl\u00ebn e UNMIK, por at\u00eb t\u00eb Kosov\u00ebs (me asterix), duke e prezantuar at\u00eb si an\u00ebtare me t\u00eb drejta te plota n\u00eb k\u00ebt\u00eb organiz\u00ebm rajonal.<\/p>\n<p data-wahfont=\"13\">E angazhuar t\u00ebr\u00ebsisht n\u00eb procesin e bashk\u00ebpunimit rajonal, Shqip\u00ebria morri n\u00eb qershor 2013 kryesimin nj\u00ebvje\u00e7ar t\u00eb radh\u00ebs t\u00eb Nism\u00ebs Adriatiko \u2013 Joniane, e cila p\u00ebrkon me nj\u00eb moment shum\u00eb t\u00eb r\u00ebnd\u00ebsish\u00ebm, me at\u00eb t\u00eb finalizimit t\u00eb procesit t\u00eb diskutimit dhe miratimit n\u00eb vitin 2014 t\u00eb Strategjis\u00eb s\u00eb Bashkimit Evropian p\u00ebr Makro Rajonin Adriatiko-Jonian.<\/p>\n<p data-wahfont=\"13\">Shqip\u00ebria \u00ebsht\u00eb b\u00ebr\u00eb s\u00eb fundmi pjes\u00ebtare e Trojk\u00ebs s\u00eb SEECP dhe pritet t\u00eb marr\u00eb kryesimin e radh\u00ebs s\u00eb SEECP n\u00eb periudh\u00ebn qershor 2014 \u2013 qershor 2015.<\/p>\n<p data-wahfont=\"13\">Afrimi drejt standardeve evropiane n\u00ebp\u00ebrmjet procesit t\u00eb integrimit evropian, ka d\u00ebshmuar t\u00eb ket\u00eb nj\u00eb impakt pozitiv n\u00eb marr\u00ebdh\u00ebniet midis vendeve t\u00eb rajonit duke ndikuar k\u00ebshtu n\u00eb krijimin e nj\u00eb klime m\u00eb t\u00eb mir\u00eb dhe n\u00eb drejtim t\u00eb stabilitetit n\u00eb rajon.<\/p>\n<p data-wahfont=\"13\">Shqip\u00ebria ka synuar t\u00eb jet\u00eb aktive n\u00eb t\u00eb gjith\u00eb bashk\u00ebpunimet rajonale dhe t\u00eb kontribuoj\u00eb me q\u00ebndrimet t\u00eb saj parimore, konstruktive dhe t\u00eb balancuara n\u00eb trajtimin e \u00e7\u00ebshtjeve sensitive n\u00eb rajon. Shqip\u00ebria ka marr\u00eb vler\u00ebsime pozitive n\u00eb Raportet e Progresit t\u00eb BE-s\u00eb t\u00eb viteve t\u00eb fundit lidhur me angazhimin e saj n\u00eb procesin e bashk\u00ebpunimit rajonal.<\/p>\n<p>&nbsp;<\/p>\n<h3>Kryesimet e Shqip\u00ebris\u00eb n\u00eb nismat rajonale<\/h3>\n<p>&nbsp;<\/p>\n<p data-wahfont=\"13\">Pjes\u00ebmarrja aktive e Shqip\u00ebris\u00eb n\u00eb procesin e bashk\u00ebpunimit rajonal gjen shprehjen e vet edhe n\u00ebp\u00ebrmjet kryesimeve t\u00eb radh\u00ebs n\u00eb nismat dhe mekanizmat rajonal\u00eb t\u00eb ushtrua nga Shqip\u00ebria. Konkretisht, Shqip\u00ebria ka ushtruar kryesimin e radh\u00ebs s\u00eb SEECP n\u00eb vitin 2001; kryesimin e radh\u00ebs s\u00eb NEQ\/NAJ n\u00eb Maj 2005 \u2013 Maj 2006; kryesimin e radh\u00ebs s\u00eb BSEC n\u00eb vitin 2002 dhe 2008; kryesimin e radh\u00ebs s\u00eb MARRI-it p\u00ebr periudh\u00ebn prill 2010 \u2013 prill 2011; ka kryesuar PABSEC \/Asambleja Parlamentare e Detit t\u00eb Zi n\u00eb vitin 2011; ka kryesuar \u00a0BSTDB\/Banka e Detit t\u00eb Zi p\u00ebr Tregti e Zhvillim \u00a0n\u00eb vitin 2011; ka kryesuar ReSPA, ose Shkolla Rajonale p\u00ebr Administrat\u00ebn Publike, n\u00eb shtator 2010-shtator 2011; \u00ebsht\u00eb duke ushtruar kryesimin e radh\u00ebs t\u00eb NAJ [p\u00ebr periudh\u00ebn qershor 2013-qershor 2014, etj.<\/p>\n","protected":false},"excerpt":{"rendered":"<p>&nbsp; SHQIP\u00cbRIA DHE NISMAT RAJONALE &nbsp; Mb\u00ebshtetur n\u00eb prioritetet e politik\u00ebs s\u00eb saj t\u00eb jashtme, Shqip\u00ebria i kushton nj\u00eb v\u00ebmendje t\u00eb ve\u00e7ant\u00eb bashk\u00ebpunimit rajonal n\u00eb gjith\u00eb t\u00ebr\u00ebsin\u00eb e tij. Shqip\u00ebria e konsideron bashk\u00ebpunimin rajonal dhe marr\u00ebdh\u00ebniet e fqinj\u00ebsis\u00eb s\u00eb mir\u00eb si shtylla t\u00eb r\u00ebnd\u00ebsishme q\u00eb garantojn\u00eb paqen, sigurin\u00eb dhe stabilitetin n\u00eb rajon dhe si parakushte [&hellip;]<\/p>\n","protected":false},"author":1,"featured_media":4012,"parent":0,"menu_order":0,"comment_status":"closed","ping_status":"closed","template":"","meta":{"_acf_changed":false,"footnotes":""},"class_list":["post-2839","page","type-page","status-publish","has-post-thumbnail","hentry"],"translation":{"provider":"WPGlobus","version":"2.12.2","language":"al","enabled_languages":["al","en"],"languages":{"al":{"title":true,"content":true,"excerpt":false},"en":{"title":true,"content":true,"excerpt":false}}},"acf":[],"_links":{"self":[{"href":"http:\/\/51.68.177.34\/jashtme\/wp-json\/wp\/v2\/pages\/2839"}],"collection":[{"href":"http:\/\/51.68.177.34\/jashtme\/wp-json\/wp\/v2\/pages"}],"about":[{"href":"http:\/\/51.68.177.34\/jashtme\/wp-json\/wp\/v2\/types\/page"}],"author":[{"embeddable":true,"href":"http:\/\/51.68.177.34\/jashtme\/wp-json\/wp\/v2\/users\/1"}],"replies":[{"embeddable":true,"href":"http:\/\/51.68.177.34\/jashtme\/wp-json\/wp\/v2\/comments?post=2839"}],"version-history":[{"count":9,"href":"http:\/\/51.68.177.34\/jashtme\/wp-json\/wp\/v2\/pages\/2839\/revisions"}],"predecessor-version":[{"id":3860,"href":"http:\/\/51.68.177.34\/jashtme\/wp-json\/wp\/v2\/pages\/2839\/revisions\/3860"}],"wp:featuredmedia":[{"embeddable":true,"href":"http:\/\/51.68.177.34\/jashtme\/wp-json\/wp\/v2\/media\/4012"}],"wp:attachment":[{"href":"http:\/\/51.68.177.34\/jashtme\/wp-json\/wp\/v2\/media?parent=2839"}],"curies":[{"name":"wp","href":"https:\/\/api.w.org\/{rel}","templated":true}]}}