{"id":2822,"date":"2023-05-15T08:33:35","date_gmt":"2023-05-15T08:33:35","guid":{"rendered":"http:\/\/51.68.177.34\/jashtme\/?page_id=2822"},"modified":"2023-07-21T13:47:20","modified_gmt":"2023-07-21T13:47:20","slug":"diplomacia-ekonomike","status":"publish","type":"page","link":"http:\/\/51.68.177.34\/jashtme\/diplomacia-ekonomike\/","title":{"rendered":"Diplomacia Ekonomike"},"content":{"rendered":"<p data-wahfont=\"13\"><u><strong><span data-wahfont=\"13\">Diplomacia Ekonomike n\u00eb Fokusin e Politik\u00ebs s\u00eb Jashtme<\/span><\/strong><\/u><\/p>\n<p data-wahfont=\"13\">Si nj\u00eb nga prioritetet e politik\u00ebs s\u00eb jashtme, diplomacia ekonomike dhe fuqizimi i dimensionit t\u00eb saj, n\u00eb kuadrin e bashk\u00ebpunimit ekonomik me vende partnere dhe strategjike, n\u00eb sh\u00ebrbim t\u00eb zhvillimit ekonomik dhe interesave strategjike t\u00eb vendit, erdhi si nevoj\u00eb dhe k\u00ebrkes\u00eb e koh\u00ebs dhe globalizmit ekonomik n\u00eb t\u00eb cilin influenca dhe kontrolli n\u00ebp\u00ebrmjet diplomacis\u00eb ekonomie ka rritur rolin, forc\u00ebn dhe p\u00ebrfshirjen e Ministris\u00eb s\u00eb Jashtme n\u00eb t\u00ebr\u00ebsin\u00eb e dialogut t\u00eb jasht\u00ebm nd\u00ebr-shtet\u00ebror, duke shkuar p\u00ebrtej tregtis\u00eb dhe investimeve, deri n\u00eb zgjidhjen e konflikteve nd\u00ebrkomb\u00ebtare.<\/p>\n<p data-wahfont=\"13\">Me nj\u00eb agjend\u00eb gjith\u00ebp\u00ebrfshir\u00ebse, diplomacia ekonomike trajton \u00e7\u00ebshtje q\u00eb lidhen me marr\u00ebdh\u00ebniet ekonomike dhe tregtare, marr\u00ebveshjet gjith\u00ebp\u00ebrfshir\u00ebse t\u00eb bashk\u00ebpunimit ekonomik bilateral dhe multilateral, q\u00eb leht\u00ebsojn\u00eb shk\u00ebmbimet midis pal\u00ebve kontraktuese, eliminojn\u00eb divergjencat, problematikat e lindura n\u00eb marr\u00ebdh\u00ebniet shtet me shtet dhe biznes me shtet, duke tentuar adresimin e sakt\u00eb me zgjidhje m\u00eb t\u00eb mira, si dhe harmonizojn\u00eb standardet n\u00eb sektor\u00eb t\u00eb ndrysh\u00ebm ekonomik, social, mjedisor, arsimor, kulturor.<\/p>\n<p data-wahfont=\"13\">P\u00ebr realizmin e nj\u00eb politik\u00eb t\u00eb jashtme aktive, marketingu dhe pragmatiste, me fokus tek promovimi i interesave komb\u00ebtare t\u00eb vendit, nxitjes dhe t\u00ebrheqjes s\u00eb investimeve t\u00eb huaja, si dhe nevoj\u00ebs p\u00ebr autoritet zyrtar n\u00eb nd\u00ebrveprim, brenda Struktur\u00ebs s\u00eb Ministris\u00eb p\u00ebr Evrop\u00ebn dhe Pun\u00ebt e Jashtme, MEPJ, \u00ebsht\u00eb ngritur Drejtoria e Diplomacis\u00eb Ekonomike. Si nj\u00eb instrument i politik\u00ebs s\u00eb jashtme dhe si nj\u00eb nj\u00ebsi me funksion baz\u00eb t\u00eb saj nd\u00ebrveprimin, bashk\u00ebrendimin dhe bashk\u00ebpunimin me struktura brenda dhe jasht\u00eb MEPJ-s\u00eb, lidhet n\u00eb m\u00ebnyr\u00eb t\u00eb drejtp\u00ebrdrejt\u00eb me promovimin e interesave ekonomike t\u00eb vendit n\u00eb t\u00ebrheqjen e investimeve t\u00eb huaja, promovimin e vendit si destinacion turistik dhe promovimin e produkteve dhe t\u00eb sh\u00ebrbimeve \u201cMade in Albania.\u201d<\/p>\n<p style=\"text-align: center;\" data-wahfont=\"13\"><strong><a href=\"#\">Diplomacia Ekonomike<\/a><\/strong><\/p>\n<hr \/>\n<p style=\"text-align: center;\" data-wahfont=\"13\"><strong><a href=\"#\">Promovimi i Shqip\u00ebris\u00eb<\/a><\/strong><\/p>\n<hr \/>\n<p style=\"text-align: center;\" data-wahfont=\"13\"><strong><a href=\"#\">Investimet<\/a><\/strong><\/p>\n<hr \/>\n<p style=\"text-align: center;\" data-wahfont=\"13\"><strong><a href=\"#\">Bashk\u00ebpunimi dhe Marr\u00ebdh\u00ebniet ekonomiko &#8211; tregtare<\/a><\/strong><\/p>\n<hr \/>\n<p><img loading=\"lazy\" decoding=\"async\" class=\"alignleft size-medium wp-image-2785\" src=\"http:\/\/51.68.177.34\/jashtme\/wp-content\/uploads\/2023\/05\/logofooter-300x107.png\" alt=\"\" width=\"300\" height=\"107\" srcset=\"http:\/\/51.68.177.34\/jashtme\/wp-content\/uploads\/2023\/05\/logofooter-300x107.png 300w, http:\/\/51.68.177.34\/jashtme\/wp-content\/uploads\/2023\/05\/logofooter-768x275.png 768w, http:\/\/51.68.177.34\/jashtme\/wp-content\/uploads\/2023\/05\/logofooter.png 800w\" sizes=\"(max-width: 300px) 100vw, 300px\" \/><\/p>\n<p><strong>Ministria p\u00ebr Evrop\u00ebn dhe Pun\u00ebt e Jashtme<\/strong><\/p>\n<p><strong>Drejtoria e Diplomacis\u00eb Ekonomike<\/strong><br \/>\n<strong>E-mail: <a href=\"mailto:diplomacia.ekonomike@mfa.gov.al\">diplomacia.ekonomike@mfa.gov.al<\/a><\/strong><\/p>\n","protected":false},"excerpt":{"rendered":"<p>Diplomacia Ekonomike n\u00eb Fokusin e Politik\u00ebs s\u00eb Jashtme Si nj\u00eb nga prioritetet e politik\u00ebs s\u00eb jashtme, diplomacia ekonomike dhe fuqizimi i dimensionit t\u00eb saj, n\u00eb kuadrin e bashk\u00ebpunimit ekonomik me vende partnere dhe strategjike, n\u00eb sh\u00ebrbim t\u00eb zhvillimit ekonomik dhe interesave strategjike t\u00eb vendit, erdhi si nevoj\u00eb dhe k\u00ebrkes\u00eb e koh\u00ebs dhe globalizmit ekonomik n\u00eb [&hellip;]<\/p>\n","protected":false},"author":1,"featured_media":4012,"parent":0,"menu_order":0,"comment_status":"closed","ping_status":"closed","template":"","meta":{"_acf_changed":false,"footnotes":""},"class_list":["post-2822","page","type-page","status-publish","has-post-thumbnail","hentry"],"translation":{"provider":"WPGlobus","version":"2.12.2","language":"al","enabled_languages":["al","en"],"languages":{"al":{"title":true,"content":true,"excerpt":false},"en":{"title":true,"content":true,"excerpt":false}}},"acf":[],"_links":{"self":[{"href":"http:\/\/51.68.177.34\/jashtme\/wp-json\/wp\/v2\/pages\/2822"}],"collection":[{"href":"http:\/\/51.68.177.34\/jashtme\/wp-json\/wp\/v2\/pages"}],"about":[{"href":"http:\/\/51.68.177.34\/jashtme\/wp-json\/wp\/v2\/types\/page"}],"author":[{"embeddable":true,"href":"http:\/\/51.68.177.34\/jashtme\/wp-json\/wp\/v2\/users\/1"}],"replies":[{"embeddable":true,"href":"http:\/\/51.68.177.34\/jashtme\/wp-json\/wp\/v2\/comments?post=2822"}],"version-history":[{"count":17,"href":"http:\/\/51.68.177.34\/jashtme\/wp-json\/wp\/v2\/pages\/2822\/revisions"}],"predecessor-version":[{"id":46099,"href":"http:\/\/51.68.177.34\/jashtme\/wp-json\/wp\/v2\/pages\/2822\/revisions\/46099"}],"wp:featuredmedia":[{"embeddable":true,"href":"http:\/\/51.68.177.34\/jashtme\/wp-json\/wp\/v2\/media\/4012"}],"wp:attachment":[{"href":"http:\/\/51.68.177.34\/jashtme\/wp-json\/wp\/v2\/media?parent=2822"}],"curies":[{"name":"wp","href":"https:\/\/api.w.org\/{rel}","templated":true}]}}