{"id":3021,"date":"2023-05-15T14:38:24","date_gmt":"2023-05-15T14:38:24","guid":{"rendered":"http:\/\/51.68.177.34\/jashtme\/?page_id=3021"},"modified":"2023-07-24T10:01:33","modified_gmt":"2023-07-24T10:01:33","slug":"vendimet-e-miratuara-nga-keshilli-i-ministrave-mbi-vendimet-e-keshillit-te-bashkimit-evropian-per-vitin-2021-2023","status":"publish","type":"page","link":"http:\/\/51.68.177.34\/jashtme\/en\/vendimet-e-miratuara-nga-keshilli-i-ministrave-mbi-vendimet-e-keshillit-te-bashkimit-evropian-per-vitin-2021-2023\/","title":{"rendered":"Decisions Approved By The Council Of Ministers On Decisions Of The Council Of The European Union For The Year 2021-2023"},"content":{"rendered":"<h4 data-wahfont=\"13\">List of decisions approved by the Council of Ministers on the decisions of the Council of the European Union for the year 2021-2023:<\/h4>\n<ul>\n<li><strong><a href=\"https:\/\/qbz.gov.al\/eli\/vendim\/2020\/12\/30\/1128\" data-wahfont=\"13\">QBZ nr. 6, dat\u00eb 14.1.2021<\/a><\/strong><\/li>\n<li><strong><a href=\"https:\/\/qbz.gov.al\/eli\/vendim\/2021\/04\/14\/228\" data-wahfont=\"13\">QBZ nr. 61, dat\u00eb 19.4.2021<\/a><\/strong><\/li>\n<li><strong><a href=\"https:\/\/qbz.gov.al\/eli\/vendim\/2021\/05\/05\/250\" data-wahfont=\"13\">QBZ nr. 69, dat\u00eb 11.5.2021<\/a><\/strong><\/li>\n<li><strong><a href=\"https:\/\/qbz.gov.al\/eli\/vendim\/2021\/06\/02\/317\" data-wahfont=\"13\">QBZ nr. 87, dat\u00eb 7.6.2021<\/a><\/strong><\/li>\n<li><strong><a href=\"https:\/\/qbz.gov.al\/eli\/vendim\/2021\/09\/22\/528\" data-wahfont=\"13\">QBZ nr. 148, dat\u00eb 24.9.2021<\/a><\/strong><\/li>\n<li><strong><a href=\"https:\/\/qbz.gov.al\/eli\/vendim\/2021\/10\/27\/628\" data-wahfont=\"13\">QBZ nr. 168, dat\u00eb 27.10.2021 (terrorizmi)<\/a><\/strong><\/li>\n<li><strong><a href=\"https:\/\/qbz.gov.al\/eli\/vendim\/2021\/11\/03\/651\" data-wahfont=\"13\">QBZ nr.173, dat\u00eb 9.11.2021<\/a><\/strong><\/li>\n<li><strong><a href=\"https:\/\/qbz.gov.al\/eli\/vendim\/2021\/11\/18\/692\" data-wahfont=\"13\">QBZ nr. 181, dat\u00eb 23.11.2021<\/a><\/strong><\/li>\n<li><strong><a href=\"https:\/\/qbz.gov.al\/eli\/vendim\/2021\/12\/09\/752\" data-wahfont=\"13\">QBZ nr.191. dat\u00eb 13.12.2021 (terrorizmi)<\/a><\/strong><\/li>\n<li><strong><a href=\"https:\/\/qbz.gov.al\/eli\/vendim\/2021\/12\/20\/799\" data-wahfont=\"13\">QBZ nr. 198, dat\u00eb 22.12.2021<\/a><\/strong><\/li>\n<li><strong><a href=\"http:\/\/qbz.gov.al\/eli\/vendim\/2021\/12\/24\/818\" data-wahfont=\"13\">QBZ nr. 205, dat\u00eb 30.12.2021<\/a><\/strong><\/li>\n<li><strong><a href=\"https:\/\/qbz.gov.al\/eli\/vendim\/2022\/01\/13\/17\" data-wahfont=\"13\">QBZ nr. 6, dat\u00eb 19.1.2022<\/a><\/strong><\/li>\n<li><strong><a href=\"https:\/\/qbz.gov.al\/eli\/vendim\/2022\/02\/02\/66\" data-wahfont=\"13\">QBZ nr. 20, dat\u00eb 7.2.2022<\/a><\/strong><\/li>\n<li><strong><a href=\"https:\/\/qbz.gov.al\/eli\/vendim\/2022\/02\/09\/92\" data-wahfont=\"13\">QBZ nr. 25, dat\u00eb 15.2.2022<\/a><\/strong><\/li>\n<li><strong><a href=\"https:\/\/qbz.gov.al\/eli\/vendim\/2022\/03\/02\/123\/ad11d85a-795b-447e-b522-5f0aa62c8673\" data-wahfont=\"13\">QBZ nr. 123, dat\u00eb 02.03.2022<\/a><\/strong><\/li>\n<li><strong><a href=\"https:\/\/qbz.gov.al\/eli\/vendim\/2022\/03\/11\/157\" data-wahfont=\"13\">QBZ nr. 157, dat\u00eb 11.03.2022<\/a><\/strong><\/li>\n<li><strong><a href=\"https:\/\/qbz.gov.al\/eli\/vendim\/2022\/03\/18\/168\" data-wahfont=\"13\">QBZ nr. 168, dat\u00eb 18.03.2022<\/a><\/strong><\/li>\n<li><strong><a href=\"https:\/\/qbz.gov.al\/eli\/vendim\/2022\/03\/30\/187\" data-wahfont=\"13\">QBZ nr. 187, dat\u00eb 30.03.2022<\/a><\/strong><\/li>\n<li><strong><a href=\"https:\/\/qbz.gov.al\/eli\/vendim\/2022\/04\/06\/200\" data-wahfont=\"13\">QBZ nr. 200, dat\u00eb 06.04.2022<\/a><\/strong><\/li>\n<li><strong><a href=\"https:\/\/qbz.gov.al\/eli\/vendim\/2022\/04\/13\/215\" data-wahfont=\"13\">QBZ nr. 215, dat\u00eb 13.04.2022<\/a><\/strong><\/li>\n<li><strong><a href=\"http:\/\/qbz.gov.al\/eli\/vendim\/2022\/05\/11\/292\" data-wahfont=\"13\">QBZ nr.72 , dat\u00eb 13.05.2022<\/a><\/strong><\/li>\n<li><strong><a href=\"http:\/\/qbz.gov.al\/eli\/vendim\/2022\/05\/26\/341\" data-wahfont=\"13\">QBZ nr.81, dat\u00eb 31.05.2022<\/a><\/strong><\/li>\n<li><strong><a href=\"http:\/\/qbz.gov.al\/eli\/vendim\/2022\/06\/01\/373\" data-wahfont=\"13\">QBZ nr.83, dat\u00eb 02.06.2022<\/a><\/strong><\/li>\n<li><strong><a href=\"https:\/\/qbz.gov.al\/eli\/vendim\/2022\/06\/15\/413\/e99db71c-5f5c-4067-91ee-40933993a89b\" data-wahfont=\"13\">QBZ nr.92, dat\u00eb 17.06.2022<\/a><\/strong><\/li>\n<li><strong><a href=\"http:\/\/qbz.gov.al\/eli\/vendim\/2022\/06\/29\/448\" data-wahfont=\"13\">QBZ nr.97, dat\u00eb 30.06.2022<\/a><\/strong><\/li>\n<li><strong><a href=\"http:\/\/qbz.gov.al\/eli\/vendim\/2022\/07\/29\/527\" data-wahfont=\"13\">QBZ nr.111, dat\u00eb 09.08.2022<\/a><\/strong><\/li>\n<li><strong><a href=\"http:\/\/qbz.gov.al\/eli\/vendim\/2022\/09\/28\/631\" data-wahfont=\"13\">QBZ nr.131, dat\u00eb 30.09.2022<\/a><\/strong><\/li>\n<li><strong><a href=\"https:\/\/qbz.gov.al\/eli\/fz\/2022\/133\/413aaea1-b5f5-4e96-9716-1a33856c68f2\" data-wahfont=\"13\">QBZ nr.133, dat\u00eb 07.10.2022<\/a><\/strong><\/li>\n<li><strong><a href=\"https:\/\/qbz.gov.al\/eli\/fz\/2022\/139\/be3578c9-b538-49f8-a12e-5d53c891541e\" data-wahfont=\"13\">QBZ nr.139, dat\u00eb 21.10.2022<\/a><\/strong><\/li>\n<li><strong><a href=\"https:\/\/qbz.gov.al\/eli\/fz\/2022\/149\/8dd1b000-9960-4ac4-b479-15086c07b4a6\" data-wahfont=\"13\">QBZ nr.149, dat\u00eb 11.11.2022<\/a><\/strong><\/li>\n<li><strong><a href=\"https:\/\/qbz.gov.al\/eli\/fz\/2022\/154\/81b43bb7-63db-4162-a24a-b05254b23176\" data-wahfont=\"13\">QBZ nr.154, dat\u00eb 17.11.2022<\/a><\/strong><\/li>\n<li><strong><a href=\"https:\/\/qbz.gov.al\/eli\/fz\/2022\/157\/8e84ad9b-4d3e-4a8f-94e2-fb2fe7386f75\" data-wahfont=\"13\">QBZ nr.157, dat\u00eb 25.11.2022<\/a><\/strong><\/li>\n<li><strong><a href=\"https:\/\/qbz.gov.al\/eli\/fz\/2022\/172\/47e2db68-db36-4e63-8c62-368a7bcd7c1b\" data-wahfont=\"13\">QBZ nr.172, dat\u00eb 22.12.2022<\/a><\/strong><\/li>\n<li><strong><a href=\"https:\/\/qbz.gov.al\/eli\/fz\/2023\/1\/663e941c-55ab-4563-90c5-62c977782aaf\" data-wahfont=\"13\">QBZ nr.1, dat\u00eb 04.01.2023<\/a><\/strong><\/li>\n<li><strong><a href=\"https:\/\/qbz.gov.al\/eli\/fz\/2023\/5\/918ed55f-069d-4a89-934f-0f712111cc14\" data-wahfont=\"13\">QBZ nr.5, dat\u00eb 12.01.2023<\/a><\/strong><\/li>\n<li><strong><a href=\"https:\/\/qbz.gov.al\/eli\/fz\/2023\/11\/c33abdeb-ea8f-4b34-92a9-308271c4cd81\" data-wahfont=\"13\">QBZ nr.11, dat\u00eb 20.01.2023<\/a><\/strong><\/li>\n<li><strong><a href=\"http:\/\/qbz.gov.al\/eli\/vendim\/2023\/02\/22\/92\" data-wahfont=\"13\">QBZ nr.31, dat\u00eb 24.02.2023<\/a><\/strong><\/li>\n<li><strong><a href=\"https:\/\/qbz.gov.al\/eli\/fz\/2023\/44\/8c3d04f4-8d42-46fb-92dd-ee433793f029\" data-wahfont=\"13\">QBZ nr.44, dat\u00eb 17.03.2023<\/a><\/strong><\/li>\n<li><strong><a href=\"https:\/\/qbz.gov.al\/eli\/fz\/2023\/65\/37e6e76e-c8f1-4720-b6c1-1154f5883567\" data-wahfont=\"13\">QBZ nr.65, dat\u00eb 18.04.2023<\/a><\/strong><\/li>\n<li><strong><a href=\"https:\/\/qbz.gov.al\/eli\/fz\/2023\/68\/e3d5402d-791f-4a94-aea4-71ed7619e509\" data-wahfont=\"13\">QBZ nr.68, dat\u00eb 26.04.2023<\/a><\/strong><\/li>\n<li><strong><a href=\"https:\/\/qbz.gov.al\/eli\/fz\/2023\/69\/9db5cae9-31a7-4e27-95df-49f2a08b6c1b\" data-wahfont=\"13\">QBZ nr.69, dat\u00eb 28.04.2023<\/a><\/strong><\/li>\n<\/ul>\n","protected":false},"excerpt":{"rendered":"<p>List of decisions approved by the Council of Ministers on the decisions of the Council of the European Union for the year 2021-2023: QBZ nr. 6, dat\u00eb 14.1.2021 QBZ nr. 61, dat\u00eb 19.4.2021 QBZ nr. 69, dat\u00eb 11.5.2021 QBZ nr. 87, dat\u00eb 7.6.2021 QBZ nr. 148, dat\u00eb 24.9.2021 QBZ nr. 168, dat\u00eb 27.10.2021 (terrorizmi) QBZ [&hellip;]<\/p>\n","protected":false},"author":1,"featured_media":4040,"parent":0,"menu_order":0,"comment_status":"closed","ping_status":"closed","template":"","meta":{"_acf_changed":false,"footnotes":""},"class_list":["post-3021","page","type-page","status-publish","has-post-thumbnail","hentry"],"translation":{"provider":"WPGlobus","version":"2.12.2","language":"en","enabled_languages":["al","en"],"languages":{"al":{"title":true,"content":true,"excerpt":false},"en":{"title":true,"content":true,"excerpt":false}}},"acf":[],"_links":{"self":[{"href":"http:\/\/51.68.177.34\/jashtme\/en\/wp-json\/wp\/v2\/pages\/3021"}],"collection":[{"href":"http:\/\/51.68.177.34\/jashtme\/en\/wp-json\/wp\/v2\/pages"}],"about":[{"href":"http:\/\/51.68.177.34\/jashtme\/en\/wp-json\/wp\/v2\/types\/page"}],"author":[{"embeddable":true,"href":"http:\/\/51.68.177.34\/jashtme\/en\/wp-json\/wp\/v2\/users\/1"}],"replies":[{"embeddable":true,"href":"http:\/\/51.68.177.34\/jashtme\/en\/wp-json\/wp\/v2\/comments?post=3021"}],"version-history":[{"count":5,"href":"http:\/\/51.68.177.34\/jashtme\/en\/wp-json\/wp\/v2\/pages\/3021\/revisions"}],"predecessor-version":[{"id":4184,"href":"http:\/\/51.68.177.34\/jashtme\/en\/wp-json\/wp\/v2\/pages\/3021\/revisions\/4184"}],"wp:featuredmedia":[{"embeddable":true,"href":"http:\/\/51.68.177.34\/jashtme\/en\/wp-json\/wp\/v2\/media\/4040"}],"wp:attachment":[{"href":"http:\/\/51.68.177.34\/jashtme\/en\/wp-json\/wp\/v2\/media?parent=3021"}],"curies":[{"name":"wp","href":"https:\/\/api.w.org\/{rel}","templated":true}]}}